{"id":151609,"date":"2025-09-04T10:43:10","date_gmt":"2025-09-04T10:43:10","guid":{"rendered":"https:\/\/minervashop.eu\/?post_type=product&#038;p=151609"},"modified":"2026-03-09T13:46:50","modified_gmt":"2026-03-09T13:46:50","slug":"naturaalsest-kivist-ripats-hobedase-metall-aasaga","status":"publish","type":"product","link":"https:\/\/minervashop.eu\/en\/toode\/naturaalsest-kivist-ripats-hobedase-metall-aasaga\/","title":{"rendered":"Naturaalsest kivist ripats h\u00f5bedase metall aasaga"},"content":{"rendered":"<p class=\"western\" align=\"justify\"><b>Oran\u017e kaltsiit\u00a0<\/b>\u2013 integratsiooniks. Kasuta seda spirituaalse maailma m\u00f5jude toomiseks endasse. Kasuta seda paljudeks emotsioonideks, eriti r\u00f5\u00f5mu ja \u00f5nne puudumisel. Kasulik apaatia v\u00f5i loiduse puhul. Kergesti k\u00e4ttesaadav ja \u00fcldse mitte kallis kivi. Suurep\u00e4rane valik sakraalt\u0161akra tasakaalustamiseks ja meditatsiooniks. S\u00f5pruse leidmiseks ja hoidmiseks ning perekondlikuks harmooniaks.<\/p>\n<p class=\"western\" align=\"justify\"><b>KALTSIIT<\/b>\u2013 enesekindlus; suurendab oma v\u00f5imetele vastavalt enesest lugupidamist ja eneseusaldust; soodustab optimismi, sattumata ebareaalsusesse. KEHA: kiirendab seedimist ja sidekudede, veresoonte ning naha tervenemist. Kaltsiit on kasulik sooltele, kuna see m\u00f5jub positiivselt soolefloorale ja soole aktiivsusele. Kristallivesi on v\u00e4ga hea laisale soolestikule, k\u00f5hukinnisusele, k\u00f5hulahtisusele ja puhitusele. V\u00e4ldib auto-toksifikatsiooni l\u00e4bi fermentatsiooni ja lagunemise. Erinevat v\u00e4rvi kaltsiitidel on antud lisa-efekti:\u00a0<i><b>rohelisel<\/b><\/i>\u00a0on detoksifitseeriv omadus,\u00a0<i><b>kollane<\/b><\/i>\u00a0tugevdab seedimist. Kaitsev kivi, annab kehale energiat. MAAGIA: kaaslase s\u00f5ltuvust tekitavate manipulatsioonide korral annab eneskindlust ning aitab vabastada negatiivsetest m\u00f5tetest ja vabastab depressioonist,\u00a0<i><b>punane<\/b><\/i>\u00a0toetab vereringet,\u00a0<i><b>pruun<\/b><\/i>\u00a0parandab j\u00e4\u00e4kide eemaldamist. Puhastunud soolestik viib spirituaalse puhtuseni ning toetab sisemist tugevust ja stabiilsust, samuti tugevat arengut igal tasemel.\u00a0<i><b>Must<\/b><\/i><i>\u00a0kaltsiit<\/i>\u00a0\u2013 on rekordiomanik tagasikulgemises ja m\u00e4lestuste taasomandamises, nii, et mineviku saaks vabaks lasta. Toob hinge p\u00e4rast traumat v\u00f5i stressi tagasi kehasse, leevendab depressiooni ja on kasulik kaaslane pimedas hinge\u00f6\u00f6s.\u00a0<i><b>Sinine kaltsiit<\/b><\/i><b>\u00a0<\/b>\u2013 kosumis- ja l\u00f5\u00f5gastuskivi. Alandab verer\u00f5hku ja lahustab valu. Vabastab negatiivsetest emotsioonidest. Kurgut\u0161akral kasutades aitab selgust tuua suhtluses. Reguleerib vee tasakaalu.<b>\u00a0<\/b>MAAGIA<b>:\u00a0<\/b>Tervendav enda k\u00fcljes kantuna v\u00f5i panna lillade v\u00f5i siniste p\u00f5levate k\u00fc\u00fcnalde vahele. Puhastustseremoonia ajal kanna v\u00f5i kasuta sinist kaltsiiti.<\/p>\n<div class=\"product-short-description\">\n<div class=\"product-short-description\">\n<p><strong>vaata lisa\u00a0<a href=\"https:\/\/rnojomku.sendsmaily.net\/templates\/ecf3332f-9eed-4892-b19d-dca55d2a20fc\/html\/\">siit<\/a><\/strong><\/p>\n<\/div>\n<\/div>\n","protected":false},"excerpt":{"rendered":"<h4><strong>vaata lisaks\u00a0<a href=\"https:\/\/minervashop.eu\/uudised\/naturaalsete-kivide-vagi\/\">siit<\/a><\/strong><\/h4>\n<p>Mehhikost<\/p>\n<p>A kvaliteediga kivi, messingist, liimitud aas. ripats koos aasaga ca 3 x 1,5 cm<\/p>\n<p>Meekaltsiit on tuntud ka kuldse kaltsiidi nime all. Tal on tugev side p\u00e4ikesega ja selle energiaga ning seda tuntakse ka\u00a0 kivina, mis aktiveerib intuitiivse tarkuse ja soojendab s\u00fcdant. Iga kivi erineb teisest v\u00e4rvitooni ja kuju poolest, kuna on tegemist naturaalse kiviga.<\/p>\n","protected":false},"featured_media":151610,"template":"","meta":[],"product_brand":[],"product_cat":[758,661,171,265,263,166],"product_tag":[],"class_list":{"0":"post-151609","1":"product","2":"type-product","3":"status-publish","4":"has-post-thumbnail","6":"product_cat-uued-tooted","7":"product_cat-allahindlus","8":"product_cat-ceridwen","9":"product_cat-ker","10":"product_cat-rhiannon","11":"product_cat-naturaalse-kiviga-kaelaripatsid","12":"product_shipping_class-xs","14":"first","15":"instock","16":"sale","17":"taxable","18":"shipping-taxable","19":"purchasable","20":"product-type-variable"},"_links":{"self":[{"href":"https:\/\/minervashop.eu\/en\/wp-json\/wp\/v2\/product\/151609","targetHints":{"allow":["GET"]}}],"collection":[{"href":"https:\/\/minervashop.eu\/en\/wp-json\/wp\/v2\/product"}],"about":[{"href":"https:\/\/minervashop.eu\/en\/wp-json\/wp\/v2\/types\/product"}],"wp:featuredmedia":[{"embeddable":true,"href":"https:\/\/minervashop.eu\/en\/wp-json\/wp\/v2\/media\/151610"}],"wp:attachment":[{"href":"https:\/\/minervashop.eu\/en\/wp-json\/wp\/v2\/media?parent=151609"}],"wp:term":[{"taxonomy":"product_brand","embeddable":true,"href":"https:\/\/minervashop.eu\/en\/wp-json\/wp\/v2\/product_brand?post=151609"},{"taxonomy":"product_cat","embeddable":true,"href":"https:\/\/minervashop.eu\/en\/wp-json\/wp\/v2\/product_cat?post=151609"},{"taxonomy":"product_tag","embeddable":true,"href":"https:\/\/minervashop.eu\/en\/wp-json\/wp\/v2\/product_tag?post=151609"}],"curies":[{"name":"wp","href":"https:\/\/api.w.org\/{rel}","templated":true}]}}