{"id":151612,"date":"2025-09-04T10:51:21","date_gmt":"2025-09-04T10:51:21","guid":{"rendered":"https:\/\/minervashop.eu\/?post_type=product&#038;p=151612"},"modified":"2025-10-16T13:41:37","modified_gmt":"2025-10-16T13:41:37","slug":"orgoniit-roosa-kvartsiga-kuul-7-cm","status":"publish","type":"product","link":"https:\/\/minervashop.eu\/en\/toode\/orgoniit-roosa-kvartsiga-kuul-7-cm\/","title":{"rendered":"Orgoniit roosa kvartsiga kuul 7 cm"},"content":{"rendered":"<p class=\"western\" align=\"justify\"><b>ROOSA KVARTS<\/b> on pere ja kodu kaitseks, lisab enesekindlust ning vabastab s\u00fcdamevalust. Seotud emotsionaalsuse ja armastusega. Tasakaalustab tundeelu ja eemaldab stressi. Roosa kvartsi vesi on imehea lastele. Viib armastavasse seisundisse, tuletades meelde, et meid armastatakse. Hingehaavade ravitseja. \u00d5rnuse, tundlikkuse, soojuse ja s\u00f5pruse kivi. Aitab kurbuse, stressi ja pingete korral. Hea \u201eunekivi\u201c, kaitstes \u00f6iste ko\u0161maaride eest. Aitab v\u00f5idelda pimeduse-kartusega. Efektiivne kriisisituatsioonis. Suurendab empaatiat, aitab leppida muutustega. Leevendab s\u00fcdamevalu, p\u00e4\u00e4stab kurbusest, hirmust ja kurjusest, mis segavad vastu v\u00f5tta armastust. Sobib k\u00f5igile, kes ei ole j\u00f5udnud kohaneda eluga aga ole kogenud armastust. Ka neile, kellele lapsep\u00f5lves pole j\u00e4tkunud hellust ja hoolitsust. Kui suudame armastada endid, siis suudame ka armastada \u00fcmbritsevat. Ravitseb emotsionaalseid haavu ja valu, alustades kibestumuse taandamisega. Avab s\u00fcdame ilule meie sees ja \u00fcmber. Seotud s\u00f5pruse, armuloitsude, hingelise tasakaalu, \u00fcksildusest vabanemise, edukate kohtuasjade ja iseennast armastama \u00f5ppimisega. Kui amet\u00fcst on vaimule, siis roosa kvarts on s\u00fcdamele. Ta annab enesearmastust, enese heakskiitu ja enda isiklikku kasulikolemise tunnet. Suurendab igasugust armastust: enda vastu, emaarmastust, hoolimist, headust, platoonilist ja romantilist armastust. Headus: avama s\u00fcdame ja julgustama \u00f5rnusele ja rahule. \u00d5petab andestamist ja tolerantsi. Veetlus: kiirgama tingimusteta armastust ja hellust. Aitab tuua positiivset ja \u00f5rna armastust meie ellu. MAAGIA: Kui surnud s\u00f5ber v\u00f5i sugulane ei lase teil rahulikult elada, kandke kaelas roosat kvartsi. See aitab teil vabaneda s\u00fc\u00fctundest. Argadele ja h\u00e4belikele inimestele m\u00f5juvat obsidiaani reaalsuse tugevalt l\u00f5ikavat toimet aitab pehmendada aventuriin, roosa kvarts ja kr\u00fcsokolla. VAIM: tundlikkus; aitab seksuaalraskuste puhul, valgustab selgelt isiklikke vajadusi ja ootusi. KEHA: harmoniseerib s\u00fcdame t\u00f6\u00f6d, tugevdab seksuaalorganeid ja viljakust. MAAGIA: Peret\u00fclide korral pane eluruumi k\u00e4idavamatesse kohtadesse roosa kvarts, mis muudab negatiivse energia positiivseks. P\u00e4rast traumaatilist s\u00fcndmust, nt. lahkuminekut v\u00f5i f\u00fc\u00fcsilist r\u00fcnnakut, pane tassi teed tehes sinna sisse t\u00fckike roosat kvartsi, mis aitab l\u00f5\u00f5gastuda ja halba unustada. <b>T\u00e4htkuju<\/b>: <b> V\u00e4hk, Kaljukits, S\u00f5nn, Kaalud, Veevalaja<\/b><\/p>\n<div class=\"term-description\">\n<div class=\"term-description\">\n<p><strong>Ei ole midagi maagilisemat ega esoteerilisemat kui orgoniit. See on valmistatud naturaalsetest kividest, vasest, metalliosadest ja esoteerilistest esemetest sees. See on spirituaalne tervendamisvahend ja kaitseks elektromagnetilise saastuse eest. Paljud inimesed m\u00e4rkavad positiivseid emotsionaalseid m\u00e4rke orgoniit esemete l\u00e4heduses olles, tuju ja emotsioonid t\u00f5usevad, nad magavad paremini. Iga ese on k\u00e4sitsi valmistatud ja seega v\u00f5ib pisut erineda pildil olevast.<\/strong><\/p>\n<\/div>\n<\/div>\n","protected":false},"excerpt":{"rendered":"<h4><strong>vaata lisaks\u00a0<a href=\"https:\/\/minervashop.eu\/uudised\/naturaalsete-kivide-vagi\/\">siit<\/a><\/strong><\/h4>\n<p>170g<\/p>\n<p><span class=\"_fadeIn_m1hgl_8\">S\u00fcdame s\u00fcmbol esindab kiindumust, siirust ja emotsionaalset puhtust. See suurendab roosa kvartsi hinge toitvat v\u00e4ge, andes rahu ja \u00f5rna energia.<\/span><\/p>\n","protected":false},"featured_media":151613,"template":"","meta":[],"product_brand":[],"product_cat":[263,238,63,444,164,727],"product_tag":[],"class_list":{"0":"post-151612","1":"product","2":"type-product","3":"status-publish","4":"has-post-thumbnail","6":"product_cat-rhiannon","7":"product_cat-maagia-tooriistad","8":"product_cat-kallimale","9":"product_cat-erikujulised-lihvitud-kivid","10":"product_cat-orgoniit-2","11":"product_cat-sudamed","12":"product_shipping_class-s","14":"first","15":"instock","16":"taxable","17":"shipping-taxable","18":"purchasable","19":"product-type-simple"},"_links":{"self":[{"href":"https:\/\/minervashop.eu\/en\/wp-json\/wp\/v2\/product\/151612","targetHints":{"allow":["GET"]}}],"collection":[{"href":"https:\/\/minervashop.eu\/en\/wp-json\/wp\/v2\/product"}],"about":[{"href":"https:\/\/minervashop.eu\/en\/wp-json\/wp\/v2\/types\/product"}],"wp:featuredmedia":[{"embeddable":true,"href":"https:\/\/minervashop.eu\/en\/wp-json\/wp\/v2\/media\/151613"}],"wp:attachment":[{"href":"https:\/\/minervashop.eu\/en\/wp-json\/wp\/v2\/media?parent=151612"}],"wp:term":[{"taxonomy":"product_brand","embeddable":true,"href":"https:\/\/minervashop.eu\/en\/wp-json\/wp\/v2\/product_brand?post=151612"},{"taxonomy":"product_cat","embeddable":true,"href":"https:\/\/minervashop.eu\/en\/wp-json\/wp\/v2\/product_cat?post=151612"},{"taxonomy":"product_tag","embeddable":true,"href":"https:\/\/minervashop.eu\/en\/wp-json\/wp\/v2\/product_tag?post=151612"}],"curies":[{"name":"wp","href":"https:\/\/api.w.org\/{rel}","templated":true}]}}