{"id":151618,"date":"2025-09-04T10:57:39","date_gmt":"2025-09-04T10:57:39","guid":{"rendered":"https:\/\/minervashop.eu\/?post_type=product&#038;p=151618"},"modified":"2026-01-15T15:22:31","modified_gmt":"2026-01-15T15:22:31","slug":"orgoniit-ametust-kuul-seemnelillega-7cm","status":"publish","type":"product","link":"https:\/\/minervashop.eu\/en\/toode\/orgoniit-ametust-kuul-seemnelillega-7cm\/","title":{"rendered":"Orgoniit amet\u00fcst kuul seemnelillega 7cm"},"content":{"rendered":"<p data-start=\"769\" data-end=\"1176\"><span class=\"_fadeIn_m1hgl_8\">Kuldse seemnelille s\u00fcmboliga, mis koosneb 7st \u00fcksteisega seotud ringist &#8211; see muster on p\u00f5himotiiv p\u00fchast geomeetriast ja esindab ts\u00fcklilist loomist ja k\u00f5ikide vormide s\u00f5ltumatust. Kristallitervendajad peavad t\u00e4htsaks seda s\u00fcmbolit, mis v\u00f5ib\u00a0 v\u00f5imendada rahustavaid omadusi, mis juba on amet\u00fcstiga, andes rahu ja kerget energeetilist lisa.<\/span><\/p>\n<p align=\"JUSTIFY\">Oma kuju t\u00f5ttu on kuul v\u00e4ga sobiv\u00a0 kristallitervendamisel ja meditatsiooni praktikatel. Pane kodu dekoratsiooniks v\u00f5i oma t\u00f6\u00f6kohta. See tugevdab feng shuid ruumis.<\/p>\n<p align=\"JUSTIFY\">M\u00fcstiline 3D efektiga kuul kivide ja elulille s\u00fcmboliga.<\/p>\n<p>Feng Shui (h\u00e4\u00e4lda: fang shouee) on \u00fcle 3,000 aasta vana filosoofia, mis \u00f5petab keskkonna faktorite m\u00f5ju meie heaolule ja samuti negatiivse m\u00f5ju positiivseks muutmisest. Feng Shui aitab kohandada meie eluruumi ja t\u00f6\u00f6kohta meetodil, mis stimuleerib eluj\u00f5u Chi harmoonilist liikumist. Hiina filosoofia r\u00e4\u00e4gib harmooniast ja tasakaalust vastandlike j\u00f5udude\u00a0 yin ja yang vahel, n\u00e4iteks nagu mehelik ja naiselik jne.<\/p>\n<p><strong>Elulille s\u00fcmbolit esineb kunstis, k\u00e4sikirjades ja templites l\u00e4bi kultuuride \u00fcle maailma.\u00a0 Elulill on \u00fcmbritsetud m\u00fcstikaga ja usutakse, et temas on k\u00f5ige elava baasinformatsioon. See on v\u00e4ga v\u00f5imas s\u00fcmbol, mis aitab avada teadmatuse ja tunda end valgustununa.<\/strong><\/p>\n<p class=\"western\" align=\"justify\"><b>AMET\u00dcST &#8211; <\/b>Amet\u00fcsti peetakse meister-tervendajaks. Ta puhastab ja kaitseb negatiivsuse eest. Vastab s\u00fcdame t\u0161akrale. Sinakas-punane amet\u00fcst on parim spirituaalse ja s\u00fcgava sideme loomiseks elu eesm\u00e4rkide ja iseenda vahel. Amet\u00fcsti seostati veinijumal Bakchosega ja usuti, et see aitab liigse joobe vastu. Amet\u00fcst on kainuse s\u00fcmbol, sest amet\u00fcstkannu valatud vesi n\u00e4eb v\u00e4lja nagu vein, ent purju ei tee. Amet\u00fcst on alandlikkuse, meelerahu ja vagaduse ning loobumise kivi. Kaitsev ja vaimne kivi, annab meelerahu. Seostatud rahulikkuse, tasakaalu, rahu, \u00f5nne, kaitse, mediteerimise, hingelisuse\/vaimsuse, muundumise, inspiratsiooni, tervendamise, viljakuse, m\u00f5\u00f5dukuse, vooruslikkuse, kainuse, une, valvsuse, jahi, julguse, puhtuse, endeunen\u00e4gude, jumaliku armastuse, n\u00e4gemuslike \u00fclesannete, ps\u00fchholoogilise paranemise, meelte vaigistamise, v\u00f5iduga vaenlaste \u00fcle, keeleosavuse ja tunnetatavate asjade m\u00f5istmisega. Usutakse, et amet\u00fcst l\u00f6\u00f6b m\u00f5tted klaariks, teravdab m\u00f5istust, teeb asjatundjaks \u00e4rialal, summutab kirge, kaitseb s\u00f5dureid, kahandab himu alkoholi j\u00e4rele, tekitab vastikust veini ja joobnud oleku suhtes, p\u00f5rgatab tagasi \u00f5elad m\u00f5tted. Amet\u00fcstiga saab ravida s\u00f5ltuvust, kompulssiivset k\u00e4itumist, trombe, v\u00e4hkkasvajaid, madalat enesehinnangut. Amet\u00fcsti pruulised tagavad viljakuse ja v\u00e4ljutavad m\u00fcrke. Aseta arvuti l\u00e4hedale v\u00f5i arvutikasti peale amet\u00fcst- see v\u00e4hendab t\u00f5rkeid ning takistab arvutit kokku jooksmast. Amet\u00fcsti kaasas kandmine aitab \u00f5pingutel. Chevron amet\u00fcst aitab eemaldada karmalised mustrid ja tuua v\u00e4lja spirituaalset n\u00e4gemust ja intuitsiooni.<\/p>\n","protected":false},"excerpt":{"rendered":"<h4><strong>vaata lisaks\u00a0<a href=\"https:\/\/minervashop.eu\/uudised\/naturaalsete-kivide-vagi\/\">siit<\/a><\/strong><\/h4>\n<p>170g<\/p>\n<div id=\"row-1737285004\" class=\"row\">\n<div id=\"col-141032079\" class=\"col small-12 large-12\">\n<div class=\"col-inner\">\n<div class=\"woocommerce-tabs wc-tabs-wrapper container tabbed-content\">\n<div class=\"tab-panels\">\n<div id=\"tab-description\" class=\"woocommerce-Tabs-panel woocommerce-Tabs-panel--description panel entry-content active\" role=\"tabpanel\" aria-labelledby=\"tab-title-description\">\n<div class=\"term-description\">\n<p><strong>Ei ole midagi maagilisemat ega esoteerilisemat kui orgoniit. See ese on valmistatud naturaalsetest kividest, vasest, metalliosadest ja esoteerilistest esemetest sees. See on spirituaalne tervendamisvahend ja kaitseks elektromagnetilise saastuse eest. Paljud inimesed m\u00e4rkavad positiivseid emotsionaalseid m\u00e4rke orgoniit esemete l\u00e4heduses olles, tuju ja emotsioonid t\u00f5usevad, nad magavad paremini. Iga ese on k\u00e4sitsi valmistatud ja seega v\u00f5ib pisut erineda pildil olevast.<\/strong><\/p>\n<\/div>\n<\/div>\n<\/div>\n<\/div>\n<\/div>\n<\/div>\n<\/div>\n<div id=\"row-1500684115\" class=\"row\">\n<div id=\"col-945154469\" class=\"col small-12 large-12\">\n<div class=\"col-inner\">\n<div class=\"related related-products-wrapper product-section\"><\/div>\n<\/div>\n<\/div>\n<\/div>\n","protected":false},"featured_media":151619,"template":"","meta":[],"product_brand":[],"product_cat":[238,164],"product_tag":[],"class_list":{"0":"post-151618","1":"product","2":"type-product","3":"status-publish","4":"has-post-thumbnail","6":"product_cat-maagia-tooriistad","7":"product_cat-orgoniit-2","8":"product_shipping_class-s","10":"first","11":"outofstock","12":"taxable","13":"shipping-taxable","14":"purchasable","15":"product-type-simple"},"_links":{"self":[{"href":"https:\/\/minervashop.eu\/en\/wp-json\/wp\/v2\/product\/151618","targetHints":{"allow":["GET"]}}],"collection":[{"href":"https:\/\/minervashop.eu\/en\/wp-json\/wp\/v2\/product"}],"about":[{"href":"https:\/\/minervashop.eu\/en\/wp-json\/wp\/v2\/types\/product"}],"wp:featuredmedia":[{"embeddable":true,"href":"https:\/\/minervashop.eu\/en\/wp-json\/wp\/v2\/media\/151619"}],"wp:attachment":[{"href":"https:\/\/minervashop.eu\/en\/wp-json\/wp\/v2\/media?parent=151618"}],"wp:term":[{"taxonomy":"product_brand","embeddable":true,"href":"https:\/\/minervashop.eu\/en\/wp-json\/wp\/v2\/product_brand?post=151618"},{"taxonomy":"product_cat","embeddable":true,"href":"https:\/\/minervashop.eu\/en\/wp-json\/wp\/v2\/product_cat?post=151618"},{"taxonomy":"product_tag","embeddable":true,"href":"https:\/\/minervashop.eu\/en\/wp-json\/wp\/v2\/product_tag?post=151618"}],"curies":[{"name":"wp","href":"https:\/\/api.w.org\/{rel}","templated":true}]}}