{"id":151624,"date":"2025-09-04T11:11:23","date_gmt":"2025-09-04T11:11:23","guid":{"rendered":"https:\/\/minervashop.eu\/?post_type=product&#038;p=151624"},"modified":"2026-02-04T18:39:49","modified_gmt":"2026-02-04T18:39:49","slug":"orgoniit-tiigrisilma-ja-elupuuga-kuul-7-cm","status":"publish","type":"product","link":"https:\/\/minervashop.eu\/en\/toode\/orgoniit-tiigrisilma-ja-elupuuga-kuul-7-cm\/","title":{"rendered":"Orgoniit tiigrisilma ja elupuuga kuul 7 cm"},"content":{"rendered":"<p>Feng Shui (h\u00e4\u00e4lda: fang shouee) on \u00fcle 3,000 aasta vana filosoofia, mis \u00f5petab keskkonna faktorite m\u00f5ju meie heaolule ja samuti negatiivse m\u00f5ju positiivseks muutmisest. Feng Shui aitab kohandada meie eluruumi ja t\u00f6\u00f6kohta meetodil, mis stimuleerib eluj\u00f5u Chi harmoonilist liikumist. Hiina filosoofia r\u00e4\u00e4gib harmooniast ja tasakaalust vastandlike j\u00f5udude\u00a0 yin ja yang vahel, n\u00e4iteks nagu mehelik ja naiselik jne.<\/p>\n<p align=\"JUSTIFY\">Oma kuju t\u00f5ttu on kuul v\u00e4ga sobiv\u00a0 kristallitervendamisel ja meditatsiooni praktikatel. Pane kodu dekoratsiooniks v\u00f5i oma t\u00f6\u00f6kohta. See tugevdab feng shuid ruumis.<\/p>\n<p align=\"JUSTIFY\">M\u00fcstiline 3D efektiga kuul kivide ja elupuu s\u00fcmboliga.<\/p>\n<h4><strong>vaata lisaks\u00a0<a href=\"https:\/\/minervashop.eu\/uudised\/naturaalsete-kivide-vagi\/\">siit<\/a><\/strong><\/h4>\n<p>170g<\/p>\n<div id=\"row-1152547318\" class=\"row\">\n<div id=\"col-1792787063\" class=\"col small-12 large-12\">\n<div class=\"col-inner\">\n<div class=\"woocommerce-tabs wc-tabs-wrapper container tabbed-content\">\n<div class=\"tab-panels\">\n<div id=\"tab-description\" class=\"woocommerce-Tabs-panel woocommerce-Tabs-panel--description panel entry-content active\" role=\"tabpanel\" aria-labelledby=\"tab-title-description\">\n<p align=\"justify\"><strong>Elu puu e. Ilmapuu\u2013 k\u00f5ikehaarav \u00fchtekuuluvus. M\u00fcstiline ja maagiline puu, mis on tuntud h\u00e4sti l\u00e4bi mitmete kultuuride kuni iidsete aegadeni tagasi. Erinevad rassid ja religioonid kutsuvad teda erinevate nimedega, iga\u00fchel oma puu omas m\u00fctoloogias. K\u00f5igil neil on sarnane t\u00e4hendus elu allikana. See omab k\u00f5iki puu enda omadusi ja t\u00e4hendusi. K\u00f5ik puu osad on esindatud s\u00fcmboolselt: juur s\u00fcgaval maa sees, t\u00fcvi loob baasi, oksad sirutumas v\u00e4lja, lehed kogumas j\u00f5udu ja vili annab tulemuse. Elupuu esindab k\u00f5iki inimkonna ja universumi aspekte. Puud esindavad v\u00e4\u00e4rtusi, mille poole inimesed p\u00fc\u00fcdlevad: ilu, \u00fcllust, j\u00f5udu ja vastupidavust. Inimesed on Ilmapuu killud. Ilmapuu peab alluma aja ja surelikkuse ikkele, kuid varjab inimesi ja jumalaid oma kaitsva v\u00f5raga. Kuigi puud ei saa liikuda, teevad nende tugevus, sirgus, aastaaegade vaheldumises osalemine, pikaealisus ja l\u00f5puks surm haiguse, tule v\u00f5i raiduri kirve l\u00e4bi neist v\u00f5imsa inimelu metafoori. Elupuu esindab k\u00f5iki 4 elementi, maa, \u00f5hk, tuli, vesi. K\u00f5ikide nende \u00fchendusena on loodud eluandev elupuu v\u00e4gi.\u00a0Elupuu mitmetes erinevates religioonides ja spirituaalsetes traditsioonides on v\u00f5imas s\u00fcmbol, mis on eksisteerinud sajandeid erinevates maailma traditsioonides.\u00a0Elupuu iidses Iraanis\u00a0on seotud elu, tervendamise ja igavikuga. Ta esineb taimede kaitsjana, puude ja surematuse jumalannana.\u00a0<span lang=\"en-GB\">Elupuu budismis<\/span><span lang=\"en-GB\">\u00a0\u2013 vastavalt budismi traditsioonile on Bodhi puu, v\u00f5i Bo puu<\/span>\u00a0(<em>Ficus religiosa<\/em>),\u00a0mille all prints\u00a0Siddharta\u00a0istus, kui ta valgustatuks sai\u00a0ca\u00a02.500\u00a0aastat tagasi\u00a0Bodh Gayas, Indias,\u00a0ja seega sai ta\u00a0Buddhaks\u00a0(\u00c4rganuks).\u00a0Elupuu Hiinas\u00a0\u2013 elupuu graveeringuna sageli kujutab f\u00f6\u00f6niksit ja draakonit, kus draakon esindab surematust. Tao ajalugu r\u00e4\u00e4gib puust, kes kasvatab surematuse vilju iga\u00a03000 aasta tagant ja iga\u00fcks, kes seda vilja s\u00f6\u00f6b, saab surematuse.\u00a0Elupuu Euroopas\u00a0\u2013 kuulus kirjanik ja alkeemik 18ndal sajandil,\u00a0Antoine-Joseph Pernety,\u00a0seostas elupuu Elueliksiiriga ja Filosoofi kiviga.l\u00a0Elupuu Saksamaa paganismis ja Norra m\u00fctolooogias \u2013\u00a0Saksamaa paganismis m\u00e4ngivad puud t\u00e4htsat rolli, ilmudes erinevates aspektides s\u00e4ilinud tekstides ja isegi jumalate nimedes. Elupuu Norra religioonis ilmneb Ygdrasilina, maailmapuuna, mis ulatub 9sse maailma, hoides kolme maagilist elu l\u00e4tet. \u2013 tarkuse ja teadmiste allikat, minevikku ja kosmost, maailmaruumi.\u00a0Elupuu Islamis\u00a0m\u00e4ngib samuti t\u00e4htsat rolli.\u00a0Selle puu all\u00a0Maria \u2013 Allahi j\u00e4rgi\u00a0\u2013\u00a0s\u00fcnnitas\u00a0Jeesuse.\u00a0Oliivipuu kohta kirjutatakse: \u201cTa n\u00e4itas puhast j\u00f5ge eluveega, puhast, nagu kristall, mis algab Jumala troonist.\u00a0Tee keskel ja j\u00f5est teisel pool kasvab elu puu, mis annab 12 korvi vilju iga kuu. Ja selle puu lehed ravivad inimesi.\u201c\u00a0Keskameerika elupuu\u00a0\u2013 Maiade kultuuris keskne maailma puu on\u00a0ceiba\u00a0puu.\u00a0See esindab axis mundi-t,\u00a0stabiilset maailma keset.\u00a0*Judaismi elupuu*\u00a0\u2013\u00a0seda minitakse\u00a0Genesis-e raamatus. K\u00f5ige tuntum puu Eedeni aias on tuntud kui hea ja kurja tundmise puu, millelt\u00a0Aadam\u00a0ja\u00a0Eva s\u00f5id vilja ja seet\u00f5ttu visati v\u00e4lja paradiisist. Judaismis peetakse seda nii elupuuks kui ka hingepuuks. See puu toodab hingi ja seet\u00f5ttu ka elu ise.\u00a0Elupuu p\u00f5lisameeriklastele \u2013\u00a0elupuu motiivi on palju kujundatud nende traditsioonides,\u00a0v\u00e4ljendudes\u00a0Ojibway\u00a0seosena.\u00a0Elupuu esindab k\u00f5ike elavat sellel planeedil ja universumis. See on elur\u00fctm, p\u00e4ev p\u00e4eva j\u00e4rel, aasta aasta j\u00e4rel, elu elu j\u00e4rel. P\u00f5lisameeriklased on k\u00f5rgelt hinnanud k\u00f5ike elavat ja nad on meistrid tasakaalu hoidmisel nende vajadustel ja sellel, mida loodus toodab.\u00a0<\/strong><strong>vaata lisaks\u00a0<a href=\"https:\/\/rnojomku.sendsmaily.net\/templates\/fa8c9798-4982-4a6f-92ae-1bb24ff3661e\/html\/\">siit<\/a><\/strong><\/p>\n<\/div>\n<\/div>\n<\/div>\n<\/div>\n<\/div>\n<\/div>\n<p class=\"western\" align=\"justify\"><b>TIIGRISILM<\/b> \u2013 Kaitsev kivi talismanina. Kui soovid oma ellu muutusi, on see kivi sobilik. Toob tasakaalu ja j\u00f5udu, et tulla l\u00e4bi raskuste. Tasakaalustab blokeeritud energiaid, tuues enesekindlust ja sisemist rahu. Suurendab praktilist taju. Abistab oma annete ja v\u00f5imete \u00e4ratundmisel. Annab emotsionaalsele kehale energiat. Leevendab depressiooni. Kergendab kahtlusi ja aitab teha otsuseid. Aitab olla praktiline. Kui tunned end n\u00e4rvilise, erutunud, hirmul olevana, on see kivi abiks. M\u00f5tle tiigri omadustele \u2013 rahulik, fokusseeritud, otsusekindel, valvas, t\u00e4iusliku ajastusega ja aeglase ning hoolika tegutsemisega. Tugevdab usku endasse ja annab julgust kasutada eesolevaid v\u00f5imalusi parimal moel. V\u00e4ga tugev kivi! <i>Raha<\/i>: See kivi sobib h\u00e4sti maistele inimestele. Stimuleerib varakust ja j\u00f5ukust ning s\u00e4ilitab stabiilsust selle hoidmiseks. Loob kaoses korra. Harmoonia. Seostatakse korraliku v\u00f5imu, julguse ja graatsiaga ning selge, illusioonideta n\u00e4gemusega. Aitab olla p\u00fc\u00fcdlikum ja fokusseeritum oma tegevusele. Parandab m\u00e4lu ja t\u00e4helepanu hulka, seega sobib lastele, kel on probleeme \u00f5ppimisega. Kontsentreerumis-raskustega lastel soovitav kanda koolis kaasas. Isiksush\u00e4irete tervendamiseks. <i>Maandamine<\/i>: Kerglased, kergesti k\u00f5rvalekalduvad v\u00f5i maniakaal-depressiivsed, ebak\u00fcpsed, emotsionaalses n\u00f5iakatlas olevad inimesed, edasil\u00fckkajad, (need, kes vajavad \u00fcliv\u00e4ga maandamist) vajavad seda kivi maandamiseks. Toob rahu ja selgust, muutmata sind elutuks ja igavlevaks. Aitab arendada ps\u00fc\u00fchhilist arengut. KEHA: tervendab silmi. Ravitseb kurku ja suguorganeid. Murtud luude parandamiseks. Kanda l\u00fchikesi perioode paremal k\u00e4sivarrel v\u00f5i ripatsina. Pange kehale tervendamist vajavale kohale. Vaimseks maandamiseks p\u00e4ikesep\u00f5imiku t\u0161akrale. <b>T\u00e4htkujud<\/b>: Neitsi, L\u00f5vi,Ambur, Skorpion, Kaksikud<\/p>\n","protected":false},"excerpt":{"rendered":"<p><strong>Ei ole midagi maagilisemat ega esoteerilisemat kui orgoniit. See ese on valmistatud naturaalsetest kividest, vasest, metalliosadest ja esoteerilistest esemetest sees. See on spirituaalne tervendamisvahend ja kaitseks elektromagnetilise saastuse eest. Paljud inimesed m\u00e4rkavad positiivseid emotsionaalseid m\u00e4rke orgoniit esemete l\u00e4heduses olles, tuju ja emotsioonid t\u00f5usevad, nad magavad paremini. Iga ese on k\u00e4sitsi valmistatud ja seega v\u00f5ib pisut erineda pildil olevast.<\/strong><\/p>\n","protected":false},"featured_media":151626,"template":"","meta":[],"product_brand":[],"product_cat":[266,265,639,238,164],"product_tag":[],"class_list":{"0":"post-151624","1":"product","2":"type-product","3":"status-publish","4":"has-post-thumbnail","6":"product_cat-banbha","7":"product_cat-ker","8":"product_cat-elupuu-e-ilmapuu","9":"product_cat-maagia-tooriistad","10":"product_cat-orgoniit-2","11":"product_shipping_class-s","13":"first","14":"outofstock","15":"taxable","16":"shipping-taxable","17":"purchasable","18":"product-type-simple"},"_links":{"self":[{"href":"https:\/\/minervashop.eu\/en\/wp-json\/wp\/v2\/product\/151624","targetHints":{"allow":["GET"]}}],"collection":[{"href":"https:\/\/minervashop.eu\/en\/wp-json\/wp\/v2\/product"}],"about":[{"href":"https:\/\/minervashop.eu\/en\/wp-json\/wp\/v2\/types\/product"}],"wp:featuredmedia":[{"embeddable":true,"href":"https:\/\/minervashop.eu\/en\/wp-json\/wp\/v2\/media\/151626"}],"wp:attachment":[{"href":"https:\/\/minervashop.eu\/en\/wp-json\/wp\/v2\/media?parent=151624"}],"wp:term":[{"taxonomy":"product_brand","embeddable":true,"href":"https:\/\/minervashop.eu\/en\/wp-json\/wp\/v2\/product_brand?post=151624"},{"taxonomy":"product_cat","embeddable":true,"href":"https:\/\/minervashop.eu\/en\/wp-json\/wp\/v2\/product_cat?post=151624"},{"taxonomy":"product_tag","embeddable":true,"href":"https:\/\/minervashop.eu\/en\/wp-json\/wp\/v2\/product_tag?post=151624"}],"curies":[{"name":"wp","href":"https:\/\/api.w.org\/{rel}","templated":true}]}}