{"id":151642,"date":"2025-09-04T11:44:35","date_gmt":"2025-09-04T11:44:35","guid":{"rendered":"https:\/\/minervashop.eu\/?post_type=product&#038;p=151642"},"modified":"2026-01-29T15:51:58","modified_gmt":"2026-01-29T15:51:58","slug":"yogi-yogini-incense-angels-20g","status":"publish","type":"product","link":"https:\/\/minervashop.eu\/en\/toode\/yogi-yogini-incense-angels-20g\/","title":{"rendered":"Yogi &#038; Yogini Incense Angels 20g"},"content":{"rendered":"<p><strong>Angel Michael<\/strong><br \/>\nl\u00f5hn: Frankincense.<br \/>\nKaitse. Ma avan oma suured tiivad Sinu \u00fcmber, et saaksid l\u00e4bi elu liikuda kindla teadmisega kaitstusest. Sa oled alati hoitud ja kaitstud.<\/p>\n<p><strong>Angel Gabriel<\/strong><br \/>\nl\u00f5hn: Benzoin.<br \/>\nMa toon selgust, vabadust ja lootust. Tunne oma hinge kergust ja jumalikkuse k\u00f5iksust.<\/p>\n<div class=\"product-short-description\">\n<p><strong>vaata lisaks\u00a0<a href=\"https:\/\/minervashop.eu\/uudised\/ruumide-lohnastamine\/\">siit<\/a><\/strong><\/p>\n<\/div>\n","protected":false},"excerpt":{"rendered":"<p>Need viirukid toovad rahu ja siirust,\u00a0 sest need on valmistatud rahuliku meelega. k\u00f5rgeima kvaliteediga toormest..<\/p>\n<p>Naturaalsed Yogi &amp; Yogini viirukid on valmistatud koost;;s grupi perekondadega Indias, mis toodab parimaid viirukeid v\u00e4rske ja puhta aroomiga. K\u00e4sitsi valmistatud. Iga pird on ca 1.6-1.8 g ja p\u00f5leb ca 60-80 minutit. Pakis 10 pirdu<\/p>\n","protected":false},"featured_media":151645,"template":"","meta":[],"product_brand":[],"product_cat":[81,261,620],"product_tag":[],"class_list":{"0":"post-151642","1":"product","2":"type-product","3":"status-publish","4":"has-post-thumbnail","6":"product_cat-viirukid","7":"product_cat-brigitta","8":"product_cat-inglid-2","9":"product_shipping_class-xs","11":"first","12":"instock","13":"taxable","14":"shipping-taxable","15":"purchasable","16":"product-type-variable"},"_links":{"self":[{"href":"https:\/\/minervashop.eu\/en\/wp-json\/wp\/v2\/product\/151642","targetHints":{"allow":["GET"]}}],"collection":[{"href":"https:\/\/minervashop.eu\/en\/wp-json\/wp\/v2\/product"}],"about":[{"href":"https:\/\/minervashop.eu\/en\/wp-json\/wp\/v2\/types\/product"}],"wp:featuredmedia":[{"embeddable":true,"href":"https:\/\/minervashop.eu\/en\/wp-json\/wp\/v2\/media\/151645"}],"wp:attachment":[{"href":"https:\/\/minervashop.eu\/en\/wp-json\/wp\/v2\/media?parent=151642"}],"wp:term":[{"taxonomy":"product_brand","embeddable":true,"href":"https:\/\/minervashop.eu\/en\/wp-json\/wp\/v2\/product_brand?post=151642"},{"taxonomy":"product_cat","embeddable":true,"href":"https:\/\/minervashop.eu\/en\/wp-json\/wp\/v2\/product_cat?post=151642"},{"taxonomy":"product_tag","embeddable":true,"href":"https:\/\/minervashop.eu\/en\/wp-json\/wp\/v2\/product_tag?post=151642"}],"curies":[{"name":"wp","href":"https:\/\/api.w.org\/{rel}","templated":true}]}}