{"id":151652,"date":"2025-09-04T11:58:58","date_gmt":"2025-09-04T11:58:58","guid":{"rendered":"https:\/\/minervashop.eu\/?post_type=product&#038;p=151652"},"modified":"2026-01-05T15:33:39","modified_gmt":"2026-01-05T15:33:39","slug":"viirukid-yoga-om-10-tk","status":"publish","type":"product","link":"https:\/\/minervashop.eu\/en\/toode\/viirukid-yoga-om-10-tk\/","title":{"rendered":"Viirukid Yoga OM 10 tk."},"content":{"rendered":"<p>Valmistatud puhastest koostisainetest ja \u00f5rna aroomiga. Need viirukid on v\u00e4ga hinnatud, kuna neid p\u00f5letades tunned rahu ja siirust. Need on ausa kaubanduse toodang. Valminud paljude perekondade koost\u00f6\u00f6s\u00a0 L\u00f5una-Indias.<\/p>\n<p>K\u00e4sitsi valmistatud Premium klassi viirukid.<\/p>\n<p>koostis: 100% naturaalsed koostisained ja \u00f5lid<br \/>\n10 pirdu pakis, p\u00f5leb 20 minutit<\/p>\n<p>&nbsp;<\/p>\n","protected":false},"excerpt":{"rendered":"<p><strong>vaata lisaks\u00a0<a href=\"https:\/\/rnojomku.sendsmaily.net\/templates\/103ba3cb-4ecc-4af3-8cbb-7da51985e907\/html\/\">siit<\/a><\/strong><\/p>\n<p>Viirukid, mis sobivad jooga praktiseerijatele ja mediteerijatele ja neile, kes ei lepi v\u00e4hemaga kui India viirukid.<\/p>\n","protected":false},"featured_media":151653,"template":"","meta":[],"product_brand":[],"product_cat":[81],"product_tag":[],"class_list":{"0":"post-151652","1":"product","2":"type-product","3":"status-publish","4":"has-post-thumbnail","6":"product_cat-viirukid","7":"product_shipping_class-xs","9":"first","10":"instock","11":"taxable","12":"shipping-taxable","13":"purchasable","14":"product-type-simple"},"_links":{"self":[{"href":"https:\/\/minervashop.eu\/en\/wp-json\/wp\/v2\/product\/151652","targetHints":{"allow":["GET"]}}],"collection":[{"href":"https:\/\/minervashop.eu\/en\/wp-json\/wp\/v2\/product"}],"about":[{"href":"https:\/\/minervashop.eu\/en\/wp-json\/wp\/v2\/types\/product"}],"wp:featuredmedia":[{"embeddable":true,"href":"https:\/\/minervashop.eu\/en\/wp-json\/wp\/v2\/media\/151653"}],"wp:attachment":[{"href":"https:\/\/minervashop.eu\/en\/wp-json\/wp\/v2\/media?parent=151652"}],"wp:term":[{"taxonomy":"product_brand","embeddable":true,"href":"https:\/\/minervashop.eu\/en\/wp-json\/wp\/v2\/product_brand?post=151652"},{"taxonomy":"product_cat","embeddable":true,"href":"https:\/\/minervashop.eu\/en\/wp-json\/wp\/v2\/product_cat?post=151652"},{"taxonomy":"product_tag","embeddable":true,"href":"https:\/\/minervashop.eu\/en\/wp-json\/wp\/v2\/product_tag?post=151652"}],"curies":[{"name":"wp","href":"https:\/\/api.w.org\/{rel}","templated":true}]}}