{"id":151663,"date":"2025-09-04T12:29:42","date_gmt":"2025-09-04T12:29:42","guid":{"rendered":"https:\/\/minervashop.eu\/?post_type=product&#038;p=151663"},"modified":"2025-11-29T10:50:39","modified_gmt":"2025-11-29T10:50:39","slug":"kadakas-taimepunt","status":"publish","type":"product","link":"https:\/\/minervashop.eu\/en\/toode\/kadakas-taimepunt\/","title":{"rendered":"Kadakas taimepunt"},"content":{"rendered":"<p><strong>Kuivatatud taimepunte kasutatakse aurade puhastamiseks, n\u00e4iteks enne meditatsiooni v\u00f5i palvet, samuti kehaterapeutide poolt enne teraapia seanssi. Kasutatakse ka vaimumaailmaga \u00fchendusse astumiseks v\u00f5i intuitsiooni tugevdamiseks. Taimede p\u00f5letamine t\u00f5stab tuju ja seega on hea vahend stressi vastu.<\/strong><\/p>\n<p><strong>kasulikkus: <\/strong>Kadaks (Juniperus Communis) on k\u00f5rgelt hinnatud omaduse poolest \u00e4ratada vaimu ja viia eemale negatiivsed m\u00f5tted Samuti aitab ta\u00a0 \u00fchenduda oma intuitsiooniga. See on parim kaitse spirituaalseks energiaks ning siiruse ja harmoonia toojaks hinge.<\/p>\n","protected":false},"excerpt":{"rendered":"<p><strong>vaata lisaks\u00a0<a href=\"https:\/\/rnojomku.sendsmaily.net\/templates\/103ba3cb-4ecc-4af3-8cbb-7da51985e907\/html\/\">siit<\/a><\/strong><\/p>\n<p>100% naturaalne kadaka taimepunt, mitte-toksiline, k\u00e4sitsi valmistatud Mehhikos. Selle taimne l\u00f5hn tsitruselise alatooniga on see, mida sa vajad oma p\u00e4eva alustamiseks t\u00e4is positiivset vaibi.<\/p>\n<p>10 cm<\/p>\n","protected":false},"featured_media":151664,"template":"","meta":[],"product_brand":[],"product_cat":[306],"product_tag":[],"class_list":{"0":"post-151663","1":"product","2":"type-product","3":"status-publish","4":"has-post-thumbnail","6":"product_cat-taimed-vaigud-ja-puit","7":"product_shipping_class-xs","9":"first","10":"outofstock","11":"taxable","12":"shipping-taxable","13":"purchasable","14":"product-type-simple"},"_links":{"self":[{"href":"https:\/\/minervashop.eu\/en\/wp-json\/wp\/v2\/product\/151663","targetHints":{"allow":["GET"]}}],"collection":[{"href":"https:\/\/minervashop.eu\/en\/wp-json\/wp\/v2\/product"}],"about":[{"href":"https:\/\/minervashop.eu\/en\/wp-json\/wp\/v2\/types\/product"}],"wp:featuredmedia":[{"embeddable":true,"href":"https:\/\/minervashop.eu\/en\/wp-json\/wp\/v2\/media\/151664"}],"wp:attachment":[{"href":"https:\/\/minervashop.eu\/en\/wp-json\/wp\/v2\/media?parent=151663"}],"wp:term":[{"taxonomy":"product_brand","embeddable":true,"href":"https:\/\/minervashop.eu\/en\/wp-json\/wp\/v2\/product_brand?post=151663"},{"taxonomy":"product_cat","embeddable":true,"href":"https:\/\/minervashop.eu\/en\/wp-json\/wp\/v2\/product_cat?post=151663"},{"taxonomy":"product_tag","embeddable":true,"href":"https:\/\/minervashop.eu\/en\/wp-json\/wp\/v2\/product_tag?post=151663"}],"curies":[{"name":"wp","href":"https:\/\/api.w.org\/{rel}","templated":true}]}}