{"id":151681,"date":"2025-09-04T12:48:43","date_gmt":"2025-09-04T12:48:43","guid":{"rendered":"https:\/\/minervashop.eu\/?post_type=product&#038;p=151681"},"modified":"2026-03-07T10:23:58","modified_gmt":"2026-03-07T10:23:58","slug":"ayurveda-viirukite-komplekt-koos-alusega","status":"publish","type":"product","link":"https:\/\/minervashop.eu\/en\/toode\/ayurveda-viirukite-komplekt-koos-alusega\/","title":{"rendered":"Ayurveda Viirukite komplekt koos alusega"},"content":{"rendered":"<p><em>NB! need viirukid v\u00f5ivad vabastada aeg-ajalt eeterlike \u00f5lide j\u00e4lgi ja moodustada pakis kondenseerimist. See on normaalne ja\u00a0 ei m\u00f5juta toote funktsiooni. <\/em><\/p>\n<p><em><strong>Kapha dosha<\/strong><br \/>\nSee valitseb kehaehitust ja selle printsiip on on keha rakkusid koos hoida ja moodustada lihaseid, rasva,\u00a0 luid ja k\u00f5\u00f5luseid. Iseloomustus &#8211;\u00a0 tugev ja suurep\u00e4rane kehaehitus, loomult rahulik, m\u00f5tlik ja armastav.<\/em><\/p>\n<p><strong>Pitta dosha<\/strong><br \/>\nPitta dosha kontrollib seedimist, metabolismi, ja energia tootmist. Iseloomulik on keevaline v\u00e4ljenduslik loomus nii kehas kui meeleseisundis.<\/p>\n<p><strong>Vata dosha<\/strong><br \/>\nVata kontrollib keha liikumist ja n\u00e4rvis\u00fcsteemi aktiivsust. Iseloomustus &#8211;\u00a0 alati liikumises,\u00a0 energiline ja loomingulise meelega, elav ja entusiastlik, saleda kehaga.<\/p>\n<p><b>pakis &#8211; <\/b>k\u00e4sitsi valmistatud pirrud, \u00b125 g<br \/>\n10 koonust<br \/>\n1 keraamiline hoidik<\/p>\n<p>koostis &#8211; Cedrus Deodara (seeder) pulber, Litsea Glutinosa (Joss) pulber, Guar Gum, Boswellia Carterii (Frankincense) pulber, Bambusa Vulgaris (bambus) pulk, Parfum (l\u00f5hn) &amp; eeterlikud \u00f5lid<\/p>\n<p>\u00c4ra j\u00e4ta kunagi p\u00f5levat viirukit j\u00e4relevalveta. Hoia eemal kangastest ja s\u00fcttivatest materjalidest. Kasuta tulekindlat alust. Hoia eemale lastest ja lemmikloomadest. Ventileeri ruum. V\u00e4ldi otsest suitsu sisse hingamist.<\/p>\n<div class=\"prod-desc-container expandable expanded\">\n<div class=\"prod-desc-wrapper\">\n<div class=\"product-long-description\">\n<p>Ayurveda avastati n\u00e4gijate poolt Indias tuhandeid aastaid tagasi. See on teadus pikaealisusest, mis toob head tervist, loomulikku ilu ja pikka iga. Tervis s\u00e4ilitatakse\u00a0 kolme Dosha energia abil, mida tuntakse kui Vata, Pitta ja Kapha.<\/p>\n<\/div>\n<\/div>\n<\/div>\n","protected":false},"excerpt":{"rendered":"<p>Ayurveda viirukite komplekt pirdude, koonuste ja alusega p\u00f5letamiseks. Hoolikalt loodud komplekt, mis harmoniseerib ps\u00fchho-f\u00fc\u00fcsilist olekut ja stimuleerib eluj\u00f5u voolu, pranat.\u00a0 Valmistatud taimede, vaikude ja aromaatsete essentside ning teiste\u00a0 naturaalsete elementide segust, mida traditsiooniliselt kasutatakse Ajurveda meditsiinis<\/p>\n","protected":false},"featured_media":151682,"template":"","meta":[],"product_brand":[],"product_cat":[397,42,81],"product_tag":[],"class_list":{"0":"post-151681","1":"product","2":"type-product","3":"status-publish","4":"has-post-thumbnail","6":"product_cat-lohnakoonused","7":"product_cat-viirukialused","8":"product_cat-viirukid","9":"product_shipping_class-xs","11":"first","12":"instock","13":"taxable","14":"shipping-taxable","15":"purchasable","16":"product-type-variable"},"_links":{"self":[{"href":"https:\/\/minervashop.eu\/en\/wp-json\/wp\/v2\/product\/151681","targetHints":{"allow":["GET"]}}],"collection":[{"href":"https:\/\/minervashop.eu\/en\/wp-json\/wp\/v2\/product"}],"about":[{"href":"https:\/\/minervashop.eu\/en\/wp-json\/wp\/v2\/types\/product"}],"wp:featuredmedia":[{"embeddable":true,"href":"https:\/\/minervashop.eu\/en\/wp-json\/wp\/v2\/media\/151682"}],"wp:attachment":[{"href":"https:\/\/minervashop.eu\/en\/wp-json\/wp\/v2\/media?parent=151681"}],"wp:term":[{"taxonomy":"product_brand","embeddable":true,"href":"https:\/\/minervashop.eu\/en\/wp-json\/wp\/v2\/product_brand?post=151681"},{"taxonomy":"product_cat","embeddable":true,"href":"https:\/\/minervashop.eu\/en\/wp-json\/wp\/v2\/product_cat?post=151681"},{"taxonomy":"product_tag","embeddable":true,"href":"https:\/\/minervashop.eu\/en\/wp-json\/wp\/v2\/product_tag?post=151681"}],"curies":[{"name":"wp","href":"https:\/\/api.w.org\/{rel}","templated":true}]}}