{"id":151784,"date":"2025-09-05T10:53:21","date_gmt":"2025-09-05T10:53:21","guid":{"rendered":"https:\/\/minervashop.eu\/?post_type=product&#038;p=151784"},"modified":"2025-10-29T12:40:44","modified_gmt":"2025-10-29T12:40:44","slug":"najel-skin-hair-care-jojoba-oil-organic-80-ml","status":"publish","type":"product","link":"https:\/\/minervashop.eu\/en\/toode\/najel-skin-hair-care-jojoba-oil-organic-80-ml\/","title":{"rendered":"Najel skin &#038; hair care jojoba oil organic 80 ml"},"content":{"rendered":"<p>See \u00f5li v\u00e4ga soovituslik meigi eemaldajaks ja massaa\u017eiks ning sageli kasutatakse seda ka baas\u00f5lina. Soovitatav ka juuste hoolduseks, taastades tuhmid ja kahjustunud juuksed. Saadud unikaalse k\u00fclmpressi meetodi l\u00e4bi jojoba seemnetest k\u00f5rbes kasvanud p\u00f5\u00f5sastelt\u00a0 L\u00f5una-Ameerikas ning tuntakse metsiku p\u00e4hklipuuna.<\/p>\n<p><strong>koostis<\/strong><br \/>\nSIMMONDSIA CHINENSIS (JOJOBA) seemne \u00f5li *<br \/>\n* 100% koostisest on toodetud orgaaniliselt.<\/p>\n<p><b>kasutamine <\/b><\/p>\n<p><u>n\u00e4gu:<\/u> Jojoba \u00f5li kasutatakse lahjendamata p\u00e4evaseks ja \u00f6iseks n\u00e4o ja kaela hoolduseks\u00a0 Seda saab kasutada ka meigieemaldusvahendina. Kanna vatipadjale v\u00f5i otse nahale ja masseeri naha sisse \u00f5rnade ringjate liigutustega.<br \/>\n<u>keha:<\/u> kasuta kaitsva \u00f5lina p\u00e4rast vanni v\u00f5i du\u0161\u0161i v\u00f5tmist, et nahka toita.<br \/>\njuuksed: kasuta juuksemaskina juuste toitmiseks ja elustamiseks. Masseeri \u00f5li peanahale, et kiirendada juuste kasvu ja v\u00e4hendada juuste v\u00e4ljalangemist. Hoia ca 5-10 minutit ja seej\u00e4rel pese juuksed \u0161ampoonioga.<\/p>\n<p>100% naturaalne ja sertifitseeritud orgaaniline toode &#8211; COSMOS-ECOCERT<br \/>\nstruktuur: katsudes kuiv, imendub kiiresti.<br \/>\nsobib igap\u00e4evaseks kasutamiseks n\u00e4ole, kehale ja juustele ning massaa\u017eiks ja meigi eemaldamiseks.<br \/>\npakend: tumepruun pudel pump-korgiga<\/p>\n","protected":false},"excerpt":{"rendered":"<p>Najel orgaaniline\u00a0 jojoba \u00f5li tasakaalustab ja reguleerib rasu liikumist rasuse naha puhul. See \u00f5li imendub koheselt naha sisse, j\u00e4tmata j\u00e4rgi \u00f5li j\u00e4\u00e4ke. Jojoba \u00f5li tuntakse ka tema toitva omaduse poolest, tugevdades naha h\u00fcdrolipiidkihti, et tugevdada naha elastsust ja \u00a0vetruvust. Kaitseb ja taastab nahka ning annab\u00a0 vananemisvastase efekti.<\/p>\n","protected":false},"featured_media":151785,"template":"","meta":[],"product_brand":[],"product_cat":[228,512,438,433,230],"product_tag":[],"class_list":{"0":"post-151784","1":"product","2":"type-product","3":"status-publish","4":"has-post-thumbnail","6":"product_cat-baasolid","7":"product_cat-juuste-hoolduseks","8":"product_cat-kate-hooldus","9":"product_cat-kehale","10":"product_cat-naole","11":"product_shipping_class-s","13":"first","14":"outofstock","15":"taxable","16":"shipping-taxable","17":"purchasable","18":"product-type-simple"},"_links":{"self":[{"href":"https:\/\/minervashop.eu\/en\/wp-json\/wp\/v2\/product\/151784","targetHints":{"allow":["GET"]}}],"collection":[{"href":"https:\/\/minervashop.eu\/en\/wp-json\/wp\/v2\/product"}],"about":[{"href":"https:\/\/minervashop.eu\/en\/wp-json\/wp\/v2\/types\/product"}],"wp:featuredmedia":[{"embeddable":true,"href":"https:\/\/minervashop.eu\/en\/wp-json\/wp\/v2\/media\/151785"}],"wp:attachment":[{"href":"https:\/\/minervashop.eu\/en\/wp-json\/wp\/v2\/media?parent=151784"}],"wp:term":[{"taxonomy":"product_brand","embeddable":true,"href":"https:\/\/minervashop.eu\/en\/wp-json\/wp\/v2\/product_brand?post=151784"},{"taxonomy":"product_cat","embeddable":true,"href":"https:\/\/minervashop.eu\/en\/wp-json\/wp\/v2\/product_cat?post=151784"},{"taxonomy":"product_tag","embeddable":true,"href":"https:\/\/minervashop.eu\/en\/wp-json\/wp\/v2\/product_tag?post=151784"}],"curies":[{"name":"wp","href":"https:\/\/api.w.org\/{rel}","templated":true}]}}