{"id":151788,"date":"2025-09-05T11:28:23","date_gmt":"2025-09-05T11:28:23","guid":{"rendered":"https:\/\/minervashop.eu\/?post_type=product&#038;p=151788"},"modified":"2026-01-06T08:44:01","modified_gmt":"2026-01-06T08:44:01","slug":"bathroom-cleaning-spray-lime-500-ml","status":"publish","type":"product","link":"https:\/\/minervashop.eu\/en\/toode\/bathroom-cleaning-spray-lime-500-ml\/","title":{"rendered":"Bathroom cleaning spray Lime 500 ml"},"content":{"rendered":"<p>Lahustab suurep\u00e4raselt tihke sette ja seebi ladestused. Naturaalse laimi eeterliku \u00f5liga l\u00f5hnastatud. 100% koostisainetest on naturaalset p\u00e4ritolu, 37.6% p\u00e4rit kontrollitud orgaanilisest tootmisest v\u00f5i metsikust loodusest. T\u00e4iesti biolagunev.<br \/>\npakend: pudel (rPET) valmistatud 100% \u00fcmbert\u00f6\u00f6deldud plastikust\u00a0 PET. koos spray otsikuga (PP) ja sildiga (PE) valmistatud 56% \u00fcmbert\u00f6\u00f6deldud plastikust. Laialdaselt \u00fcmbert\u00f6\u00f6deldav. \u00a0Eco-Garantii, Vegan<\/p>\n<p><strong>koostis (INCI)<\/strong><br \/>\nvesi; Alkyl Polyglucoside; Citric Acid; alkohol; parf\u00fc\u00fcm.<\/p>\n","protected":false},"excerpt":{"rendered":"<p>Orgaaniline kodu puhastuse vahend vannitubadesse, tualettruumi. Kohe valmis kasutamiseks. T\u00e4ielikult ja efektiivselt eemaldab sette ja mustuse ja on kergesti looduses lagunev.<\/p>\n<p><b>kasutamine <\/b>Enne kasutamist loksuta kergelt, pihusta pinnale, j\u00e4ta hetkeks seisma ja seej\u00e4rel loputa v\u00f5i p\u00fchi \u00e4ra niiske lapiga.<\/p>\n<p><strong><em>\u00c4ra kasuta happe-tundlikel pindadel nagu marmor ja emailitud vannid.<\/em><\/strong><\/p>\n","protected":false},"featured_media":151789,"template":"","meta":[],"product_brand":[],"product_cat":[774],"product_tag":[],"class_list":{"0":"post-151788","1":"product","2":"type-product","3":"status-publish","4":"has-post-thumbnail","6":"product_cat-kodupuhastus-tooted","7":"product_shipping_class-s","9":"first","10":"instock","11":"taxable","12":"shipping-taxable","13":"purchasable","14":"product-type-simple"},"_links":{"self":[{"href":"https:\/\/minervashop.eu\/en\/wp-json\/wp\/v2\/product\/151788","targetHints":{"allow":["GET"]}}],"collection":[{"href":"https:\/\/minervashop.eu\/en\/wp-json\/wp\/v2\/product"}],"about":[{"href":"https:\/\/minervashop.eu\/en\/wp-json\/wp\/v2\/types\/product"}],"wp:featuredmedia":[{"embeddable":true,"href":"https:\/\/minervashop.eu\/en\/wp-json\/wp\/v2\/media\/151789"}],"wp:attachment":[{"href":"https:\/\/minervashop.eu\/en\/wp-json\/wp\/v2\/media?parent=151788"}],"wp:term":[{"taxonomy":"product_brand","embeddable":true,"href":"https:\/\/minervashop.eu\/en\/wp-json\/wp\/v2\/product_brand?post=151788"},{"taxonomy":"product_cat","embeddable":true,"href":"https:\/\/minervashop.eu\/en\/wp-json\/wp\/v2\/product_cat?post=151788"},{"taxonomy":"product_tag","embeddable":true,"href":"https:\/\/minervashop.eu\/en\/wp-json\/wp\/v2\/product_tag?post=151788"}],"curies":[{"name":"wp","href":"https:\/\/api.w.org\/{rel}","templated":true}]}}