{"id":151819,"date":"2025-09-05T13:44:57","date_gmt":"2025-09-05T13:44:57","guid":{"rendered":"https:\/\/minervashop.eu\/?post_type=product&#038;p=151819"},"modified":"2025-12-23T14:38:27","modified_gmt":"2025-12-23T14:38:27","slug":"turkiisi-varvi-kividega-keerdus-kuldne-kaevoru","status":"publish","type":"product","link":"https:\/\/minervashop.eu\/en\/toode\/turkiisi-varvi-kividega-keerdus-kuldne-kaevoru\/","title":{"rendered":"T\u00fcrkiisi v\u00e4rvi kividega keerdus kuldne k\u00e4ev\u00f5ru"},"content":{"rendered":"<p><em>*See toode on nikli, plii ja kaadmiumi vaba, see t\u00e4hendab, need metallid ei sisaldu selles tootes v\u00f5i on piiratud lubatud koguses, vastavuses Euroopa tooteohutuse standardile REACH.<\/em><\/p>\n","protected":false},"excerpt":{"rendered":"<p>80% vask, 20% messing, v\u00e4rvitud liivakivi, reguleeritav suurus.<\/p>\n<p>laius 1,2 cm<\/p>\n<p>painutatava suurusega<\/p>\n<p>&nbsp;<\/p>\n","protected":false},"featured_media":151820,"template":"","meta":[],"product_brand":[],"product_cat":[493,227,562],"product_tag":[],"class_list":{"0":"post-151819","1":"product","2":"type-product","3":"status-publish","4":"has-post-thumbnail","6":"product_cat-kuldsed-kaevorud","7":"product_cat-muust-materjalist-kaevorud","8":"product_cat-naturaalse-kiviga-metallist-kaevorud","9":"product_shipping_class-xs","11":"first","12":"instock","13":"taxable","14":"shipping-taxable","15":"purchasable","16":"product-type-simple"},"_links":{"self":[{"href":"https:\/\/minervashop.eu\/en\/wp-json\/wp\/v2\/product\/151819","targetHints":{"allow":["GET"]}}],"collection":[{"href":"https:\/\/minervashop.eu\/en\/wp-json\/wp\/v2\/product"}],"about":[{"href":"https:\/\/minervashop.eu\/en\/wp-json\/wp\/v2\/types\/product"}],"wp:featuredmedia":[{"embeddable":true,"href":"https:\/\/minervashop.eu\/en\/wp-json\/wp\/v2\/media\/151820"}],"wp:attachment":[{"href":"https:\/\/minervashop.eu\/en\/wp-json\/wp\/v2\/media?parent=151819"}],"wp:term":[{"taxonomy":"product_brand","embeddable":true,"href":"https:\/\/minervashop.eu\/en\/wp-json\/wp\/v2\/product_brand?post=151819"},{"taxonomy":"product_cat","embeddable":true,"href":"https:\/\/minervashop.eu\/en\/wp-json\/wp\/v2\/product_cat?post=151819"},{"taxonomy":"product_tag","embeddable":true,"href":"https:\/\/minervashop.eu\/en\/wp-json\/wp\/v2\/product_tag?post=151819"}],"curies":[{"name":"wp","href":"https:\/\/api.w.org\/{rel}","templated":true}]}}