{"id":151844,"date":"2025-09-05T14:13:59","date_gmt":"2025-09-05T14:13:59","guid":{"rendered":"https:\/\/minervashop.eu\/?post_type=product&#038;p=151844"},"modified":"2026-03-11T11:41:30","modified_gmt":"2026-03-11T11:41:30","slug":"lauakuunal-palmivahast-2-x-19-cm","status":"publish","type":"product","link":"https:\/\/minervashop.eu\/en\/toode\/lauakuunal-palmivahast-2-x-19-cm\/","title":{"rendered":"Lauak\u00fc\u00fcnal palmivahast 2 x 19 cm"},"content":{"rendered":"<p>Valmistatud RSPO sertifikaadiga palmituuma vahast. A 100% taimne vaha. K\u00e4sitsi valmistatud Indoneesias. WFTO sertifikaat ausale kaubandusele, kus t\u00f6\u00f6d saab v\u00f5imalikult palju inimesi. Umbes 80% t\u00f6\u00f6tajatest on naised.<\/p>\n","protected":false},"excerpt":{"rendered":"<p>Kas sul on soov mitte raisata oma planeedi ressursse? Kasuta siis neid \u00fcmbert\u00f6\u00f6deldud vahast valmistatud k\u00fc\u00fcnlaid. Nende tootmiseks on kasutatud vahaj\u00e4\u00e4ke. See t\u00f5eliselt s\u00e4\u00e4stlik keskkonnale. V\u00e4rvid v\u00f5ivad pisut erineda pildil olevast, kuid need on \u00fchtlased ja erksad. Ilma l\u00f5hnata. P\u00f5lemise aeg 8-9 tundi. 100% taimsest palmituuma vahast taastootmise farmist. Ei suitse, p\u00f5leb \u00fchtlase leegiga, puuvillane taht.<\/p>\n","protected":false},"featured_media":151847,"template":"","meta":[],"product_brand":[],"product_cat":[233,266,171,264,263],"product_tag":[],"class_list":{"0":"post-151844","1":"product","2":"type-product","3":"status-publish","4":"has-post-thumbnail","6":"product_cat-lohnata-kuunlad","7":"product_cat-banbha","8":"product_cat-ceridwen","9":"product_cat-domnu","10":"product_cat-rhiannon","11":"product_shipping_class-xs","13":"first","14":"instock","15":"taxable","16":"shipping-taxable","17":"purchasable","18":"product-type-variable"},"_links":{"self":[{"href":"https:\/\/minervashop.eu\/en\/wp-json\/wp\/v2\/product\/151844","targetHints":{"allow":["GET"]}}],"collection":[{"href":"https:\/\/minervashop.eu\/en\/wp-json\/wp\/v2\/product"}],"about":[{"href":"https:\/\/minervashop.eu\/en\/wp-json\/wp\/v2\/types\/product"}],"wp:featuredmedia":[{"embeddable":true,"href":"https:\/\/minervashop.eu\/en\/wp-json\/wp\/v2\/media\/151847"}],"wp:attachment":[{"href":"https:\/\/minervashop.eu\/en\/wp-json\/wp\/v2\/media?parent=151844"}],"wp:term":[{"taxonomy":"product_brand","embeddable":true,"href":"https:\/\/minervashop.eu\/en\/wp-json\/wp\/v2\/product_brand?post=151844"},{"taxonomy":"product_cat","embeddable":true,"href":"https:\/\/minervashop.eu\/en\/wp-json\/wp\/v2\/product_cat?post=151844"},{"taxonomy":"product_tag","embeddable":true,"href":"https:\/\/minervashop.eu\/en\/wp-json\/wp\/v2\/product_tag?post=151844"}],"curies":[{"name":"wp","href":"https:\/\/api.w.org\/{rel}","templated":true}]}}