{"id":151858,"date":"2025-09-05T14:47:39","date_gmt":"2025-09-05T14:47:39","guid":{"rendered":"https:\/\/minervashop.eu\/?post_type=product&#038;p=151858"},"modified":"2026-04-06T10:32:40","modified_gmt":"2026-04-06T10:32:40","slug":"7-peaingli-viirukid","status":"publish","type":"product","link":"https:\/\/minervashop.eu\/en\/toode\/7-peaingli-viirukid\/","title":{"rendered":"7 Peaingli viirukid"},"content":{"rendered":"<p>Peaingli viirukid igaks p\u00e4evaks. Loo iga p\u00e4ev ingli energiaid!<\/p>\n<p><span style=\"color: #ffcc00;\"><strong>Jophiel<\/strong><\/span> &#8211; Valgustuse prints &#8211; Mina olen see, kes sind kaitseb ja juhatab esmasp\u00e4eval. Tarkuse ja m\u00f5istmise leegiga m panen sind aru saama mahukast reaalusest ja piiramatust jumalikkusest ning ma aitan sinu unistustel, ideedel ja projektidel saada t\u00f5eks.<\/p>\n<p><span style=\"color: #ff00ff;\"><strong>Samuel<\/strong><\/span> &#8211; jumaldamise prints &#8211; &#8211; Mina olen see, kes sind kaitseb ja juhatab teisip\u00e4eval. Ilma armastuse j\u00f5uta ei eksisteeri universumis midagi. Ma aitan sind igap\u00e4evases s\u00fcdametunnistuses m\u00f5tiskleda armastuse valguse\u00a0 \u00fcle, mis vabastab ja t\u00e4iustab nii f\u00fc\u00fcsiliselt kui vaimselt.<\/p>\n<p><span style=\"color: #666699;\"><strong>Gabriel<\/strong><\/span> &#8211; jumaliku s\u00f5na taevane signaali andja &#8211; &#8211; Mina olen see, kes sind kaitseb ja juhatab kolmap\u00e4eval. Ma teritan sinu eristamisv\u00f5imet ja intuitsiooni. Ma n\u00e4itan sulle \u00f5iget teed sinu missiooni t\u00e4itmiseks. Ma puhastan sinu hinge ja aitan sul edendada sinu puhtuse ja truuduse raamis koos individuaalse t\u00f5ega.<\/p>\n<p><span style=\"color: #008000;\"><strong>Raphael<\/strong><\/span> &#8211; jumalik tervendaja &#8211; Mina olen see, kes sind kaitseb ja juhatab neljap\u00e4eval. P\u00fchitsemise leegiga ravitsen sinu keha, meelt ja hinge. Kergendan sinu kannatusi ja juhatan sind maksimaalse tervise ja heaolu poole, mille v\u00f5ti on kohtumine oma sisemise jumalikkusega.<\/p>\n<p><strong><span style=\"color: #f99b1c;\">Uriel<\/span><\/strong> &#8211; teadmiste valgus &#8211; Mina olen see, kes sind kaitseb ja juhatab reedel. Teadmise leegiga ma n\u00e4itan armastavalt looja valgust, mis lahustab pimeduse ja varjud. Alati pakun peavarju, varustust, vajalikku vaimset ja hingelist tugevust.<\/p>\n<p><span style=\"color: #800080;\"><strong>Zadkiel<\/strong><\/span> &#8211; transmutatsiooni prints &#8211; &#8211; Mina olen see, kes sind kaitseb ja juhatab laup\u00e4eval. Transmutaatori v\u00e4e ja violetse leegi intellektienergia abil aitan sul puhastada ja taastada oma f\u00fc\u00fcsilist keha ja kustutada k\u00f5ik traumade, kurbuse, eba\u00f5nnestumiste, meele ja s\u00fcdame \u00f5nnetuse j\u00e4ljed.<\/p>\n<p><span style=\"color: #0000ff;\"><strong>Miikael<\/strong><\/span> &#8211; kohaleoleku prints &#8211; Mina olen see, kes sind kaitseb ja juhatab\u00a0 p\u00fchap\u00e4eval. Ma aitan sind jumaliku armastuse energiaga. Ma vabastan sind valust ja kannatustest, probleemidest ja raskustest ning r\u00f5hutud m\u00f5tetest.<\/p>\n<p><strong>vaata lisaks\u00a0<a href=\"https:\/\/rnojomku.sendsmaily.net\/templates\/103ba3cb-4ecc-4af3-8cbb-7da51985e907\/html\/\">siit<\/a><\/strong><\/p>\n<div class=\"product-short-description\">\n<div class=\"product-short-description\">\n<h3><strong>vaata lisaks\u00a0<a href=\"https:\/\/minervashop.eu\/uudised\/ruumide-lohnastamine\/\">siit<\/a><\/strong><\/h3>\n<\/div>\n<\/div>\n","protected":false},"excerpt":{"rendered":"<p>pakis 5 viirukit<\/p>\n<p>Michael &#8211; kohalolu &#8211; arruda<br \/>\nJophiel &#8211; valgustus &#8211; lilled<br \/>\nSamuel &#8211; imetlus &#8211; roos ja mesi<br \/>\nGabriel &#8211; jumalik s\u00f5na &#8211; sandlipuu<br \/>\nRafael &#8211; jumalik tervendaja &#8211; jasmiin<br \/>\nUriel &#8211; teadmised &#8211; kaneel<br \/>\nZadkiel &#8211; muutumine &#8211; kannike<\/p>\n","protected":false},"featured_media":151863,"template":"","meta":[],"product_brand":[],"product_cat":[81,620],"product_tag":[],"class_list":{"0":"post-151858","1":"product","2":"type-product","3":"status-publish","4":"has-post-thumbnail","6":"product_cat-viirukid","7":"product_cat-inglid-2","8":"product_shipping_class-xs","10":"first","11":"instock","12":"taxable","13":"shipping-taxable","14":"purchasable","15":"product-type-variable"},"_links":{"self":[{"href":"https:\/\/minervashop.eu\/en\/wp-json\/wp\/v2\/product\/151858","targetHints":{"allow":["GET"]}}],"collection":[{"href":"https:\/\/minervashop.eu\/en\/wp-json\/wp\/v2\/product"}],"about":[{"href":"https:\/\/minervashop.eu\/en\/wp-json\/wp\/v2\/types\/product"}],"wp:featuredmedia":[{"embeddable":true,"href":"https:\/\/minervashop.eu\/en\/wp-json\/wp\/v2\/media\/151863"}],"wp:attachment":[{"href":"https:\/\/minervashop.eu\/en\/wp-json\/wp\/v2\/media?parent=151858"}],"wp:term":[{"taxonomy":"product_brand","embeddable":true,"href":"https:\/\/minervashop.eu\/en\/wp-json\/wp\/v2\/product_brand?post=151858"},{"taxonomy":"product_cat","embeddable":true,"href":"https:\/\/minervashop.eu\/en\/wp-json\/wp\/v2\/product_cat?post=151858"},{"taxonomy":"product_tag","embeddable":true,"href":"https:\/\/minervashop.eu\/en\/wp-json\/wp\/v2\/product_tag?post=151858"}],"curies":[{"name":"wp","href":"https:\/\/api.w.org\/{rel}","templated":true}]}}