{"id":151875,"date":"2025-09-06T07:43:10","date_gmt":"2025-09-06T07:43:10","guid":{"rendered":"https:\/\/minervashop.eu\/?post_type=product&#038;p=151875"},"modified":"2025-10-29T15:22:18","modified_gmt":"2025-10-29T15:22:18","slug":"roosa-noor-sangadega-mustiliste-sumbolitega-kinkekott-33x20x85cm","status":"publish","type":"product","link":"https:\/\/minervashop.eu\/en\/toode\/roosa-noor-sangadega-mustiliste-sumbolitega-kinkekott-33x20x85cm\/","title":{"rendered":"Roosa n\u00f6\u00f6r sangadega m\u00fcstiliste s\u00fcmbolitega kinkekott 33x20x8,5cm"},"content":{"rendered":"","protected":false},"excerpt":{"rendered":"<p>paberkott mati pinnaga, maagiliste s\u00fcmbolitega, siidn\u00f6\u00f6rist sangadega<\/p>\n","protected":false},"featured_media":151876,"template":"","meta":[],"product_brand":[],"product_cat":[263,449,649],"product_tag":[],"class_list":{"0":"post-151875","1":"product","2":"type-product","3":"status-publish","4":"has-post-thumbnail","6":"product_cat-rhiannon","7":"product_cat-paberist-kotid","8":"product_cat-silm","9":"product_shipping_class-xs","11":"first","12":"instock","13":"taxable","14":"shipping-taxable","15":"purchasable","16":"product-type-simple"},"_links":{"self":[{"href":"https:\/\/minervashop.eu\/en\/wp-json\/wp\/v2\/product\/151875","targetHints":{"allow":["GET"]}}],"collection":[{"href":"https:\/\/minervashop.eu\/en\/wp-json\/wp\/v2\/product"}],"about":[{"href":"https:\/\/minervashop.eu\/en\/wp-json\/wp\/v2\/types\/product"}],"wp:featuredmedia":[{"embeddable":true,"href":"https:\/\/minervashop.eu\/en\/wp-json\/wp\/v2\/media\/151876"}],"wp:attachment":[{"href":"https:\/\/minervashop.eu\/en\/wp-json\/wp\/v2\/media?parent=151875"}],"wp:term":[{"taxonomy":"product_brand","embeddable":true,"href":"https:\/\/minervashop.eu\/en\/wp-json\/wp\/v2\/product_brand?post=151875"},{"taxonomy":"product_cat","embeddable":true,"href":"https:\/\/minervashop.eu\/en\/wp-json\/wp\/v2\/product_cat?post=151875"},{"taxonomy":"product_tag","embeddable":true,"href":"https:\/\/minervashop.eu\/en\/wp-json\/wp\/v2\/product_tag?post=151875"}],"curies":[{"name":"wp","href":"https:\/\/api.w.org\/{rel}","templated":true}]}}