{"id":151906,"date":"2025-09-06T08:28:27","date_gmt":"2025-09-06T08:28:27","guid":{"rendered":"https:\/\/minervashop.eu\/?post_type=product&#038;p=151906"},"modified":"2026-03-11T11:27:08","modified_gmt":"2026-03-11T11:27:08","slug":"puriit-kristallikobar","status":"publish","type":"product","link":"https:\/\/minervashop.eu\/en\/toode\/puriit-kristallikobar\/","title":{"rendered":"P\u00fcriit kristallikobar"},"content":{"rendered":"<p class=\"western\" align=\"justify\"><b>P\u00dcRIIT<\/b>&#8211; (metalne l\u00e4ige) tulekivi v\u00f5i narrikuld; enese tunnustamine, toob v\u00e4lja saladused ja allasurutud m\u00e4lestused; annab eluj\u00f5udu; tugevdab tahet; muudab avatuks, otsekoheseks ja ausaks; v\u00e4hendab kindlate olukordade ja haiguste p\u00f5hjusi. Leevendab \u00e4revust, nurjumistunnet ja depressiooni. Kaitseb negatiivse energia eest. Stimuleerides aju v\u00e4hendab n\u00e4rvilisust ja v\u00e4simust. Ideaalne kivi uuteks ideedeks, projektideks ja finantsotsusteks, aidates vastu v\u00f5tta kindlaid otsuseid ja tegutseda kiiresti. Naistel aitab v\u00e4hendada ebakindlust ja hirme, meestele annab j\u00f5udu ning arendab liidri omadusi. Sobib \u00f5pilastele, kellel on raskusi \u00f5ppimisega. Aitab arendada m\u00e4lu ja meeles pidada \u00f5ppematerjali. KEHA: reguleerib seedes\u00fcsteemi &#8211; stimuleerib maksa, soolestikku, m\u00fcrkide kahjutustamist ja v\u00e4ljutamist; ergutab vereringet. Vabastab kehast m\u00fcrke, kaitstes organismi saastumise ja negatiivse energia eest. Sisaldab rauda ja v\u00e4\u00e4vlit. Raud on oluline vere koostisosa, ilma milleta ei suuda rakud hapnikku omastada. V\u00e4\u00e4vel kuulub aminohapete ja proteiinide koostisse.<\/p>\n","protected":false},"excerpt":{"rendered":"<div class=\"product-short-description\">\n<div class=\"product-short-description\">\n<h4><strong>vaata lisaks\u00a0<a href=\"https:\/\/minervashop.eu\/uudised\/naturaalsete-kivide-vagi\/\">siit<\/a><\/strong><\/h4>\n<p>Brasiiliast<\/p>\n<p>t\u00fckk ca 4- 6 x 4-5 cm<\/p>\n<\/div>\n<\/div>\n","protected":false},"featured_media":151907,"template":"","meta":[],"product_brand":[],"product_cat":[265,53],"product_tag":[],"class_list":{"0":"post-151906","1":"product","2":"type-product","3":"status-publish","4":"has-post-thumbnail","6":"product_cat-ker","7":"product_cat-toorkivid","8":"product_shipping_class-s","10":"first","11":"outofstock","12":"taxable","13":"shipping-taxable","14":"purchasable","15":"product-type-simple"},"_links":{"self":[{"href":"https:\/\/minervashop.eu\/en\/wp-json\/wp\/v2\/product\/151906","targetHints":{"allow":["GET"]}}],"collection":[{"href":"https:\/\/minervashop.eu\/en\/wp-json\/wp\/v2\/product"}],"about":[{"href":"https:\/\/minervashop.eu\/en\/wp-json\/wp\/v2\/types\/product"}],"wp:featuredmedia":[{"embeddable":true,"href":"https:\/\/minervashop.eu\/en\/wp-json\/wp\/v2\/media\/151907"}],"wp:attachment":[{"href":"https:\/\/minervashop.eu\/en\/wp-json\/wp\/v2\/media?parent=151906"}],"wp:term":[{"taxonomy":"product_brand","embeddable":true,"href":"https:\/\/minervashop.eu\/en\/wp-json\/wp\/v2\/product_brand?post=151906"},{"taxonomy":"product_cat","embeddable":true,"href":"https:\/\/minervashop.eu\/en\/wp-json\/wp\/v2\/product_cat?post=151906"},{"taxonomy":"product_tag","embeddable":true,"href":"https:\/\/minervashop.eu\/en\/wp-json\/wp\/v2\/product_tag?post=151906"}],"curies":[{"name":"wp","href":"https:\/\/api.w.org\/{rel}","templated":true}]}}