{"id":151909,"date":"2025-09-06T08:34:44","date_gmt":"2025-09-06T08:34:44","guid":{"rendered":"https:\/\/minervashop.eu\/?post_type=product&#038;p=151909"},"modified":"2026-03-03T15:51:45","modified_gmt":"2026-03-03T15:51:45","slug":"piklik-puidust-buddha-karp-26x11x6-cm","status":"publish","type":"product","link":"https:\/\/minervashop.eu\/en\/toode\/piklik-puidust-buddha-karp-26x11x6-cm\/","title":{"rendered":"Piklik puidust Buddha karp 26x11x6 cm"},"content":{"rendered":"","protected":false},"excerpt":{"rendered":"<p>480g<\/p>\n<p>Extra kvaliteet!<\/p>\n<h4><strong>vaata lisa <span style=\"color: #3366ff;\"><a style=\"color: #3366ff;\" href=\"https:\/\/rnojomku.sendsmaily.net\/templates\/4670b89f-988e-49b7-8be0-94027465ba97\/html\/\">siit<\/a><\/span><\/strong><\/h4>\n<p>Mango puidust karp Saraswati koos kahe Buddhaga, joonistusega v\u00e4rvilistest mineraal-liivadest. Sees pol\u00fcester samet. \u00c4\u00e4rised metallist.<br \/>\nPilt on joonistatud algul klaasist alusele ja seej\u00e4rel t\u00e4idetud v\u00e4rvilise liivaga. Sobib h\u00e4sti taro kaardite, ehete vm. jaoks.<\/p>\n","protected":false},"featured_media":151914,"template":"","meta":[],"product_brand":[],"product_cat":[758,661,718,63,31],"product_tag":[],"class_list":{"0":"post-151909","1":"product","2":"type-product","3":"status-publish","4":"has-post-thumbnail","6":"product_cat-uued-tooted","7":"product_cat-allahindlus","8":"product_cat-buddha","9":"product_cat-kallimale","10":"product_cat-naturaalsest-materjalist-karbid","11":"product_shipping_class-s","13":"first","14":"instock","15":"sale","16":"taxable","17":"shipping-taxable","18":"purchasable","19":"product-type-simple"},"_links":{"self":[{"href":"https:\/\/minervashop.eu\/en\/wp-json\/wp\/v2\/product\/151909","targetHints":{"allow":["GET"]}}],"collection":[{"href":"https:\/\/minervashop.eu\/en\/wp-json\/wp\/v2\/product"}],"about":[{"href":"https:\/\/minervashop.eu\/en\/wp-json\/wp\/v2\/types\/product"}],"wp:featuredmedia":[{"embeddable":true,"href":"https:\/\/minervashop.eu\/en\/wp-json\/wp\/v2\/media\/151914"}],"wp:attachment":[{"href":"https:\/\/minervashop.eu\/en\/wp-json\/wp\/v2\/media?parent=151909"}],"wp:term":[{"taxonomy":"product_brand","embeddable":true,"href":"https:\/\/minervashop.eu\/en\/wp-json\/wp\/v2\/product_brand?post=151909"},{"taxonomy":"product_cat","embeddable":true,"href":"https:\/\/minervashop.eu\/en\/wp-json\/wp\/v2\/product_cat?post=151909"},{"taxonomy":"product_tag","embeddable":true,"href":"https:\/\/minervashop.eu\/en\/wp-json\/wp\/v2\/product_tag?post=151909"}],"curies":[{"name":"wp","href":"https:\/\/api.w.org\/{rel}","templated":true}]}}