{"id":151921,"date":"2025-09-06T09:30:00","date_gmt":"2025-09-06T09:30:00","guid":{"rendered":"https:\/\/minervashop.eu\/?post_type=product&#038;p=151921"},"modified":"2026-03-20T13:54:48","modified_gmt":"2026-03-20T13:54:48","slug":"sagrada-madre-palo-santo-stick-with-cinnamon-anise","status":"publish","type":"product","link":"https:\/\/minervashop.eu\/en\/toode\/sagrada-madre-palo-santo-stick-with-cinnamon-anise\/","title":{"rendered":"Sagrada Madre Palo Santo stick with Cinnamon &#038; Anise"},"content":{"rendered":"<p>20 g<\/p>\n<p>p\u00f5lemise aeg 120 min<\/p>\n<p data-start=\"729\" data-end=\"1095\">Palo Santo on traditsiooniliselt kasutatud tseremooniatel ja energeetiliste puhastuste rituaalides. Sel ajal, kui see p\u00f5leb,\u00a0 vabaneb soe, p\u00fcha l\u00f5hn, mis puhastab negatiivsest energiast ja toob harmooniat. Kaneeli ja aniisi lisand s\u00fcgavdab maandust. Kaneel loob soojust,\u00a0 ja kaitset,\u00a0 aniis aga on seotud selguse ja spirituaalse teadlikkusega. Sagrada Madre ion p\u00fchendunud \u00f6koloogilisele vastutusele. Palo Santo korjatakse vaid langenud puu okstelt ja tootja\u00a0 toetab aktiivselt taastuvaid projekte Peruus. Kasutades biomassi s\u00f6e asemel, v\u00e4hendab\u00a0 Sagrada Madre m\u00e4rkimisv\u00e4\u00e4rselt kahju keskkonnale.<\/p>\n<div class=\"prod-desc-container expandable expanded\">\n<div class=\"prod-desc-wrapper\">\n<div class=\"product-long-description\">\n<p data-start=\"1382\" data-end=\"1508\">S\u00fc\u00fcta pulk ja lase sel pisut p\u00f5leda ja siis puhu leek \u00e4ra ja j\u00e4ta suitsema. Lase aromaatsel suitsul liikuda ruumis.<\/p>\n<\/div>\n<\/div>\n<\/div>\n","protected":false},"excerpt":{"rendered":"<p data-start=\"182\" data-end=\"490\">Sagrada Madre Palo Santo pulk on unikaalne naturaalne toode, k\u00e4sitsi valmistatud Argentiinas, kasutades taastuvast loodusest saadut toorme materjali palo santo puitu, mis on saadud Peruust. See pulk on l\u00f5hnava taimepuru ja v\u00fcrtside sees, mis annab suurep\u00e4rase rituaalse abivahendi v\u00f5imsaks rituaaliks puhastamiseks, maandamiseks ja emotsionaalseks uuenemiseks. Pakis on 1 palo santo pilk aniisi, kaneeli ja taimedega.<\/p>\n<p data-start=\"570\" data-end=\"727\">Palo Santo (Peruu), kontsentreeritud aromaatne \u00f5li, roosi kroonlehed,\u00a0 lavendli \u00f5ied,\u00a0 seeder, apelsini koor,\u00a0 eukal\u00fcpt, loorber,\u00a0 naturaalne sidusaine, sool.<\/p>\n<p data-start=\"570\" data-end=\"727\">pulk 11 x 1,5 x 2,5 cm<\/p>\n","protected":false},"featured_media":151922,"template":"","meta":[],"product_brand":[],"product_cat":[306],"product_tag":[],"class_list":{"0":"post-151921","1":"product","2":"type-product","3":"status-publish","4":"has-post-thumbnail","6":"product_cat-taimed-vaigud-ja-puit","7":"product_shipping_class-s","9":"first","10":"outofstock","11":"taxable","12":"shipping-taxable","13":"purchasable","14":"product-type-simple"},"_links":{"self":[{"href":"https:\/\/minervashop.eu\/en\/wp-json\/wp\/v2\/product\/151921","targetHints":{"allow":["GET"]}}],"collection":[{"href":"https:\/\/minervashop.eu\/en\/wp-json\/wp\/v2\/product"}],"about":[{"href":"https:\/\/minervashop.eu\/en\/wp-json\/wp\/v2\/types\/product"}],"wp:featuredmedia":[{"embeddable":true,"href":"https:\/\/minervashop.eu\/en\/wp-json\/wp\/v2\/media\/151922"}],"wp:attachment":[{"href":"https:\/\/minervashop.eu\/en\/wp-json\/wp\/v2\/media?parent=151921"}],"wp:term":[{"taxonomy":"product_brand","embeddable":true,"href":"https:\/\/minervashop.eu\/en\/wp-json\/wp\/v2\/product_brand?post=151921"},{"taxonomy":"product_cat","embeddable":true,"href":"https:\/\/minervashop.eu\/en\/wp-json\/wp\/v2\/product_cat?post=151921"},{"taxonomy":"product_tag","embeddable":true,"href":"https:\/\/minervashop.eu\/en\/wp-json\/wp\/v2\/product_tag?post=151921"}],"curies":[{"name":"wp","href":"https:\/\/api.w.org\/{rel}","templated":true}]}}