{"id":151981,"date":"2025-09-08T08:57:23","date_gmt":"2025-09-08T08:57:23","guid":{"rendered":"https:\/\/minervashop.eu\/?post_type=product&#038;p=151981"},"modified":"2026-02-18T12:04:56","modified_gmt":"2026-02-18T12:04:56","slug":"pikk-roheline-kuunal-22-x-21-cm","status":"publish","type":"product","link":"https:\/\/minervashop.eu\/en\/toode\/pikk-roheline-kuunal-22-x-21-cm\/","title":{"rendered":"Pikk roheline k\u00fc\u00fcnal 2,2 x 21 cm"},"content":{"rendered":"","protected":false},"excerpt":{"rendered":"<p>L\u00f5hnastatud k\u00fc\u00fcnal. L\u00f5hnaks eeterlikud \u00f5lid lavendel, apelsin, tangeriin. P\u00f5lemisaeg 8 &#8211; 9 tundi, 100% taimne palmivaha taastuvast tootmisest. Ei suitse, stabiilne leek, puuvillane taht.<\/p>\n<p><strong>vaata lisaks\u00a0<a href=\"https:\/\/minervashop.eu\/uudised\/ruumide-lohnastamine\/\">siit<\/a><\/strong><\/p>\n","protected":false},"featured_media":151982,"template":"","meta":[],"product_brand":[],"product_cat":[232,262,266],"product_tag":[],"class_list":{"0":"post-151981","1":"product","2":"type-product","3":"status-publish","4":"has-post-thumbnail","6":"product_cat-aroomikuunlad","7":"product_cat-artha","8":"product_cat-banbha","9":"product_shipping_class-xs","11":"first","12":"outofstock","13":"taxable","14":"shipping-taxable","15":"purchasable","16":"product-type-simple"},"_links":{"self":[{"href":"https:\/\/minervashop.eu\/en\/wp-json\/wp\/v2\/product\/151981","targetHints":{"allow":["GET"]}}],"collection":[{"href":"https:\/\/minervashop.eu\/en\/wp-json\/wp\/v2\/product"}],"about":[{"href":"https:\/\/minervashop.eu\/en\/wp-json\/wp\/v2\/types\/product"}],"wp:featuredmedia":[{"embeddable":true,"href":"https:\/\/minervashop.eu\/en\/wp-json\/wp\/v2\/media\/151982"}],"wp:attachment":[{"href":"https:\/\/minervashop.eu\/en\/wp-json\/wp\/v2\/media?parent=151981"}],"wp:term":[{"taxonomy":"product_brand","embeddable":true,"href":"https:\/\/minervashop.eu\/en\/wp-json\/wp\/v2\/product_brand?post=151981"},{"taxonomy":"product_cat","embeddable":true,"href":"https:\/\/minervashop.eu\/en\/wp-json\/wp\/v2\/product_cat?post=151981"},{"taxonomy":"product_tag","embeddable":true,"href":"https:\/\/minervashop.eu\/en\/wp-json\/wp\/v2\/product_tag?post=151981"}],"curies":[{"name":"wp","href":"https:\/\/api.w.org\/{rel}","templated":true}]}}