{"id":151993,"date":"2025-09-08T09:13:16","date_gmt":"2025-09-08T09:13:16","guid":{"rendered":"https:\/\/minervashop.eu\/?post_type=product&#038;p=151993"},"modified":"2025-10-31T15:34:57","modified_gmt":"2025-10-31T15:34:57","slug":"mesilasvahast-kuunal-klaasis-4-5-x-4-cm","status":"publish","type":"product","link":"https:\/\/minervashop.eu\/en\/toode\/mesilasvahast-kuunal-klaasis-4-5-x-4-cm\/","title":{"rendered":"Mesilasvahast k\u00fc\u00fcnal klaasis 4.5 x 4 cm"},"content":{"rendered":"<p><strong>Paljudes maailma traditsioonides seostub k\u00fc\u00fcnla s\u00fc\u00fctamine p\u00fcha tegevusega, mis t\u00e4hendab rohkem kui s\u00f5nad v\u00f5ivad \u00f6elda. See on k\u00f5ik t\u00e4nulikkusest. M\u00e4lestuseks on inimesed s\u00fc\u00fcdanud k\u00fc\u00fcnlaid p\u00fchades paikades. V\u00f5ib-olla sulle meeldib alustada v\u00f5i l\u00f5petada oma p\u00e4eva selle lihtsa rituaaliga \u2013 k\u00fc\u00fcnla s\u00fc\u00fctamine on t\u00e4helepanu endale ja teistele.\u00a0<\/strong><\/p>\n<p><strong>Kuidas v\u00e4ltida k\u00fc\u00fcnla auku p\u00f5lemist<\/strong><\/p>\n<p><strong>Lase k\u00fc\u00fcnlal enne kustutamist p\u00f5leda, kuni kogu pealmine pind on sulanud. Vastasel juhul tekib auk keskele ja k\u00fc\u00fcnal p\u00f5leb \u00e4ra vaid osaliselt. Veendu, et kogu sulanud vaha on\u00a0 ca 1 cm s\u00fcgavune, enne kui kustutad k\u00fc\u00fcnla. Samuti on soovitatav l\u00f5igata liiga pikk k\u00fc\u00fcnlataht l\u00fchemaks, et v\u00e4ltida leegi liiga suureks t\u00f5usmist ja k\u00fc\u00fcnla asjatut p\u00f5letamist. Samuti liiga l\u00fchike taht takistab k\u00fc\u00fcnlavaha sulamist \u00e4\u00e4rtest. Seega on oluline \u00f5ige tahi pikkus. Rusikareegel on, et\u00a0 laiem k\u00fc\u00fcnal vajab pikemat tahti kui kitsam.<\/strong><\/p>\n","protected":false},"excerpt":{"rendered":"<p>100% mesilasvahast k\u00fc\u00fcnal, magusa mee l\u00f5hnaga.\u00a0 K\u00e4sitsi valmistatud Ida-Jaaval kohalike tootjate poolt, kes\u00a0 valmistavad seda longan puude \u00f5itsemise ajal.<br \/>\n<em>NB! Iga partii v\u00f5ib erineda v\u00e4rvitooni ja l\u00f5hna poolest, kuna see on p\u00e4rit loodusest ja s\u00f5ltud \u00f5itel liikuvatest mesilastest.\u00a0 P\u00f5lemise aeg \u00b1 14-16 tundi.<\/em><\/p>\n<p>klaas 5,5 x 6,5 cm<\/p>\n","protected":false},"featured_media":151994,"template":"","meta":[],"product_brand":[],"product_cat":[232,233,265],"product_tag":[],"class_list":{"0":"post-151993","1":"product","2":"type-product","3":"status-publish","4":"has-post-thumbnail","6":"product_cat-aroomikuunlad","7":"product_cat-lohnata-kuunlad","8":"product_cat-ker","9":"product_shipping_class-s","11":"first","12":"instock","13":"taxable","14":"shipping-taxable","15":"purchasable","16":"product-type-simple"},"_links":{"self":[{"href":"https:\/\/minervashop.eu\/en\/wp-json\/wp\/v2\/product\/151993","targetHints":{"allow":["GET"]}}],"collection":[{"href":"https:\/\/minervashop.eu\/en\/wp-json\/wp\/v2\/product"}],"about":[{"href":"https:\/\/minervashop.eu\/en\/wp-json\/wp\/v2\/types\/product"}],"wp:featuredmedia":[{"embeddable":true,"href":"https:\/\/minervashop.eu\/en\/wp-json\/wp\/v2\/media\/151994"}],"wp:attachment":[{"href":"https:\/\/minervashop.eu\/en\/wp-json\/wp\/v2\/media?parent=151993"}],"wp:term":[{"taxonomy":"product_brand","embeddable":true,"href":"https:\/\/minervashop.eu\/en\/wp-json\/wp\/v2\/product_brand?post=151993"},{"taxonomy":"product_cat","embeddable":true,"href":"https:\/\/minervashop.eu\/en\/wp-json\/wp\/v2\/product_cat?post=151993"},{"taxonomy":"product_tag","embeddable":true,"href":"https:\/\/minervashop.eu\/en\/wp-json\/wp\/v2\/product_tag?post=151993"}],"curies":[{"name":"wp","href":"https:\/\/api.w.org\/{rel}","templated":true}]}}