{"id":152001,"date":"2025-09-09T08:52:50","date_gmt":"2025-09-09T08:52:50","guid":{"rendered":"https:\/\/minervashop.eu\/?post_type=product&#038;p=152001"},"modified":"2025-10-31T15:37:04","modified_gmt":"2025-10-31T15:37:04","slug":"rahataskuga-roosidega-onnitluskaart","status":"publish","type":"product","link":"https:\/\/minervashop.eu\/en\/toode\/rahataskuga-roosidega-onnitluskaart\/","title":{"rendered":"Rahataskuga roosidega \u00f5nnitluskaart"},"content":{"rendered":"","protected":false},"excerpt":{"rendered":"<p>k\u00e4sit\u00f6\u00f6 kaart rahataskuga<\/p>\n<p>paber, p\u00e4rlid<\/p>\n<p>11,3 x 15,5 cm<\/p>\n","protected":false},"featured_media":152018,"template":"","meta":[],"product_brand":[],"product_cat":[263,732,599],"product_tag":[],"class_list":{"0":"post-152001","1":"product","2":"type-product","3":"status-publish","4":"has-post-thumbnail","6":"product_cat-rhiannon","7":"product_cat-liblikad-ja-kiilid","8":"product_cat-muud-postkaardid","9":"product_shipping_class-s","11":"first","12":"instock","13":"taxable","14":"shipping-taxable","15":"purchasable","16":"product-type-simple"},"_links":{"self":[{"href":"https:\/\/minervashop.eu\/en\/wp-json\/wp\/v2\/product\/152001","targetHints":{"allow":["GET"]}}],"collection":[{"href":"https:\/\/minervashop.eu\/en\/wp-json\/wp\/v2\/product"}],"about":[{"href":"https:\/\/minervashop.eu\/en\/wp-json\/wp\/v2\/types\/product"}],"wp:featuredmedia":[{"embeddable":true,"href":"https:\/\/minervashop.eu\/en\/wp-json\/wp\/v2\/media\/152018"}],"wp:attachment":[{"href":"https:\/\/minervashop.eu\/en\/wp-json\/wp\/v2\/media?parent=152001"}],"wp:term":[{"taxonomy":"product_brand","embeddable":true,"href":"https:\/\/minervashop.eu\/en\/wp-json\/wp\/v2\/product_brand?post=152001"},{"taxonomy":"product_cat","embeddable":true,"href":"https:\/\/minervashop.eu\/en\/wp-json\/wp\/v2\/product_cat?post=152001"},{"taxonomy":"product_tag","embeddable":true,"href":"https:\/\/minervashop.eu\/en\/wp-json\/wp\/v2\/product_tag?post=152001"}],"curies":[{"name":"wp","href":"https:\/\/api.w.org\/{rel}","templated":true}]}}