{"id":152026,"date":"2025-09-09T11:59:26","date_gmt":"2025-09-09T11:59:26","guid":{"rendered":"https:\/\/minervashop.eu\/?post_type=product&#038;p=152026"},"modified":"2026-04-04T19:18:45","modified_gmt":"2026-04-04T19:18:45","slug":"turkiisi-varvi-kiviga-piklik-hobedane-sormus-suurus-19","status":"publish","type":"product","link":"https:\/\/minervashop.eu\/en\/toode\/turkiisi-varvi-kiviga-piklik-hobedane-sormus-suurus-19\/","title":{"rendered":"T\u00fcrkiisi v\u00e4rvi kiviga piklik h\u00f5bedane s\u00f5rmus suurus 19"},"content":{"rendered":"","protected":false},"excerpt":{"rendered":"<p>metallisulam, tehis t\u00fcrkiis<\/p>\n<p>pikkus 55 mm<\/p>\n","protected":false},"featured_media":152031,"template":"","meta":[],"product_brand":[],"product_cat":[264,159,254],"product_tag":[],"class_list":{"0":"post-152026","1":"product","2":"type-product","3":"status-publish","4":"has-post-thumbnail","6":"product_cat-domnu","7":"product_cat-hobeda-varvi-sormused","8":"product_cat-sinise-kiviga-sormused","9":"product_shipping_class-xs","11":"first","12":"outofstock","13":"taxable","14":"shipping-taxable","15":"purchasable","16":"product-type-simple"},"_links":{"self":[{"href":"https:\/\/minervashop.eu\/en\/wp-json\/wp\/v2\/product\/152026","targetHints":{"allow":["GET"]}}],"collection":[{"href":"https:\/\/minervashop.eu\/en\/wp-json\/wp\/v2\/product"}],"about":[{"href":"https:\/\/minervashop.eu\/en\/wp-json\/wp\/v2\/types\/product"}],"wp:featuredmedia":[{"embeddable":true,"href":"https:\/\/minervashop.eu\/en\/wp-json\/wp\/v2\/media\/152031"}],"wp:attachment":[{"href":"https:\/\/minervashop.eu\/en\/wp-json\/wp\/v2\/media?parent=152026"}],"wp:term":[{"taxonomy":"product_brand","embeddable":true,"href":"https:\/\/minervashop.eu\/en\/wp-json\/wp\/v2\/product_brand?post=152026"},{"taxonomy":"product_cat","embeddable":true,"href":"https:\/\/minervashop.eu\/en\/wp-json\/wp\/v2\/product_cat?post=152026"},{"taxonomy":"product_tag","embeddable":true,"href":"https:\/\/minervashop.eu\/en\/wp-json\/wp\/v2\/product_tag?post=152026"}],"curies":[{"name":"wp","href":"https:\/\/api.w.org\/{rel}","templated":true}]}}