{"id":152042,"date":"2025-09-09T12:21:05","date_gmt":"2025-09-09T12:21:05","guid":{"rendered":"https:\/\/minervashop.eu\/?post_type=product&#038;p=152042"},"modified":"2025-11-11T13:22:06","modified_gmt":"2025-11-11T13:22:06","slug":"musta-turmaliiniga-hobedase-aasaga-ripats","status":"publish","type":"product","link":"https:\/\/minervashop.eu\/en\/toode\/musta-turmaliiniga-hobedase-aasaga-ripats\/","title":{"rendered":"Musta turmaliiniga h\u00f5bedase aasaga ripats"},"content":{"rendered":"<div id=\"row-217451918\" class=\"row\">\n<div id=\"col-199986428\" class=\"col small-12 large-12\">\n<div class=\"col-inner\">\n<div class=\"woocommerce-tabs wc-tabs-wrapper container tabbed-content\">\n<div class=\"tab-panels\">\n<div id=\"tab-description\" class=\"woocommerce-Tabs-panel woocommerce-Tabs-panel--description panel entry-content active\" role=\"tabpanel\" aria-labelledby=\"tab-title-description\">\n<p class=\"western\" align=\"justify\"><b>TURMALIIN \u2013<\/b> K\u00f5ik v\u00e4rvid peale musta on veega resonantsis, kandes endas toitumisenergiat. Turmaliini vesi valmistab k\u00f5iki rakke ette toitumiseks, eriti veega k\u00e4ttetoimetatava toidu suhtes. Seab rakud valmis programmide vastuv\u00f5tmiseks. Ideaalne on arbuusturmaliin, milles on k\u00f5ik v\u00e4rvid sees. Hea negatiivse rakuenergia vabastaja. Kannab endas k\u00f5ige suurema lainepikkusega infrapunaenergiat, ehk eluenergiat. Ainus teada olev mineraal, mis on pidevalt elektriliselt laetud. Turmaliin (k\u00f5ik v\u00e4rvid) soodustab sisemist harmooniat l\u00e4bi hea \u00fchenduse keha, vaimu ja hingega. VAIM: neutraalsus; peletab negatiivsust, soodustab l\u00f5\u00f5gastumist, kergendab stressi, kaitseb v\u00e4lism\u00f5jutuste eest, parandab und; muudab objektiivseks, selgeks, loogiliseks ja ratsionaalseks. KEHA: valu, pinge, tuimustunne; silendab arme. V\u00f6\u00f6did piki turmaliini k\u00fclgi suurendavad energiavoogu, muutes turmaliini oivaliseks tervendajaks, energiat suurendavaks ja blokke eemaldavaks kiviks. PAIGUTAMINE: pange vajalikule kohale v\u00f5i kandke seal. Meridiaanide stimuleerimiseks paigutage teravik energia liikumise suunas. Suurep\u00e4rane essentskivi, m\u00f5judes kiiresti ja t\u00f5husalt.<\/p>\n<\/div>\n<\/div>\n<\/div>\n<\/div>\n<\/div>\n<\/div>\n","protected":false},"excerpt":{"rendered":"<p>ca 2 cm + aas<\/p>\n<p>galvaniseeritud aasaga naturaalne turmaliin (vask ja tinaga kaetud messing)<br \/>\n<em>*See toode on nikli, plii ja kaadmiumi vaba, vastab Euroopa tooteohutus n\u00f5uetele (REACH).<\/em><\/p>\n","protected":false},"featured_media":152043,"template":"","meta":[],"product_brand":[],"product_cat":[171,166],"product_tag":[],"class_list":{"0":"post-152042","1":"product","2":"type-product","3":"status-publish","4":"has-post-thumbnail","6":"product_cat-ceridwen","7":"product_cat-naturaalse-kiviga-kaelaripatsid","8":"product_shipping_class-xs","10":"first","11":"instock","12":"taxable","13":"shipping-taxable","14":"purchasable","15":"product-type-simple"},"_links":{"self":[{"href":"https:\/\/minervashop.eu\/en\/wp-json\/wp\/v2\/product\/152042","targetHints":{"allow":["GET"]}}],"collection":[{"href":"https:\/\/minervashop.eu\/en\/wp-json\/wp\/v2\/product"}],"about":[{"href":"https:\/\/minervashop.eu\/en\/wp-json\/wp\/v2\/types\/product"}],"wp:featuredmedia":[{"embeddable":true,"href":"https:\/\/minervashop.eu\/en\/wp-json\/wp\/v2\/media\/152043"}],"wp:attachment":[{"href":"https:\/\/minervashop.eu\/en\/wp-json\/wp\/v2\/media?parent=152042"}],"wp:term":[{"taxonomy":"product_brand","embeddable":true,"href":"https:\/\/minervashop.eu\/en\/wp-json\/wp\/v2\/product_brand?post=152042"},{"taxonomy":"product_cat","embeddable":true,"href":"https:\/\/minervashop.eu\/en\/wp-json\/wp\/v2\/product_cat?post=152042"},{"taxonomy":"product_tag","embeddable":true,"href":"https:\/\/minervashop.eu\/en\/wp-json\/wp\/v2\/product_tag?post=152042"}],"curies":[{"name":"wp","href":"https:\/\/api.w.org\/{rel}","templated":true}]}}