{"id":152071,"date":"2025-09-09T12:49:34","date_gmt":"2025-09-09T12:49:34","guid":{"rendered":"https:\/\/minervashop.eu\/?post_type=product&#038;p=152071"},"modified":"2025-10-31T15:37:29","modified_gmt":"2025-10-31T15:37:29","slug":"massaazikuunal-aqua-rose-50-ml","status":"publish","type":"product","link":"https:\/\/minervashop.eu\/en\/toode\/massaazikuunal-aqua-rose-50-ml\/","title":{"rendered":"Massaa\u017eik\u00fc\u00fcnal Aqua Rose 50 ml"},"content":{"rendered":"<p>Loodud selleks, et luua rahulikku atmosf\u00e4\u00e4ri ja meeldivat massaa\u017ei. K\u00e4sitsi valmistatud mesilasvahast, ja kookos\u00f5list k\u00fc\u00fcnal annab k\u00fc\u00fcnla sooja koos toitva omadusega massaa\u017eil. K\u00fc\u00fcnal sulab kiiresti p\u00e4rast s\u00fc\u00fctamist rikkalikuks soojaks \u00f5liks, mida saab kasutada l\u00f5\u00f5gastavaks massaa\u017eiks, mis j\u00e4tab naha pehmeks ja niisutatuks.<\/p>\n<p>S\u00fc\u00fcta k\u00fc\u00fcnal ja lase tekkida v\u00e4ikesel loigul \u00fcmber tahi.\u00a0 Kustuta leek, oota hetk ja vala siis sooja toitvat vaha nahale ja masseeri kergelt.<\/p>\n<p>100% puhas mesilasvaha, toitev balsam ja niisutav kreem. Taaskasutatav metall pakend kallamis tilaga.<\/p>\n<p>koostis -Cocos nuciferia \u00f5li*, valge savi*, gl\u00fctseriin soja \u00f5li, aaloe barbadensis lehe ekstrakt, parf\u00fc\u00fcm, tokoferool, kumariin, geraniool, linalool, citronellol, hexylcinnamaldehyde, alpha-isomethyl ionone.<\/p>\n<p>\u00c4ra kunagi j\u00e4ta p\u00f5levat k\u00fc\u00fcnalt valveta. Hoia eemale s\u00fcttivatest esemetest. Hoiusta ja hoia eemale lastest ja lemmikloomadest. Pane alati stabiilsele ja kuumakindlale alusele.\u00a0 \u00c4ra liiguta k\u00fc\u00fcnalt selle p\u00f5lemise ajal. Hoidu kontaktist limaskestadega. V\u00f5ib tekitada allergilist reaktsiooni.<\/p>\n","protected":false},"excerpt":{"rendered":"<p>62 g<\/p>\n<p>alumiinium purk 5 x 4 cm<\/p>\n<p>P\u00e4ritolumaa &#8211; Saksamaa<\/p>\n<p>l\u00f5hn: \u00f5un, jasmiin,\u00a0 pat\u0161uli<\/p>\n","protected":false},"featured_media":152072,"template":"","meta":[],"product_brand":[],"product_cat":[228,232,433],"product_tag":[],"class_list":{"0":"post-152071","1":"product","2":"type-product","3":"status-publish","4":"has-post-thumbnail","6":"product_cat-baasolid","7":"product_cat-aroomikuunlad","8":"product_cat-kehale","9":"product_shipping_class-s","11":"first","12":"instock","13":"taxable","14":"shipping-taxable","15":"purchasable","16":"product-type-simple"},"_links":{"self":[{"href":"https:\/\/minervashop.eu\/en\/wp-json\/wp\/v2\/product\/152071","targetHints":{"allow":["GET"]}}],"collection":[{"href":"https:\/\/minervashop.eu\/en\/wp-json\/wp\/v2\/product"}],"about":[{"href":"https:\/\/minervashop.eu\/en\/wp-json\/wp\/v2\/types\/product"}],"wp:featuredmedia":[{"embeddable":true,"href":"https:\/\/minervashop.eu\/en\/wp-json\/wp\/v2\/media\/152072"}],"wp:attachment":[{"href":"https:\/\/minervashop.eu\/en\/wp-json\/wp\/v2\/media?parent=152071"}],"wp:term":[{"taxonomy":"product_brand","embeddable":true,"href":"https:\/\/minervashop.eu\/en\/wp-json\/wp\/v2\/product_brand?post=152071"},{"taxonomy":"product_cat","embeddable":true,"href":"https:\/\/minervashop.eu\/en\/wp-json\/wp\/v2\/product_cat?post=152071"},{"taxonomy":"product_tag","embeddable":true,"href":"https:\/\/minervashop.eu\/en\/wp-json\/wp\/v2\/product_tag?post=152071"}],"curies":[{"name":"wp","href":"https:\/\/api.w.org\/{rel}","templated":true}]}}