{"id":152087,"date":"2025-09-09T13:28:44","date_gmt":"2025-09-09T13:28:44","guid":{"rendered":"https:\/\/minervashop.eu\/?post_type=product&#038;p=152087"},"modified":"2025-10-31T15:39:29","modified_gmt":"2025-10-31T15:39:29","slug":"orgoniit-tsitriin-elulillega-ripats","status":"publish","type":"product","link":"https:\/\/minervashop.eu\/en\/toode\/orgoniit-tsitriin-elulillega-ripats\/","title":{"rendered":"Orgoniit tsitriin elulillega ripats"},"content":{"rendered":"<div id=\"row-1026668083\" class=\"row\">\n<div id=\"col-1258685871\" class=\"col small-12 large-12\">\n<div class=\"col-inner\">\n<div class=\"woocommerce-tabs wc-tabs-wrapper container tabbed-content\">\n<div class=\"tab-panels\">\n<div id=\"tab-description\" class=\"woocommerce-Tabs-panel woocommerce-Tabs-panel--description panel entry-content active\" role=\"tabpanel\" aria-labelledby=\"tab-title-description\">\n<p align=\"justify\"><b>Elulille<\/b> s\u00fcmbolit esineb kunstis, k\u00e4sikirjades ja templites l\u00e4bi kultuuride \u00fcle maailma.\u00a0 Elulill on \u00fcmbritsetud m\u00fcstikaga ja usutakse, et temas on k\u00f5ige elava baasinformatsioon. See on v\u00e4ga v\u00f5imas s\u00fcmbol, mis aitab avada teadmatuse ja tunda end valgustununa. Elulill on \u00fcks v\u00f5imsamaid s\u00fcmboleid looduses. Ta esineb p\u00fchas geomeetrias. See on iidne metafoor \u00fchendumise kohta eluga Universumis. Selle t\u00e4hendus on tuntud paljudes kultuurides.<\/p>\n<div class=\"term-description\">\n<p><strong>Ei ole midagi maagilisemat ega esoteerilisemat kui orgoniit. See on valmistatud naturaalsetest kividest, vasest, metalliosadest ja esoteerilistest esemetest sees. See on spirituaalne tervendamisvahend ja kaitseks elektromagnetilise saastuse eest. Paljud inimesed m\u00e4rkavad positiivseid emotsionaalseid m\u00e4rke orgoniit esemete l\u00e4heduses olles, tuju ja emotsioonid t\u00f5usevad, nad magavad paremini. Iga ese on k\u00e4sitsi valmistatud ja seega v\u00f5ib pisut erineda pildil olevast.<\/strong><\/p>\n<p class=\"western\" align=\"justify\"><b>TSITRIIN<\/b>&#8211; (kollane v\u00f5i pruunikas kristalne kvarts), annab julgust elule n\u00e4kku vaadata, soodustab enesev\u00e4ljendamist, aitab depressiooni vastu, aitab m\u00f5ista ja hakkama saada pealesunnitud muljega. Oran\u017eikas-kollane kivi (sakraalt\u0161akrale) aitab vabaneda pingest ja stressist ning rohkem nautida. Kollane kivi (p\u00e4ikesep\u00f5imikule) tasakaalustab seede- ja n\u00e4rvis\u00fcsteemi ning toetab m\u00f5tteselgust ja keskendumisv\u00f5imet. Suurendab enesekindlust ja isiklikku v\u00e4ge. Toob teadmisi tarkuse k\u00f5rgematelt tasanditelt. Kristall, mis ei vaja puhastamist! \u00d5petab, kuidas saavutada edu ja j\u00f5ukust ja seda ka hoida. Tugevdab eneseusku, h\u00e4vitab iseloomu laastavaid omadusi. Soodustab positiivset meelt edasiliikumiseks, aitab mitte tagasi vaadata m\u00f6\u00f6dunule. Eriti sobilik neile, keda m\u00f5jutab teiste inimeste arvamus. Intellektuaalidele ja loogilise m\u00f5tlemisega inimestel aitab ametialaselt edasi j\u00f5uda. KEHA: tugevdab n\u00e4rve, k\u00f5htu, pankreast, p\u00f5rna, samuti aitab voodim\u00e4rgamise vastu. Soodustab seedetegevust, puhastab verd, rahustab n\u00e4rvis\u00fcsteemi. Kasulik naisorganitele menstruaalprobleemide korral. MAAGIA: maja m\u00fc\u00fcmisraskuste korral pange suur kristall, geood v\u00f5i kobar esikusse v\u00f5i elutuppa. V\u00f5ib panna ka v\u00e4ikese kivi igasse tuppa. See suurendab huvi teie kinnisvara vastu.<\/p>\n<\/div>\n<\/div>\n<\/div>\n<\/div>\n<\/div>\n<\/div>\n<\/div>\n","protected":false},"excerpt":{"rendered":"<p>4 cm ripats + aas<\/p>\n<p>kaasas n\u00f6\u00f6r ja magnet sulguriga karp<\/p>\n<div class=\"product-short-description\">\n<div class=\"product-short-description\">\n<h4><strong>vaata lisaks\u00a0<a href=\"https:\/\/minervashop.eu\/uudised\/naturaalsete-kivide-vagi\/\">siit<\/a><\/strong><\/h4>\n<\/div>\n<\/div>\n","protected":false},"featured_media":152088,"template":"","meta":[],"product_brand":[],"product_cat":[265,166,164],"product_tag":[],"class_list":{"0":"post-152087","1":"product","2":"type-product","3":"status-publish","4":"has-post-thumbnail","6":"product_cat-ker","7":"product_cat-naturaalse-kiviga-kaelaripatsid","8":"product_cat-orgoniit-2","9":"product_shipping_class-xs","11":"first","12":"instock","13":"taxable","14":"shipping-taxable","15":"purchasable","16":"product-type-simple"},"_links":{"self":[{"href":"https:\/\/minervashop.eu\/en\/wp-json\/wp\/v2\/product\/152087","targetHints":{"allow":["GET"]}}],"collection":[{"href":"https:\/\/minervashop.eu\/en\/wp-json\/wp\/v2\/product"}],"about":[{"href":"https:\/\/minervashop.eu\/en\/wp-json\/wp\/v2\/types\/product"}],"wp:featuredmedia":[{"embeddable":true,"href":"https:\/\/minervashop.eu\/en\/wp-json\/wp\/v2\/media\/152088"}],"wp:attachment":[{"href":"https:\/\/minervashop.eu\/en\/wp-json\/wp\/v2\/media?parent=152087"}],"wp:term":[{"taxonomy":"product_brand","embeddable":true,"href":"https:\/\/minervashop.eu\/en\/wp-json\/wp\/v2\/product_brand?post=152087"},{"taxonomy":"product_cat","embeddable":true,"href":"https:\/\/minervashop.eu\/en\/wp-json\/wp\/v2\/product_cat?post=152087"},{"taxonomy":"product_tag","embeddable":true,"href":"https:\/\/minervashop.eu\/en\/wp-json\/wp\/v2\/product_tag?post=152087"}],"curies":[{"name":"wp","href":"https:\/\/api.w.org\/{rel}","templated":true}]}}