{"id":152098,"date":"2025-09-09T13:42:37","date_gmt":"2025-09-09T13:42:37","guid":{"rendered":"https:\/\/minervashop.eu\/?post_type=product&#038;p=152098"},"modified":"2025-10-31T15:39:05","modified_gmt":"2025-10-31T15:39:05","slug":"puidust-palvehelmed","status":"publish","type":"product","link":"https:\/\/minervashop.eu\/en\/toode\/puidust-palvehelmed\/","title":{"rendered":"Puidust palvehelmed"},"content":{"rendered":"<p>Mala on hinduistlik ja budistlik palve ja meditatsiooni vahend. Seda kasutatakse mantra lugemiseks meditatsiooni ajal. Mantra on s\u00f5nade hulk, sageli Sanskriti keeles, mida korratakse\u00a0 mitmeid kordi,\u00a0 traditsiooniliselt 108 korda. Korrates sa keskendud, fokusseerid t\u00e4hendusele ja s\u00f5nade vibratsioonile., mis on kombineeritud\u00a0 kaasneva visualiseerimisega. Sellisel moel meditatsiooni praktikat treenides m\u00f5tted seavad end puhkama ja keha l\u00f5\u00f5gastub. T\u00e4nap\u00e4eval kantakse malat ka moe aksessuaarina.<\/p>\n<p>Miks 108? 108 sellep\u00e4rast, et sellel numbril on\u00a0 suur teaduslik t\u00e4hendus Hindu ja budistlikes traditsioonides. P\u00e4ikese \u00fcmberm\u00f5\u00f5tu seostatakse 108-ga &#8211; vahemaaga p\u00e4ikese ja Maa vahel ning sama on Kuu ja Maa vahega. samuti on 108 naadi energia kanalid kehas. On 54 sanskriti t\u00e4hte\u00a0 &#8211; m\u00f5lemad maskuliinsed ja naiselikud , kokku 108. On 108 Puranat ja\u00a0 108 Upanishaadi. Nimekiri j\u00e4tkub ja j\u00e4tkub! Seda p\u00fcha numbrit kasutatakse ka malas.<\/p>\n<p>Helmekeed kasutatakse korduvate mantrate lugemiseks. Seega teenib see sama eesm\u00e4rki, mis roosikrants. helmed on tehtud v\u00e4\u00e4rispuidust, poolv\u00e4\u00e4riskividest, seemnetest, p\u00e4rlitest, bodhi-seemnetest v\u00f5i puidust ning need teenivad k\u00f5ikv\u00f5imalikke eesm\u00e4rke, nagu igat sorti mantrate lugemine v\u00f5i palvete, vannete lugemine. K\u00f5ikidel maladel on sama n\u00f6\u00f6r, mis peab olema tehtud 9st niidist, s\u00fcmboliseerides Buddha Vajradharat ja kaheksat Bodhisattvat. Suurem helmes l\u00f5pus seisab tarkuse eest, realiseerides t\u00fchjust, silindriline\u00a0 helmes suure helme juures s\u00fcmboliseerib t\u00fchjust ennast. Koos nad s\u00fcmboliseerivad v\u00f5itu k\u00f5igi vastandite \u00fcle.<\/p>\n","protected":false},"excerpt":{"rendered":"<p>elastne n\u00f6\u00f6r v\u00f5imaldab kanda malat nii keena kui k\u00e4ev\u00f5runa<\/p>\n<p>38 cm 8g p\u00e4rl 0,7 cm<\/p>\n<p>&nbsp;<\/p>\n","protected":false},"featured_media":152099,"template":"","meta":[],"product_brand":[],"product_cat":[391,227],"product_tag":[],"class_list":{"0":"post-152098","1":"product","2":"type-product","3":"status-publish","4":"has-post-thumbnail","6":"product_cat-naturaalsest-materjalist-kaelakeed","7":"product_cat-muust-materjalist-kaevorud","8":"product_shipping_class-xs","10":"first","11":"instock","12":"taxable","13":"shipping-taxable","14":"purchasable","15":"product-type-simple"},"_links":{"self":[{"href":"https:\/\/minervashop.eu\/en\/wp-json\/wp\/v2\/product\/152098","targetHints":{"allow":["GET"]}}],"collection":[{"href":"https:\/\/minervashop.eu\/en\/wp-json\/wp\/v2\/product"}],"about":[{"href":"https:\/\/minervashop.eu\/en\/wp-json\/wp\/v2\/types\/product"}],"wp:featuredmedia":[{"embeddable":true,"href":"https:\/\/minervashop.eu\/en\/wp-json\/wp\/v2\/media\/152099"}],"wp:attachment":[{"href":"https:\/\/minervashop.eu\/en\/wp-json\/wp\/v2\/media?parent=152098"}],"wp:term":[{"taxonomy":"product_brand","embeddable":true,"href":"https:\/\/minervashop.eu\/en\/wp-json\/wp\/v2\/product_brand?post=152098"},{"taxonomy":"product_cat","embeddable":true,"href":"https:\/\/minervashop.eu\/en\/wp-json\/wp\/v2\/product_cat?post=152098"},{"taxonomy":"product_tag","embeddable":true,"href":"https:\/\/minervashop.eu\/en\/wp-json\/wp\/v2\/product_tag?post=152098"}],"curies":[{"name":"wp","href":"https:\/\/api.w.org\/{rel}","templated":true}]}}