{"id":152110,"date":"2025-09-10T14:23:02","date_gmt":"2025-09-10T14:23:02","guid":{"rendered":"https:\/\/minervashop.eu\/?post_type=product&#038;p=152110"},"modified":"2025-10-31T15:38:41","modified_gmt":"2025-10-31T15:38:41","slug":"onnitluskaart-sugise-jumalanna","status":"publish","type":"product","link":"https:\/\/minervashop.eu\/en\/toode\/onnitluskaart-sugise-jumalanna\/","title":{"rendered":"\u00d5nnitluskaart  S\u00fcgise jumalanna"},"content":{"rendered":"","protected":false},"excerpt":{"rendered":"<p>k\u00e4sit\u00f6\u00f6na valminud \u00f5nnitluskaart erinevaks t\u00e4htp\u00e4evaks. Maagilised s\u00fcmbolid &#8211; kell &#8211; eesm\u00e4rgip\u00e4rane aja kasutus, metsaannid &#8211; looduse k\u00fclluslikkus, jumalanna &#8211; looduse k\u00fclluse hoidja<\/p>\n<p>sees rahatasku ja ruum oma s\u00f5numile<\/p>\n<p>kaunistused &#8211; paber, helmed, kangas<\/p>\n<p>10,3 x 7,2 cm kaart suletuna<\/p>\n","protected":false},"featured_media":152156,"template":"","meta":[],"product_brand":[],"product_cat":[266,385,599,368],"product_tag":[],"class_list":{"0":"post-152110","1":"product","2":"type-product","3":"status-publish","4":"has-post-thumbnail","6":"product_cat-banbha","7":"product_cat-kellad","8":"product_cat-muud-postkaardid","9":"product_cat-loomade-ja-lindudegaga-postkaardid","10":"product_shipping_class-s","12":"first","13":"instock","14":"taxable","15":"shipping-taxable","16":"purchasable","17":"product-type-simple"},"_links":{"self":[{"href":"https:\/\/minervashop.eu\/en\/wp-json\/wp\/v2\/product\/152110","targetHints":{"allow":["GET"]}}],"collection":[{"href":"https:\/\/minervashop.eu\/en\/wp-json\/wp\/v2\/product"}],"about":[{"href":"https:\/\/minervashop.eu\/en\/wp-json\/wp\/v2\/types\/product"}],"wp:featuredmedia":[{"embeddable":true,"href":"https:\/\/minervashop.eu\/en\/wp-json\/wp\/v2\/media\/152156"}],"wp:attachment":[{"href":"https:\/\/minervashop.eu\/en\/wp-json\/wp\/v2\/media?parent=152110"}],"wp:term":[{"taxonomy":"product_brand","embeddable":true,"href":"https:\/\/minervashop.eu\/en\/wp-json\/wp\/v2\/product_brand?post=152110"},{"taxonomy":"product_cat","embeddable":true,"href":"https:\/\/minervashop.eu\/en\/wp-json\/wp\/v2\/product_cat?post=152110"},{"taxonomy":"product_tag","embeddable":true,"href":"https:\/\/minervashop.eu\/en\/wp-json\/wp\/v2\/product_tag?post=152110"}],"curies":[{"name":"wp","href":"https:\/\/api.w.org\/{rel}","templated":true}]}}