{"id":152118,"date":"2025-09-10T14:29:46","date_gmt":"2025-09-10T14:29:46","guid":{"rendered":"https:\/\/minervashop.eu\/?post_type=product&#038;p=152118"},"modified":"2025-10-31T15:40:48","modified_gmt":"2025-10-31T15:40:48","slug":"neitsi-tahtkuju-onnitluskaart","status":"publish","type":"product","link":"https:\/\/minervashop.eu\/en\/toode\/neitsi-tahtkuju-onnitluskaart\/","title":{"rendered":"Neitsi t\u00e4htkuju \u00f5nnitluskaart"},"content":{"rendered":"","protected":false},"excerpt":{"rendered":"<p>sees rahatasku ja ruum oma s\u00f5numile<\/p>\n<p>kaunistused &#8211; paber, helmed, kangas<\/p>\n<p>11 x 14 cm kaart suletuna<\/p>\n","protected":false},"featured_media":152141,"template":"","meta":[],"product_brand":[],"product_cat":[266,599,459],"product_tag":[],"class_list":{"0":"post-152118","1":"product","2":"type-product","3":"status-publish","4":"has-post-thumbnail","6":"product_cat-banbha","7":"product_cat-muud-postkaardid","8":"product_cat-sodiaak","9":"product_shipping_class-s","11":"first","12":"instock","13":"taxable","14":"shipping-taxable","15":"purchasable","16":"product-type-simple"},"_links":{"self":[{"href":"https:\/\/minervashop.eu\/en\/wp-json\/wp\/v2\/product\/152118","targetHints":{"allow":["GET"]}}],"collection":[{"href":"https:\/\/minervashop.eu\/en\/wp-json\/wp\/v2\/product"}],"about":[{"href":"https:\/\/minervashop.eu\/en\/wp-json\/wp\/v2\/types\/product"}],"wp:featuredmedia":[{"embeddable":true,"href":"https:\/\/minervashop.eu\/en\/wp-json\/wp\/v2\/media\/152141"}],"wp:attachment":[{"href":"https:\/\/minervashop.eu\/en\/wp-json\/wp\/v2\/media?parent=152118"}],"wp:term":[{"taxonomy":"product_brand","embeddable":true,"href":"https:\/\/minervashop.eu\/en\/wp-json\/wp\/v2\/product_brand?post=152118"},{"taxonomy":"product_cat","embeddable":true,"href":"https:\/\/minervashop.eu\/en\/wp-json\/wp\/v2\/product_cat?post=152118"},{"taxonomy":"product_tag","embeddable":true,"href":"https:\/\/minervashop.eu\/en\/wp-json\/wp\/v2\/product_tag?post=152118"}],"curies":[{"name":"wp","href":"https:\/\/api.w.org\/{rel}","templated":true}]}}