{"id":152159,"date":"2025-09-11T11:17:33","date_gmt":"2025-09-11T11:17:33","guid":{"rendered":"https:\/\/minervashop.eu\/?post_type=product&#038;p=152159"},"modified":"2025-10-31T15:39:55","modified_gmt":"2025-10-31T15:39:55","slug":"hele-sinine-roosidega-kinkekarp","status":"publish","type":"product","link":"https:\/\/minervashop.eu\/en\/toode\/hele-sinine-roosidega-kinkekarp\/","title":{"rendered":"Hele sinine roosidega kinkekarp"},"content":{"rendered":"","protected":false},"excerpt":{"rendered":"<p>tugev kartongist karp, k\u00e4sit\u00f6\u00f6 kaunistused, p\u00e4rlid, kangas, pael, sees organza vooderdus<\/p>\n<p>karbil \u00fckssarve muster<\/p>\n<p>sisu m\u00f5\u00f5t 12,5 x 11,8 x 8,5 cm<\/p>\n<p>v\u00e4lis m\u00f5\u00f5t 14 x 8,5 x 15,3 + kaunistused ca 2 -4 cm<\/p>\n<div class=\"product-short-description\">\n<div class=\"product-short-description\">\n<h3><strong>vaata lisa infot\u00a0<a href=\"https:\/\/rnojomku.sendsmaily.net\/templates\/9e110e04-5e30-4e8b-bb40-bf7729f773df\/html\/\">siit<\/a><\/strong><\/h3>\n<\/div>\n<\/div>\n<div class=\"add-to-cart-container form-normal is-normal\"><\/div>\n","protected":false},"featured_media":152172,"template":"","meta":[],"product_brand":[],"product_cat":[261,264,245,66],"product_tag":[],"class_list":{"0":"post-152159","1":"product","2":"type-product","3":"status-publish","4":"has-post-thumbnail","6":"product_cat-brigitta","7":"product_cat-domnu","8":"product_cat-kartongist-karbid","9":"product_cat-ukssarved-ja-hobused","10":"product_shipping_class-s","12":"first","13":"instock","14":"taxable","15":"shipping-taxable","16":"purchasable","17":"product-type-simple"},"_links":{"self":[{"href":"https:\/\/minervashop.eu\/en\/wp-json\/wp\/v2\/product\/152159","targetHints":{"allow":["GET"]}}],"collection":[{"href":"https:\/\/minervashop.eu\/en\/wp-json\/wp\/v2\/product"}],"about":[{"href":"https:\/\/minervashop.eu\/en\/wp-json\/wp\/v2\/types\/product"}],"wp:featuredmedia":[{"embeddable":true,"href":"https:\/\/minervashop.eu\/en\/wp-json\/wp\/v2\/media\/152172"}],"wp:attachment":[{"href":"https:\/\/minervashop.eu\/en\/wp-json\/wp\/v2\/media?parent=152159"}],"wp:term":[{"taxonomy":"product_brand","embeddable":true,"href":"https:\/\/minervashop.eu\/en\/wp-json\/wp\/v2\/product_brand?post=152159"},{"taxonomy":"product_cat","embeddable":true,"href":"https:\/\/minervashop.eu\/en\/wp-json\/wp\/v2\/product_cat?post=152159"},{"taxonomy":"product_tag","embeddable":true,"href":"https:\/\/minervashop.eu\/en\/wp-json\/wp\/v2\/product_tag?post=152159"}],"curies":[{"name":"wp","href":"https:\/\/api.w.org\/{rel}","templated":true}]}}