{"id":152241,"date":"2025-09-12T09:08:58","date_gmt":"2025-09-12T09:08:58","guid":{"rendered":"https:\/\/minervashop.eu\/?post_type=product&#038;p=152241"},"modified":"2025-10-31T15:41:28","modified_gmt":"2025-10-31T15:41:28","slug":"umar-roosidega-tuub-karp","status":"publish","type":"product","link":"https:\/\/minervashop.eu\/en\/toode\/umar-roosidega-tuub-karp\/","title":{"rendered":"\u00dcmar roosidega tuub-karp"},"content":{"rendered":"","protected":false},"excerpt":{"rendered":"<p>tugevast kartongist, plast kaanega tuub karp<\/p>\n<p>k\u00e4sit\u00f6\u00f6 kaunistused, kristallid, paber, pael<\/p>\n<p>l\u00e4bim\u00f5\u00f5t 75 mm + kaunistused<\/p>\n<p>k\u00f5rgus 15 cm<\/p>\n","protected":false},"featured_media":152246,"template":"","meta":[],"product_brand":[],"product_cat":[266,245],"product_tag":[],"class_list":{"0":"post-152241","1":"product","2":"type-product","3":"status-publish","4":"has-post-thumbnail","6":"product_cat-banbha","7":"product_cat-kartongist-karbid","8":"product_shipping_class-s","10":"first","11":"instock","12":"taxable","13":"shipping-taxable","14":"purchasable","15":"product-type-simple"},"_links":{"self":[{"href":"https:\/\/minervashop.eu\/en\/wp-json\/wp\/v2\/product\/152241","targetHints":{"allow":["GET"]}}],"collection":[{"href":"https:\/\/minervashop.eu\/en\/wp-json\/wp\/v2\/product"}],"about":[{"href":"https:\/\/minervashop.eu\/en\/wp-json\/wp\/v2\/types\/product"}],"wp:featuredmedia":[{"embeddable":true,"href":"https:\/\/minervashop.eu\/en\/wp-json\/wp\/v2\/media\/152246"}],"wp:attachment":[{"href":"https:\/\/minervashop.eu\/en\/wp-json\/wp\/v2\/media?parent=152241"}],"wp:term":[{"taxonomy":"product_brand","embeddable":true,"href":"https:\/\/minervashop.eu\/en\/wp-json\/wp\/v2\/product_brand?post=152241"},{"taxonomy":"product_cat","embeddable":true,"href":"https:\/\/minervashop.eu\/en\/wp-json\/wp\/v2\/product_cat?post=152241"},{"taxonomy":"product_tag","embeddable":true,"href":"https:\/\/minervashop.eu\/en\/wp-json\/wp\/v2\/product_tag?post=152241"}],"curies":[{"name":"wp","href":"https:\/\/api.w.org\/{rel}","templated":true}]}}