{"id":152341,"date":"2025-09-13T09:42:58","date_gmt":"2025-09-13T09:42:58","guid":{"rendered":"https:\/\/minervashop.eu\/?post_type=product&#038;p=152341"},"modified":"2025-11-12T13:21:56","modified_gmt":"2025-11-12T13:21:56","slug":"hobedased-patsi-voi-habeme-rongad-10-tk","status":"publish","type":"product","link":"https:\/\/minervashop.eu\/en\/toode\/hobedased-patsi-voi-habeme-rongad-10-tk\/","title":{"rendered":"H\u00f5bedased patsi v\u00f5i habeme r\u00f5ngad 10 tk."},"content":{"rendered":"","protected":false},"excerpt":{"rendered":"<p>painutatavad metallist r\u00f5ngad patsi v\u00f5i habeme jaoks, pakis mix valik<\/p>\n","protected":false},"featured_media":152346,"template":"","meta":[],"product_brand":[],"product_cat":[260,590,455],"product_tag":[],"class_list":{"0":"post-152341","1":"product","2":"type-product","3":"status-publish","4":"has-post-thumbnail","6":"product_cat-danu","7":"product_cat-meeste-aksessuaarid","8":"product_cat-muud-soenguehted","9":"product_shipping_class-xs","11":"first","12":"instock","13":"taxable","14":"shipping-taxable","15":"purchasable","16":"product-type-simple"},"_links":{"self":[{"href":"https:\/\/minervashop.eu\/en\/wp-json\/wp\/v2\/product\/152341","targetHints":{"allow":["GET"]}}],"collection":[{"href":"https:\/\/minervashop.eu\/en\/wp-json\/wp\/v2\/product"}],"about":[{"href":"https:\/\/minervashop.eu\/en\/wp-json\/wp\/v2\/types\/product"}],"wp:featuredmedia":[{"embeddable":true,"href":"https:\/\/minervashop.eu\/en\/wp-json\/wp\/v2\/media\/152346"}],"wp:attachment":[{"href":"https:\/\/minervashop.eu\/en\/wp-json\/wp\/v2\/media?parent=152341"}],"wp:term":[{"taxonomy":"product_brand","embeddable":true,"href":"https:\/\/minervashop.eu\/en\/wp-json\/wp\/v2\/product_brand?post=152341"},{"taxonomy":"product_cat","embeddable":true,"href":"https:\/\/minervashop.eu\/en\/wp-json\/wp\/v2\/product_cat?post=152341"},{"taxonomy":"product_tag","embeddable":true,"href":"https:\/\/minervashop.eu\/en\/wp-json\/wp\/v2\/product_tag?post=152341"}],"curies":[{"name":"wp","href":"https:\/\/api.w.org\/{rel}","templated":true}]}}