{"id":152388,"date":"2025-09-15T07:46:59","date_gmt":"2025-09-15T07:46:59","guid":{"rendered":"https:\/\/minervashop.eu\/?post_type=product&#038;p=152388"},"modified":"2025-10-31T15:43:57","modified_gmt":"2025-10-31T15:43:57","slug":"must-pluus-jumalannadega","status":"publish","type":"product","link":"https:\/\/minervashop.eu\/en\/toode\/must-pluus-jumalannadega\/","title":{"rendered":"Must pluus jumalannadega"},"content":{"rendered":"","protected":false},"excerpt":{"rendered":"<p>95% pol\u00fcester 5 % elastaan<\/p>\n<p>mugav pehme\u00a0 materjal, kaela tagant seotav n\u00f6\u00f6r, tr\u00fckitud muster<\/p>\n<p>toote m\u00f5\u00f5dud, millele lisandub venivus<\/p>\n<p>\u00f5lad 44 cm rind 59 cm varruka pikkus 62 cm<\/p>\n","protected":false},"featured_media":152389,"template":"","meta":[],"product_brand":[],"product_cat":[260,702],"product_tag":[],"class_list":{"0":"post-152388","1":"product","2":"type-product","3":"status-publish","4":"has-post-thumbnail","6":"product_cat-danu","7":"product_cat-pluusid-ja-topid","8":"product_shipping_class-xs","10":"first","11":"instock","12":"taxable","13":"shipping-taxable","14":"purchasable","15":"product-type-simple"},"_links":{"self":[{"href":"https:\/\/minervashop.eu\/en\/wp-json\/wp\/v2\/product\/152388","targetHints":{"allow":["GET"]}}],"collection":[{"href":"https:\/\/minervashop.eu\/en\/wp-json\/wp\/v2\/product"}],"about":[{"href":"https:\/\/minervashop.eu\/en\/wp-json\/wp\/v2\/types\/product"}],"wp:featuredmedia":[{"embeddable":true,"href":"https:\/\/minervashop.eu\/en\/wp-json\/wp\/v2\/media\/152389"}],"wp:attachment":[{"href":"https:\/\/minervashop.eu\/en\/wp-json\/wp\/v2\/media?parent=152388"}],"wp:term":[{"taxonomy":"product_brand","embeddable":true,"href":"https:\/\/minervashop.eu\/en\/wp-json\/wp\/v2\/product_brand?post=152388"},{"taxonomy":"product_cat","embeddable":true,"href":"https:\/\/minervashop.eu\/en\/wp-json\/wp\/v2\/product_cat?post=152388"},{"taxonomy":"product_tag","embeddable":true,"href":"https:\/\/minervashop.eu\/en\/wp-json\/wp\/v2\/product_tag?post=152388"}],"curies":[{"name":"wp","href":"https:\/\/api.w.org\/{rel}","templated":true}]}}