{"id":152397,"date":"2025-09-15T08:02:32","date_gmt":"2025-09-15T08:02:32","guid":{"rendered":"https:\/\/minervashop.eu\/?post_type=product&#038;p=152397"},"modified":"2025-10-31T15:46:04","modified_gmt":"2025-10-31T15:46:04","slug":"tekstiil-puramiidid-korbes-100-x-150-cm","status":"publish","type":"product","link":"https:\/\/minervashop.eu\/en\/toode\/tekstiil-puramiidid-korbes-100-x-150-cm\/","title":{"rendered":"Tekstiil P\u00fcramiidid k\u00f5rbes 100 x 150 cm"},"content":{"rendered":"","protected":false},"excerpt":{"rendered":"<p>100% pol\u00fcester, tugev ja tihe, kergesti triigitav, tr\u00fckitud pilt erksates v\u00e4rvides<\/p>\n<p>kasuta seinale panemiseks, et luua Egiptuse p\u00fcramiidide h\u00f5ngu<\/p>\n<p>150 x 100 cm<\/p>\n","protected":false},"featured_media":152398,"template":"","meta":[],"product_brand":[],"product_cat":[576,464],"product_tag":[],"class_list":{"0":"post-152397","1":"product","2":"type-product","3":"status-publish","4":"has-post-thumbnail","6":"product_cat-egiptuse-amuletid","7":"product_cat-tekstiil-tooted","8":"product_shipping_class-xs","10":"first","11":"instock","12":"taxable","13":"shipping-taxable","14":"purchasable","15":"product-type-simple"},"_links":{"self":[{"href":"https:\/\/minervashop.eu\/en\/wp-json\/wp\/v2\/product\/152397","targetHints":{"allow":["GET"]}}],"collection":[{"href":"https:\/\/minervashop.eu\/en\/wp-json\/wp\/v2\/product"}],"about":[{"href":"https:\/\/minervashop.eu\/en\/wp-json\/wp\/v2\/types\/product"}],"wp:featuredmedia":[{"embeddable":true,"href":"https:\/\/minervashop.eu\/en\/wp-json\/wp\/v2\/media\/152398"}],"wp:attachment":[{"href":"https:\/\/minervashop.eu\/en\/wp-json\/wp\/v2\/media?parent=152397"}],"wp:term":[{"taxonomy":"product_brand","embeddable":true,"href":"https:\/\/minervashop.eu\/en\/wp-json\/wp\/v2\/product_brand?post=152397"},{"taxonomy":"product_cat","embeddable":true,"href":"https:\/\/minervashop.eu\/en\/wp-json\/wp\/v2\/product_cat?post=152397"},{"taxonomy":"product_tag","embeddable":true,"href":"https:\/\/minervashop.eu\/en\/wp-json\/wp\/v2\/product_tag?post=152397"}],"curies":[{"name":"wp","href":"https:\/\/api.w.org\/{rel}","templated":true}]}}