{"id":152453,"date":"2025-09-16T10:27:58","date_gmt":"2025-09-16T10:27:58","guid":{"rendered":"https:\/\/minervashop.eu\/?post_type=product&#038;p=152453"},"modified":"2025-10-31T15:46:56","modified_gmt":"2025-10-31T15:46:56","slug":"hall-samet-kott-rooside-ja-parliketiga","status":"publish","type":"product","link":"https:\/\/minervashop.eu\/en\/toode\/hall-samet-kott-rooside-ja-parliketiga\/","title":{"rendered":"Hall samet kott rooside ja p\u00e4rliketiga"},"content":{"rendered":"","protected":false},"excerpt":{"rendered":"<p>sametine kangas, organza roosid, antiikne pol\u00fcester pael sametise mustriga, n\u00f6\u00f6p<\/p>\n<p>25,5 x 17 suletuna<\/p>\n<p>Ainulaadne disain, \u00fcksik eksemplar! P\u00e4rliketist moodustub s\u00fcdame disain.<\/p>\n","protected":false},"featured_media":152468,"template":"","meta":[],"product_brand":[],"product_cat":[260,63,155,727],"product_tag":[],"class_list":{"0":"post-152453","1":"product","2":"type-product","3":"status-publish","4":"has-post-thumbnail","6":"product_cat-danu","7":"product_cat-kallimale","8":"product_cat-kangast-kotid","9":"product_cat-sudamed","10":"product_shipping_class-xs","12":"first","13":"instock","14":"taxable","15":"shipping-taxable","16":"purchasable","17":"product-type-simple"},"_links":{"self":[{"href":"https:\/\/minervashop.eu\/en\/wp-json\/wp\/v2\/product\/152453","targetHints":{"allow":["GET"]}}],"collection":[{"href":"https:\/\/minervashop.eu\/en\/wp-json\/wp\/v2\/product"}],"about":[{"href":"https:\/\/minervashop.eu\/en\/wp-json\/wp\/v2\/types\/product"}],"wp:featuredmedia":[{"embeddable":true,"href":"https:\/\/minervashop.eu\/en\/wp-json\/wp\/v2\/media\/152468"}],"wp:attachment":[{"href":"https:\/\/minervashop.eu\/en\/wp-json\/wp\/v2\/media?parent=152453"}],"wp:term":[{"taxonomy":"product_brand","embeddable":true,"href":"https:\/\/minervashop.eu\/en\/wp-json\/wp\/v2\/product_brand?post=152453"},{"taxonomy":"product_cat","embeddable":true,"href":"https:\/\/minervashop.eu\/en\/wp-json\/wp\/v2\/product_cat?post=152453"},{"taxonomy":"product_tag","embeddable":true,"href":"https:\/\/minervashop.eu\/en\/wp-json\/wp\/v2\/product_tag?post=152453"}],"curies":[{"name":"wp","href":"https:\/\/api.w.org\/{rel}","templated":true}]}}