{"id":152526,"date":"2025-09-16T11:30:52","date_gmt":"2025-09-16T11:30:52","guid":{"rendered":"https:\/\/minervashop.eu\/?post_type=product&#038;p=152526"},"modified":"2025-11-01T10:52:19","modified_gmt":"2025-11-01T10:52:19","slug":"fassett-lihvitud-naturaalse-umara-kiviga-hobedane-sormus","status":"publish","type":"product","link":"https:\/\/minervashop.eu\/en\/toode\/fassett-lihvitud-naturaalse-umara-kiviga-hobedane-sormus\/","title":{"rendered":"Fassett lihvitud naturaalse \u00fcmara kiviga h\u00f5bedane s\u00f5rmus"},"content":{"rendered":"<h3><strong>vaata lisaks\u00a0<a href=\"https:\/\/minervashop.eu\/uudised\/naturaalsest-kivist-ehted\/\">siit<\/a><\/strong><\/h3>\n","protected":false},"excerpt":{"rendered":"<p>reguleeritav suurus\u00a0 17-19<\/p>\n<p>naturaalne kivi 18 mm<\/p>\n<p>metallisulam<\/p>\n","protected":false},"featured_media":152535,"template":"","meta":[],"product_brand":[],"product_cat":[262,266,265,263,159,40,735,173,258],"product_tag":[],"class_list":{"0":"post-152526","1":"product","2":"type-product","3":"status-publish","4":"has-post-thumbnail","6":"product_cat-artha","7":"product_cat-banbha","8":"product_cat-ker","9":"product_cat-rhiannon","10":"product_cat-hobeda-varvi-sormused","11":"product_cat-naturaalse-kiviga-sormused","12":"product_cat-pruuni-kiviga-sormused","13":"product_cat-rohelise-kiviga-sormused","14":"product_cat-roosa-kiviga-sormused","15":"product_shipping_class-xs","17":"first","18":"instock","19":"taxable","20":"shipping-taxable","21":"purchasable","22":"product-type-variable"},"_links":{"self":[{"href":"https:\/\/minervashop.eu\/en\/wp-json\/wp\/v2\/product\/152526","targetHints":{"allow":["GET"]}}],"collection":[{"href":"https:\/\/minervashop.eu\/en\/wp-json\/wp\/v2\/product"}],"about":[{"href":"https:\/\/minervashop.eu\/en\/wp-json\/wp\/v2\/types\/product"}],"wp:featuredmedia":[{"embeddable":true,"href":"https:\/\/minervashop.eu\/en\/wp-json\/wp\/v2\/media\/152535"}],"wp:attachment":[{"href":"https:\/\/minervashop.eu\/en\/wp-json\/wp\/v2\/media?parent=152526"}],"wp:term":[{"taxonomy":"product_brand","embeddable":true,"href":"https:\/\/minervashop.eu\/en\/wp-json\/wp\/v2\/product_brand?post=152526"},{"taxonomy":"product_cat","embeddable":true,"href":"https:\/\/minervashop.eu\/en\/wp-json\/wp\/v2\/product_cat?post=152526"},{"taxonomy":"product_tag","embeddable":true,"href":"https:\/\/minervashop.eu\/en\/wp-json\/wp\/v2\/product_tag?post=152526"}],"curies":[{"name":"wp","href":"https:\/\/api.w.org\/{rel}","templated":true}]}}