{"id":152634,"date":"2025-09-16T14:26:01","date_gmt":"2025-09-16T14:26:01","guid":{"rendered":"https:\/\/minervashop.eu\/?post_type=product&#038;p=152634"},"modified":"2026-01-09T09:35:50","modified_gmt":"2026-01-09T09:35:50","slug":"kristallide-kinkekomplekt","status":"publish","type":"product","link":"https:\/\/minervashop.eu\/en\/toode\/kristallide-kinkekomplekt\/","title":{"rendered":"Kristallide kinkekomplekt"},"content":{"rendered":"<h4><strong>vaata lisaks\u00a0<a href=\"https:\/\/minervashop.eu\/uudised\/naturaalsete-kivide-vagi\/\">siit<\/a><\/strong><\/h4>\n","protected":false},"excerpt":{"rendered":"<h4><strong>vaata lisaks\u00a0<a href=\"https:\/\/minervashop.eu\/uudised\/naturaalsete-kivide-vagi\/\">siit<\/a><\/strong><\/h4>\n<p>komplektis kristallid ca 4 cm<\/p>\n<p>roosa kvarts, must turmaliin, p\u00fcriit, amet\u00fcst, m\u00e4ekristall<\/p>\n<p>kinkekarbis<\/p>\n<p>NB! Iga komplekt koosneb erineva kuju ja v\u00e4rvitooni poolest, kuna tegemist on naturaalsete kristallidega!<\/p>\n","protected":false},"featured_media":152635,"template":"","meta":[],"product_brand":[],"product_cat":[53],"product_tag":[],"class_list":{"0":"post-152634","1":"product","2":"type-product","3":"status-publish","4":"has-post-thumbnail","6":"product_cat-toorkivid","7":"product_shipping_class-s","9":"first","10":"outofstock","11":"taxable","12":"shipping-taxable","13":"purchasable","14":"product-type-simple"},"_links":{"self":[{"href":"https:\/\/minervashop.eu\/en\/wp-json\/wp\/v2\/product\/152634","targetHints":{"allow":["GET"]}}],"collection":[{"href":"https:\/\/minervashop.eu\/en\/wp-json\/wp\/v2\/product"}],"about":[{"href":"https:\/\/minervashop.eu\/en\/wp-json\/wp\/v2\/types\/product"}],"wp:featuredmedia":[{"embeddable":true,"href":"https:\/\/minervashop.eu\/en\/wp-json\/wp\/v2\/media\/152635"}],"wp:attachment":[{"href":"https:\/\/minervashop.eu\/en\/wp-json\/wp\/v2\/media?parent=152634"}],"wp:term":[{"taxonomy":"product_brand","embeddable":true,"href":"https:\/\/minervashop.eu\/en\/wp-json\/wp\/v2\/product_brand?post=152634"},{"taxonomy":"product_cat","embeddable":true,"href":"https:\/\/minervashop.eu\/en\/wp-json\/wp\/v2\/product_cat?post=152634"},{"taxonomy":"product_tag","embeddable":true,"href":"https:\/\/minervashop.eu\/en\/wp-json\/wp\/v2\/product_tag?post=152634"}],"curies":[{"name":"wp","href":"https:\/\/api.w.org\/{rel}","templated":true}]}}