{"id":152644,"date":"2025-09-17T08:43:07","date_gmt":"2025-09-17T08:43:07","guid":{"rendered":"https:\/\/minervashop.eu\/?post_type=product&#038;p=152644"},"modified":"2025-11-01T10:52:44","modified_gmt":"2025-11-01T10:52:44","slug":"piklik-hall-samet-kott-parlitega","status":"publish","type":"product","link":"https:\/\/minervashop.eu\/en\/toode\/piklik-hall-samet-kott-parlitega\/","title":{"rendered":"Piklik hall samet kott p\u00e4rlitega"},"content":{"rendered":"","protected":false},"excerpt":{"rendered":"<p>pehme veluursamet, pol\u00fcester pael, plastik p\u00e4rlid, n\u00f6\u00f6p<\/p>\n<p>suletuna 32 x 16 cm<\/p>\n<p>Ainulaadne kordumatu eksemplar!<\/p>\n","protected":false},"featured_media":152645,"template":"","meta":[],"product_brand":[],"product_cat":[260,155],"product_tag":[],"class_list":{"0":"post-152644","1":"product","2":"type-product","3":"status-publish","4":"has-post-thumbnail","6":"product_cat-danu","7":"product_cat-kangast-kotid","8":"product_shipping_class-xs","10":"first","11":"instock","12":"taxable","13":"shipping-taxable","14":"purchasable","15":"product-type-simple"},"_links":{"self":[{"href":"https:\/\/minervashop.eu\/en\/wp-json\/wp\/v2\/product\/152644","targetHints":{"allow":["GET"]}}],"collection":[{"href":"https:\/\/minervashop.eu\/en\/wp-json\/wp\/v2\/product"}],"about":[{"href":"https:\/\/minervashop.eu\/en\/wp-json\/wp\/v2\/types\/product"}],"wp:featuredmedia":[{"embeddable":true,"href":"https:\/\/minervashop.eu\/en\/wp-json\/wp\/v2\/media\/152645"}],"wp:attachment":[{"href":"https:\/\/minervashop.eu\/en\/wp-json\/wp\/v2\/media?parent=152644"}],"wp:term":[{"taxonomy":"product_brand","embeddable":true,"href":"https:\/\/minervashop.eu\/en\/wp-json\/wp\/v2\/product_brand?post=152644"},{"taxonomy":"product_cat","embeddable":true,"href":"https:\/\/minervashop.eu\/en\/wp-json\/wp\/v2\/product_cat?post=152644"},{"taxonomy":"product_tag","embeddable":true,"href":"https:\/\/minervashop.eu\/en\/wp-json\/wp\/v2\/product_tag?post=152644"}],"curies":[{"name":"wp","href":"https:\/\/api.w.org\/{rel}","templated":true}]}}