{"id":152796,"date":"2025-09-20T08:03:21","date_gmt":"2025-09-20T08:03:21","guid":{"rendered":"https:\/\/minervashop.eu\/?post_type=product&#038;p=152796"},"modified":"2025-11-01T10:50:18","modified_gmt":"2025-11-01T10:50:18","slug":"oliiviroheline-veluursametist-piklik-kott","status":"publish","type":"product","link":"https:\/\/minervashop.eu\/en\/toode\/oliiviroheline-veluursametist-piklik-kott\/","title":{"rendered":"Oliiviroheline veluursametist piklik kott"},"content":{"rendered":"<div class=\"term-description\">\n<p><strong>Ankur on turvalisuse, lootuse ja stabiilsuse s\u00fcmbol. Minevikus oli\u00a0 ankur ainult meremeeste ja merejumalannade m\u00e4rgiks, mis\u00a0 m\u00e4rkis tooma lootust, vaprust ning kaitset laevale tormide eest.\u00a0 See pidi tooma\u00a0 edukat sihtkohta j\u00f5udmist ning turvalist tagasip\u00f6\u00f6rdumist kodusadamasse (v\u00e4ljaheidetud ankur oli rampv\u00e4sinud meremeestele kergendus ning seostus Jumala soosinguna ellu j\u00e4\u00e4da).\u00a0 Ankur on tugev uskumus hooleks ja Jumala soosinguks. Hiljem lisati\u00a0 horisontaalne tugi, mis oli kristlik s\u00fcmbol. See t\u00e4hendab tugevat truudust, iseloomu ja printsiipe.\u00a0 Kasutatakse oma tee ja koha leidmiseks elus.<\/strong><\/p>\n<p align=\"justify\"><strong>Silm s\u00fcmboliseerib p\u00e4ikest, Jumala k\u00f5iken\u00e4gemist, igavest valvsust ja ka kurjuse j\u00f5udu. Silm on hinge aken ja keha valgus. Silmad t\u00e4histavad tarkust ja k\u00f5iketeadmist. Silma meenutavad amuletid kaitsevad kurja silma eest v\u00f5i juhivad k\u00f5rvale pahasoovliku pilgu.<\/strong><\/p>\n<div id=\"row-1152547318\" class=\"row\">\n<div id=\"col-1792787063\" class=\"col small-12 large-12\">\n<div class=\"col-inner\">\n<div class=\"woocommerce-tabs wc-tabs-wrapper container tabbed-content\">\n<div class=\"tab-panels\">\n<div id=\"tab-description\" class=\"woocommerce-Tabs-panel woocommerce-Tabs-panel--description panel entry-content active\" role=\"tabpanel\" aria-labelledby=\"tab-title-description\">\n<p align=\"justify\"><strong>Elu puu e. Ilmapuu\u2013 k\u00f5ikehaarav \u00fchtekuuluvus. M\u00fcstiline ja maagiline puu, mis on tuntud h\u00e4sti l\u00e4bi mitmete kultuuride kuni iidsete aegadeni tagasi. Erinevad rassid ja religioonid kutsuvad teda erinevate nimedega, iga\u00fchel oma puu omas m\u00fctoloogias. K\u00f5igil neil on sarnane t\u00e4hendus elu allikana. See omab k\u00f5iki puu enda omadusi ja t\u00e4hendusi. K\u00f5ik puu osad on esindatud s\u00fcmboolselt: juur s\u00fcgaval maa sees, t\u00fcvi loob baasi, oksad sirutumas v\u00e4lja, lehed kogumas j\u00f5udu ja vili annab tulemuse. Elupuu esindab k\u00f5iki inimkonna ja universumi aspekte. Puud esindavad v\u00e4\u00e4rtusi, mille poole inimesed p\u00fc\u00fcdlevad: ilu, \u00fcllust, j\u00f5udu ja vastupidavust. Inimesed on Ilmapuu killud. Ilmapuu peab alluma aja ja surelikkuse ikkele, kuid varjab inimesi ja jumalaid oma kaitsva v\u00f5raga. Kuigi puud ei saa liikuda, teevad nende tugevus, sirgus, aastaaegade vaheldumises osalemine, pikaealisus ja l\u00f5puks surm haiguse, tule v\u00f5i raiduri kirve l\u00e4bi neist v\u00f5imsa inimelu metafoori. Elupuu esindab k\u00f5iki 4 elementi, maa, \u00f5hk, tuli, vesi. K\u00f5ikide nende \u00fchendusena on loodud eluandev elupuu v\u00e4gi.\u00a0Elupuu mitmetes erinevates religioonides ja spirituaalsetes traditsioonides on v\u00f5imas s\u00fcmbol, mis on eksisteerinud sajandeid erinevates maailma traditsioonides.\u00a0Elupuu iidses Iraanis\u00a0on seotud elu, tervendamise ja igavikuga. Ta esineb taimede kaitsjana, puude ja surematuse jumalannana.\u00a0<span lang=\"en-GB\">Elupuu budismis<\/span><span lang=\"en-GB\">\u00a0\u2013 vastavalt budismi traditsioonile on Bodhi puu, v\u00f5i Bo puu<\/span>\u00a0(<em>Ficus religiosa<\/em>),\u00a0mille all prints\u00a0Siddharta\u00a0istus, kui ta valgustatuks sai\u00a0ca\u00a02.500\u00a0aastat tagasi\u00a0Bodh Gayas, Indias,\u00a0ja seega sai ta\u00a0Buddhaks\u00a0(\u00c4rganuks).\u00a0Elupuu Hiinas\u00a0\u2013 elupuu graveeringuna sageli kujutab f\u00f6\u00f6niksit ja draakonit, kus draakon esindab surematust. Tao ajalugu r\u00e4\u00e4gib puust, kes kasvatab surematuse vilju iga\u00a03000 aasta tagant ja iga\u00fcks, kes seda vilja s\u00f6\u00f6b, saab surematuse.\u00a0Elupuu Euroopas\u00a0\u2013 kuulus kirjanik ja alkeemik 18ndal sajandil,\u00a0Antoine-Joseph Pernety,\u00a0seostas elupuu Elueliksiiriga ja Filosoofi kiviga.l\u00a0Elupuu Saksamaa paganismis ja Norra m\u00fctolooogias \u2013\u00a0Saksamaa paganismis m\u00e4ngivad puud t\u00e4htsat rolli, ilmudes erinevates aspektides s\u00e4ilinud tekstides ja isegi jumalate nimedes. Elupuu Norra religioonis ilmneb Ygdrasilina, maailmapuuna, mis ulatub 9sse maailma, hoides kolme maagilist elu l\u00e4tet. \u2013 tarkuse ja teadmiste allikat, minevikku ja kosmost, maailmaruumi.\u00a0Elupuu Islamis\u00a0m\u00e4ngib samuti t\u00e4htsat rolli.\u00a0Selle puu all\u00a0Maria \u2013 Allahi j\u00e4rgi\u00a0\u2013\u00a0s\u00fcnnitas\u00a0Jeesuse.\u00a0Oliivipuu kohta kirjutatakse: \u201cTa n\u00e4itas puhast j\u00f5ge eluveega, puhast, nagu kristall, mis algab Jumala troonist.\u00a0Tee keskel ja j\u00f5est teisel pool kasvab elu puu, mis annab 12 korvi vilju iga kuu. Ja selle puu lehed ravivad inimesi.\u201c\u00a0Keskameerika elupuu\u00a0\u2013 Maiade kultuuris keskne maailma puu on\u00a0ceiba\u00a0puu.\u00a0See esindab axis mundi-t,\u00a0stabiilset maailma keset.\u00a0*Judaismi elupuu*\u00a0\u2013\u00a0seda minitakse\u00a0Genesis-e raamatus. K\u00f5ige tuntum puu Eedeni aias on tuntud kui hea ja kurja tundmise puu, millelt\u00a0Aadam\u00a0ja\u00a0Eva s\u00f5id vilja ja seet\u00f5ttu visati v\u00e4lja paradiisist. Judaismis peetakse seda nii elupuuks kui ka hingepuuks. See puu toodab hingi ja seet\u00f5ttu ka elu ise.\u00a0Elupuu p\u00f5lisameeriklastele \u2013\u00a0elupuu motiivi on palju kujundatud nende traditsioonides,\u00a0v\u00e4ljendudes\u00a0Ojibway\u00a0seosena.\u00a0Elupuu esindab k\u00f5ike elavat sellel planeedil ja universumis. See on elur\u00fctm, p\u00e4ev p\u00e4eva j\u00e4rel, aasta aasta j\u00e4rel, elu elu j\u00e4rel. P\u00f5lisameeriklased on k\u00f5rgelt hinnanud k\u00f5ike elavat ja nad on meistrid tasakaalu hoidmisel nende vajadustel ja sellel, mida loodus toodab.\u00a0<\/strong><strong>vaata lisaks\u00a0<a href=\"https:\/\/rnojomku.sendsmaily.net\/templates\/fa8c9798-4982-4a6f-92ae-1bb24ff3661e\/html\/\">siit<\/a><\/strong><\/p>\n<div class=\"add-to-cart-container form-normal is-normal\"><\/div>\n<\/div>\n<\/div>\n<\/div>\n<\/div>\n<\/div>\n<\/div>\n<div id=\"row-758150284\" class=\"row\">\n<div id=\"col-709537748\" class=\"col small-12 large-12\">\n<div class=\"col-inner\"><\/div>\n<\/div>\n<\/div>\n<\/div>\n","protected":false},"excerpt":{"rendered":"<p>pehme, tugev veluursamet, pol\u00fcester pael, nahkn\u00f6\u00f6r metallneetidega, siid tutt, puidust ja metallist n\u00f6\u00f6p<\/p>\n<p>suletuna 12,5 x 38, 5 cm<\/p>\n<p>v\u00f5imalik keerata rulli v\u00e4iksemate esemete jaoks. Kaks kinnitusn\u00f6\u00f6pi. Sobib maagiliste esemete, nagu saua ja ateemi hoidmiseks.<\/p>\n<p>Maagilised s\u00fcmbolid silm, kroon, ankur ja elupuu.<\/p>\n","protected":false},"featured_media":152842,"template":"","meta":[],"product_brand":[],"product_cat":[722,266,639,238,155,649],"product_tag":[],"class_list":{"0":"post-152796","1":"product","2":"type-product","3":"status-publish","4":"has-post-thumbnail","6":"product_cat-ankur","7":"product_cat-banbha","8":"product_cat-elupuu-e-ilmapuu","9":"product_cat-maagia-tooriistad","10":"product_cat-kangast-kotid","11":"product_cat-silm","12":"product_shipping_class-xs","14":"first","15":"instock","16":"taxable","17":"shipping-taxable","18":"purchasable","19":"product-type-variable"},"_links":{"self":[{"href":"https:\/\/minervashop.eu\/en\/wp-json\/wp\/v2\/product\/152796","targetHints":{"allow":["GET"]}}],"collection":[{"href":"https:\/\/minervashop.eu\/en\/wp-json\/wp\/v2\/product"}],"about":[{"href":"https:\/\/minervashop.eu\/en\/wp-json\/wp\/v2\/types\/product"}],"wp:featuredmedia":[{"embeddable":true,"href":"https:\/\/minervashop.eu\/en\/wp-json\/wp\/v2\/media\/152842"}],"wp:attachment":[{"href":"https:\/\/minervashop.eu\/en\/wp-json\/wp\/v2\/media?parent=152796"}],"wp:term":[{"taxonomy":"product_brand","embeddable":true,"href":"https:\/\/minervashop.eu\/en\/wp-json\/wp\/v2\/product_brand?post=152796"},{"taxonomy":"product_cat","embeddable":true,"href":"https:\/\/minervashop.eu\/en\/wp-json\/wp\/v2\/product_cat?post=152796"},{"taxonomy":"product_tag","embeddable":true,"href":"https:\/\/minervashop.eu\/en\/wp-json\/wp\/v2\/product_tag?post=152796"}],"curies":[{"name":"wp","href":"https:\/\/api.w.org\/{rel}","templated":true}]}}