{"id":152846,"date":"2025-09-22T08:28:35","date_gmt":"2025-09-22T08:28:35","guid":{"rendered":"https:\/\/minervashop.eu\/?post_type=product&#038;p=152846"},"modified":"2025-11-01T10:54:29","modified_gmt":"2025-11-01T10:54:29","slug":"thori-vasaraga-kangast-kotike","status":"publish","type":"product","link":"https:\/\/minervashop.eu\/en\/toode\/thori-vasaraga-kangast-kotike\/","title":{"rendered":"Thori vasaraga kangast kotike"},"content":{"rendered":"","protected":false},"excerpt":{"rendered":"<p>kangas, pol\u00fcester pael mustriga, n\u00f6\u00f6p<\/p>\n<p>tr\u00fckitud pilt<\/p>\n<p>suletuna 14,5 x 12,5 cm<\/p>\n<p><strong>Thor oma haamer Mj\u00f6llniriga, vastavalt Germaani ja Skandinaavia uskumusele, ratsutab taevas kaarikuga, mida veavad 2 kitse. Tema kuulus haamer Mj\u00f6llnir tabas alati sihtm\u00e4rki.<\/strong><\/p>\n<p><strong>vaata lisaks\u00a0<a href=\"https:\/\/minervashop.eu\/uudised\/keldi-maagilised-ehted\/\">siit<\/a><\/strong><\/p>\n","protected":false},"featured_media":152857,"template":"","meta":[],"product_brand":[],"product_cat":[22,266,155,644],"product_tag":[],"class_list":{"0":"post-152846","1":"product","2":"type-product","3":"status-publish","4":"has-post-thumbnail","6":"product_cat-keldi-amuletid","7":"product_cat-banbha","8":"product_cat-kangast-kotid","9":"product_cat-thori-vasar","10":"product_shipping_class-xs","12":"first","13":"instock","14":"taxable","15":"shipping-taxable","16":"purchasable","17":"product-type-simple"},"_links":{"self":[{"href":"https:\/\/minervashop.eu\/en\/wp-json\/wp\/v2\/product\/152846","targetHints":{"allow":["GET"]}}],"collection":[{"href":"https:\/\/minervashop.eu\/en\/wp-json\/wp\/v2\/product"}],"about":[{"href":"https:\/\/minervashop.eu\/en\/wp-json\/wp\/v2\/types\/product"}],"wp:featuredmedia":[{"embeddable":true,"href":"https:\/\/minervashop.eu\/en\/wp-json\/wp\/v2\/media\/152857"}],"wp:attachment":[{"href":"https:\/\/minervashop.eu\/en\/wp-json\/wp\/v2\/media?parent=152846"}],"wp:term":[{"taxonomy":"product_brand","embeddable":true,"href":"https:\/\/minervashop.eu\/en\/wp-json\/wp\/v2\/product_brand?post=152846"},{"taxonomy":"product_cat","embeddable":true,"href":"https:\/\/minervashop.eu\/en\/wp-json\/wp\/v2\/product_cat?post=152846"},{"taxonomy":"product_tag","embeddable":true,"href":"https:\/\/minervashop.eu\/en\/wp-json\/wp\/v2\/product_tag?post=152846"}],"curies":[{"name":"wp","href":"https:\/\/api.w.org\/{rel}","templated":true}]}}