{"id":152864,"date":"2025-09-22T08:39:42","date_gmt":"2025-09-22T08:39:42","guid":{"rendered":"https:\/\/minervashop.eu\/?post_type=product&#038;p=152864"},"modified":"2025-11-01T10:53:48","modified_gmt":"2025-11-01T10:53:48","slug":"kuldsete-parlikettidega-piklik-sinepikollane-samet-kott","status":"publish","type":"product","link":"https:\/\/minervashop.eu\/en\/toode\/kuldsete-parlikettidega-piklik-sinepikollane-samet-kott\/","title":{"rendered":"Kuldsete p\u00e4rlikettidega piklik sinepikollane samet kott"},"content":{"rendered":"","protected":false},"excerpt":{"rendered":"<p>kangas, pol\u00fcester pael, n\u00f6\u00f6p, plastik p\u00e4rlikett n\u00f6\u00f6ril<\/p>\n<p>kott suletav n\u00f6\u00f6bi ja ketiga<\/p>\n<p>s\u00e4rav sinepikollane v\u00e4rv<\/p>\n<p>k\u00e4sit\u00f6\u00f6na valminud kott, \u00fcks eksemplar!<\/p>\n<p>suletuna 31 x 13 cm<\/p>\n","protected":false},"featured_media":152875,"template":"","meta":[],"product_brand":[],"product_cat":[265,155],"product_tag":[],"class_list":{"0":"post-152864","1":"product","2":"type-product","3":"status-publish","4":"has-post-thumbnail","6":"product_cat-ker","7":"product_cat-kangast-kotid","8":"product_shipping_class-xs","10":"first","11":"instock","12":"taxable","13":"shipping-taxable","14":"purchasable","15":"product-type-simple"},"_links":{"self":[{"href":"https:\/\/minervashop.eu\/en\/wp-json\/wp\/v2\/product\/152864","targetHints":{"allow":["GET"]}}],"collection":[{"href":"https:\/\/minervashop.eu\/en\/wp-json\/wp\/v2\/product"}],"about":[{"href":"https:\/\/minervashop.eu\/en\/wp-json\/wp\/v2\/types\/product"}],"wp:featuredmedia":[{"embeddable":true,"href":"https:\/\/minervashop.eu\/en\/wp-json\/wp\/v2\/media\/152875"}],"wp:attachment":[{"href":"https:\/\/minervashop.eu\/en\/wp-json\/wp\/v2\/media?parent=152864"}],"wp:term":[{"taxonomy":"product_brand","embeddable":true,"href":"https:\/\/minervashop.eu\/en\/wp-json\/wp\/v2\/product_brand?post=152864"},{"taxonomy":"product_cat","embeddable":true,"href":"https:\/\/minervashop.eu\/en\/wp-json\/wp\/v2\/product_cat?post=152864"},{"taxonomy":"product_tag","embeddable":true,"href":"https:\/\/minervashop.eu\/en\/wp-json\/wp\/v2\/product_tag?post=152864"}],"curies":[{"name":"wp","href":"https:\/\/api.w.org\/{rel}","templated":true}]}}