{"id":152886,"date":"2025-09-22T09:07:59","date_gmt":"2025-09-22T09:07:59","guid":{"rendered":"https:\/\/minervashop.eu\/?post_type=product&#038;p=152886"},"modified":"2025-11-01T11:50:41","modified_gmt":"2025-11-01T11:50:41","slug":"roosidega-oliiviroheline-piklik-kott","status":"publish","type":"product","link":"https:\/\/minervashop.eu\/en\/toode\/roosidega-oliiviroheline-piklik-kott\/","title":{"rendered":"Roosidega oliiviroheline piklik kott"},"content":{"rendered":"","protected":false},"excerpt":{"rendered":"<p>sametine mustriga kangas, puidust n\u00f6\u00f6p, plastik p\u00e4rlikett n\u00f6\u00f6ril, organza roosid, pael<\/p>\n<p>k\u00e4sit\u00f6\u00f6na valminud kott, \u00fcks eksemplar!<\/p>\n<p>suletuna 13 x 26 cm<\/p>\n","protected":false},"featured_media":152895,"template":"","meta":[],"product_brand":[],"product_cat":[266,265,155],"product_tag":[],"class_list":{"0":"post-152886","1":"product","2":"type-product","3":"status-publish","4":"has-post-thumbnail","6":"product_cat-banbha","7":"product_cat-ker","8":"product_cat-kangast-kotid","9":"product_shipping_class-xs","11":"first","12":"instock","13":"taxable","14":"shipping-taxable","15":"purchasable","16":"product-type-simple"},"_links":{"self":[{"href":"https:\/\/minervashop.eu\/en\/wp-json\/wp\/v2\/product\/152886","targetHints":{"allow":["GET"]}}],"collection":[{"href":"https:\/\/minervashop.eu\/en\/wp-json\/wp\/v2\/product"}],"about":[{"href":"https:\/\/minervashop.eu\/en\/wp-json\/wp\/v2\/types\/product"}],"wp:featuredmedia":[{"embeddable":true,"href":"https:\/\/minervashop.eu\/en\/wp-json\/wp\/v2\/media\/152895"}],"wp:attachment":[{"href":"https:\/\/minervashop.eu\/en\/wp-json\/wp\/v2\/media?parent=152886"}],"wp:term":[{"taxonomy":"product_brand","embeddable":true,"href":"https:\/\/minervashop.eu\/en\/wp-json\/wp\/v2\/product_brand?post=152886"},{"taxonomy":"product_cat","embeddable":true,"href":"https:\/\/minervashop.eu\/en\/wp-json\/wp\/v2\/product_cat?post=152886"},{"taxonomy":"product_tag","embeddable":true,"href":"https:\/\/minervashop.eu\/en\/wp-json\/wp\/v2\/product_tag?post=152886"}],"curies":[{"name":"wp","href":"https:\/\/api.w.org\/{rel}","templated":true}]}}