{"id":152898,"date":"2025-09-22T09:17:20","date_gmt":"2025-09-22T09:17:20","guid":{"rendered":"https:\/\/minervashop.eu\/?post_type=product&#038;p=152898"},"modified":"2025-11-01T11:50:16","modified_gmt":"2025-11-01T11:50:16","slug":"tumedate-rooside-ja-kuldsete-parlikettidega-oliiviroheline-kott","status":"publish","type":"product","link":"https:\/\/minervashop.eu\/en\/toode\/tumedate-rooside-ja-kuldsete-parlikettidega-oliiviroheline-kott\/","title":{"rendered":"Tumedate rooside ja kuldsete p\u00e4rlikettidega oliiviroheline kott"},"content":{"rendered":"","protected":false},"excerpt":{"rendered":"<div class=\"product-short-description\">\n<p>sametine mustriga kangas, puidust n\u00f6\u00f6p, plastik p\u00e4rlikett n\u00f6\u00f6ril, organza roosid<\/p>\n<p>k\u00e4sit\u00f6\u00f6na valminud kott, \u00fcks eksemplar!<\/p>\n<p>suletuna 29 x 19 cm<\/p>\n<\/div>\n<div class=\"add-to-cart-container form-normal is-normal\"><\/div>\n","protected":false},"featured_media":152907,"template":"","meta":[],"product_brand":[],"product_cat":[266,155],"product_tag":[],"class_list":{"0":"post-152898","1":"product","2":"type-product","3":"status-publish","4":"has-post-thumbnail","6":"product_cat-banbha","7":"product_cat-kangast-kotid","8":"product_shipping_class-xs","10":"first","11":"instock","12":"taxable","13":"shipping-taxable","14":"purchasable","15":"product-type-simple"},"_links":{"self":[{"href":"https:\/\/minervashop.eu\/en\/wp-json\/wp\/v2\/product\/152898","targetHints":{"allow":["GET"]}}],"collection":[{"href":"https:\/\/minervashop.eu\/en\/wp-json\/wp\/v2\/product"}],"about":[{"href":"https:\/\/minervashop.eu\/en\/wp-json\/wp\/v2\/types\/product"}],"wp:featuredmedia":[{"embeddable":true,"href":"https:\/\/minervashop.eu\/en\/wp-json\/wp\/v2\/media\/152907"}],"wp:attachment":[{"href":"https:\/\/minervashop.eu\/en\/wp-json\/wp\/v2\/media?parent=152898"}],"wp:term":[{"taxonomy":"product_brand","embeddable":true,"href":"https:\/\/minervashop.eu\/en\/wp-json\/wp\/v2\/product_brand?post=152898"},{"taxonomy":"product_cat","embeddable":true,"href":"https:\/\/minervashop.eu\/en\/wp-json\/wp\/v2\/product_cat?post=152898"},{"taxonomy":"product_tag","embeddable":true,"href":"https:\/\/minervashop.eu\/en\/wp-json\/wp\/v2\/product_tag?post=152898"}],"curies":[{"name":"wp","href":"https:\/\/api.w.org\/{rel}","templated":true}]}}