{"id":152910,"date":"2025-09-22T10:00:56","date_gmt":"2025-09-22T10:00:56","guid":{"rendered":"https:\/\/minervashop.eu\/?post_type=product&#038;p=152910"},"modified":"2025-11-01T11:38:12","modified_gmt":"2025-11-01T11:38:12","slug":"sinepikollane-sametist-lumehelvestega-kott","status":"publish","type":"product","link":"https:\/\/minervashop.eu\/en\/toode\/sinepikollane-sametist-lumehelvestega-kott\/","title":{"rendered":"Sinepikollane sametist lumehelvestega kott"},"content":{"rendered":"","protected":false},"excerpt":{"rendered":"<p>samet kangas,\u00a0 n\u00f6\u00f6p, organza pael, kristallid, kunst p\u00e4rlid<\/p>\n<p>k\u00e4sit\u00f6\u00f6na valminud kott, \u00fcks eksemplar!<\/p>\n<p>suletuna 19,5\u00a0 x 19,5 cm<\/p>\n","protected":false},"featured_media":152929,"template":"","meta":[],"product_brand":[],"product_cat":[155],"product_tag":[],"class_list":{"0":"post-152910","1":"product","2":"type-product","3":"status-publish","4":"has-post-thumbnail","6":"product_cat-kangast-kotid","7":"product_shipping_class-xs","9":"first","10":"instock","11":"taxable","12":"shipping-taxable","13":"purchasable","14":"product-type-simple"},"_links":{"self":[{"href":"https:\/\/minervashop.eu\/en\/wp-json\/wp\/v2\/product\/152910","targetHints":{"allow":["GET"]}}],"collection":[{"href":"https:\/\/minervashop.eu\/en\/wp-json\/wp\/v2\/product"}],"about":[{"href":"https:\/\/minervashop.eu\/en\/wp-json\/wp\/v2\/types\/product"}],"wp:featuredmedia":[{"embeddable":true,"href":"https:\/\/minervashop.eu\/en\/wp-json\/wp\/v2\/media\/152929"}],"wp:attachment":[{"href":"https:\/\/minervashop.eu\/en\/wp-json\/wp\/v2\/media?parent=152910"}],"wp:term":[{"taxonomy":"product_brand","embeddable":true,"href":"https:\/\/minervashop.eu\/en\/wp-json\/wp\/v2\/product_brand?post=152910"},{"taxonomy":"product_cat","embeddable":true,"href":"https:\/\/minervashop.eu\/en\/wp-json\/wp\/v2\/product_cat?post=152910"},{"taxonomy":"product_tag","embeddable":true,"href":"https:\/\/minervashop.eu\/en\/wp-json\/wp\/v2\/product_tag?post=152910"}],"curies":[{"name":"wp","href":"https:\/\/api.w.org\/{rel}","templated":true}]}}