{"id":153005,"date":"2025-09-24T11:36:55","date_gmt":"2025-09-24T11:36:55","guid":{"rendered":"https:\/\/minervashop.eu\/?post_type=product&#038;p=153005"},"modified":"2025-11-04T13:20:42","modified_gmt":"2025-11-04T13:20:42","slug":"konelevad-lauad","status":"publish","type":"product","link":"https:\/\/minervashop.eu\/en\/toode\/konelevad-lauad\/","title":{"rendered":"K\u00d5NELEVAD LAUAD"},"content":{"rendered":"<div class=\"styles_descriptionRow__1W0Nq\">\n<div class=\"styles_descriptionContainer__0eD8W dangerHtml\">Teresa Lally tegeleb n\u00f5elravi ja tervendamisega Plymouthis Massachusettsis. Ta on aastaid t\u00e4iendanud oma teadmisi metaf\u00fc\u00fcsika alal ning on \u00fchingu Reaching Beyond with Love &amp; Light asutajaliige. See r\u00fchmitus uurib vaimude maailma ning puhastab kodusid vaimudest, kasutades seejuures n\u00e4iteks nn. k\u00f5nelevaid laudasid. Raamat r\u00e4\u00e4gibki k\u00f5igest, mida selles valdkonnas tegutsemiseks teadma peaks.<\/div>\n<\/div>\n","protected":false},"excerpt":{"rendered":"<ul>\n<li class=\"styles_detailsItem__7EWGU\"><span class=\"styles_greyText__YH_WO\">Lehek\u00fclgede arv\u00a0 <\/span>196 lehek\u00fclge<\/li>\n<li class=\"styles_detailsItem__7EWGU\"><span class=\"styles_definition__R5cl8\">Suurus<\/span><span class=\"styles_definition__R5cl8\">136 x 197 x 15 mm<\/span><\/li>\n<li class=\"styles_detailsItem__7EWGU\"><span class=\"styles_greyText__YH_WO\">Vorm <\/span>Pehmekaaneline<\/li>\n<li class=\"styles_detailsItem__7EWGU\"><span class=\"styles_greyText__YH_WO\">Ilmumisaasta <\/span>2013<\/li>\n<li class=\"styles_detailsItem__7EWGU\"><span class=\"styles_greyText__YH_WO\">Keel <\/span>eestikeelne<\/li>\n<\/ul>\n<div class=\"styles_descriptionRow__1W0Nq\">\n<div class=\"styles_descriptionContainer__0eD8W dangerHtml\">Vaimude maailmaga suhtlemisega seonduv tuuakse lugejani lummavate lugudena autori enda lauaseanssidel saadud kogemustest. Raamat t\u00e4iendab h\u00e4sti nii taldrikukeerutamise kui ka kaartidega ennustamise huviliste raamaturiiulit.<\/div>\n<\/div>\n<div><\/div>\n","protected":false},"featured_media":153006,"template":"","meta":[],"product_brand":[],"product_cat":[381],"product_tag":[],"class_list":{"0":"post-153005","1":"product","2":"type-product","3":"status-publish","4":"has-post-thumbnail","6":"product_cat-ennustamise-ja-maagia-raamatud","7":"product_shipping_class-xs","9":"first","10":"instock","11":"taxable","12":"shipping-taxable","13":"purchasable","14":"product-type-simple"},"_links":{"self":[{"href":"https:\/\/minervashop.eu\/en\/wp-json\/wp\/v2\/product\/153005","targetHints":{"allow":["GET"]}}],"collection":[{"href":"https:\/\/minervashop.eu\/en\/wp-json\/wp\/v2\/product"}],"about":[{"href":"https:\/\/minervashop.eu\/en\/wp-json\/wp\/v2\/types\/product"}],"wp:featuredmedia":[{"embeddable":true,"href":"https:\/\/minervashop.eu\/en\/wp-json\/wp\/v2\/media\/153006"}],"wp:attachment":[{"href":"https:\/\/minervashop.eu\/en\/wp-json\/wp\/v2\/media?parent=153005"}],"wp:term":[{"taxonomy":"product_brand","embeddable":true,"href":"https:\/\/minervashop.eu\/en\/wp-json\/wp\/v2\/product_brand?post=153005"},{"taxonomy":"product_cat","embeddable":true,"href":"https:\/\/minervashop.eu\/en\/wp-json\/wp\/v2\/product_cat?post=153005"},{"taxonomy":"product_tag","embeddable":true,"href":"https:\/\/minervashop.eu\/en\/wp-json\/wp\/v2\/product_tag?post=153005"}],"curies":[{"name":"wp","href":"https:\/\/api.w.org\/{rel}","templated":true}]}}