{"id":153009,"date":"2025-09-24T11:54:50","date_gmt":"2025-09-24T11:54:50","guid":{"rendered":"https:\/\/minervashop.eu\/?post_type=product&#038;p=153009"},"modified":"2025-11-04T13:20:09","modified_gmt":"2025-11-04T13:20:09","slug":"ennustamise-sonaraamat-teejuht-algajale-ennustajale","status":"publish","type":"product","link":"https:\/\/minervashop.eu\/en\/toode\/ennustamise-sonaraamat-teejuht-algajale-ennustajale\/","title":{"rendered":"ENNUSTAMISE S\u00d5NARAAMAT. TEEJUHT ALGAJALE ENNUSTAJALE"},"content":{"rendered":"<p>Raamat sisaldab enam kui 40 ennustusmeetodit, nii \u00fcldtuntud kui ka ebatavalisi: kaasa arvatud astroloogiat, hiromantiat, taro, kefalomantiat (koljuga ennustamine) ja tasseograafiat (teelehtedelt ennustamine).<\/p>\n<ul>\n<li class=\"styles_detailsItem__7EWGU\"><span class=\"styles_greyText__YH_WO\">Lehek\u00fclgede arv<\/span>\u00a0 \u00a0128 lehek\u00fclge<\/li>\n<li class=\"styles_detailsItem__7EWGU\"><span class=\"styles_definition__R5cl8\">Suurus\u00a0 \u00a0<\/span><span class=\"styles_definition__R5cl8\">177 x 236 x 12 mm<\/span><\/li>\n<li class=\"styles_detailsItem__7EWGU\"><span class=\"styles_greyText__YH_WO\">Vorm\u00a0 \u00a0<\/span>K\u00f5vakaaneline<\/li>\n<li class=\"styles_detailsItem__7EWGU\"><span class=\"styles_greyText__YH_WO\">Ilmumisaasta\u00a0 \u00a0<\/span>2021<\/li>\n<li class=\"styles_detailsItem__7EWGU\"><span class=\"styles_greyText__YH_WO\">Keel\u00a0 \u00a0 <\/span>eestikeelne<\/li>\n<\/ul>\n","protected":false},"excerpt":{"rendered":"<p>\u201e<strong>Ennustamise s\u00f5naraama<\/strong>t\u201c tutvustab ennustuskunsti rikast ajalugu ja selgitab l\u00e4hemalt t\u00e4nap\u00e4eva ennustuskunsti p\u00f5hitehnikaid ja p\u00f5hit\u00f5desid. \u00d5pi ennustama nii enda kui ka s\u00f5prade tulevikku, saa teada, kuidas oma eelseisvaid aastaid targalt ja kasulikult planeerida. Ole ise oma saatuse sepp ja \u00f5pi ennustamise kunsti!<\/p>\n","protected":false},"featured_media":153010,"template":"","meta":[],"product_brand":[],"product_cat":[381],"product_tag":[],"class_list":{"0":"post-153009","1":"product","2":"type-product","3":"status-publish","4":"has-post-thumbnail","6":"product_cat-ennustamise-ja-maagia-raamatud","7":"product_shipping_class-xs","9":"first","10":"instock","11":"taxable","12":"shipping-taxable","13":"purchasable","14":"product-type-simple"},"_links":{"self":[{"href":"https:\/\/minervashop.eu\/en\/wp-json\/wp\/v2\/product\/153009","targetHints":{"allow":["GET"]}}],"collection":[{"href":"https:\/\/minervashop.eu\/en\/wp-json\/wp\/v2\/product"}],"about":[{"href":"https:\/\/minervashop.eu\/en\/wp-json\/wp\/v2\/types\/product"}],"wp:featuredmedia":[{"embeddable":true,"href":"https:\/\/minervashop.eu\/en\/wp-json\/wp\/v2\/media\/153010"}],"wp:attachment":[{"href":"https:\/\/minervashop.eu\/en\/wp-json\/wp\/v2\/media?parent=153009"}],"wp:term":[{"taxonomy":"product_brand","embeddable":true,"href":"https:\/\/minervashop.eu\/en\/wp-json\/wp\/v2\/product_brand?post=153009"},{"taxonomy":"product_cat","embeddable":true,"href":"https:\/\/minervashop.eu\/en\/wp-json\/wp\/v2\/product_cat?post=153009"},{"taxonomy":"product_tag","embeddable":true,"href":"https:\/\/minervashop.eu\/en\/wp-json\/wp\/v2\/product_tag?post=153009"}],"curies":[{"name":"wp","href":"https:\/\/api.w.org\/{rel}","templated":true}]}}