{"id":153034,"date":"2025-09-26T09:10:33","date_gmt":"2025-09-26T09:10:33","guid":{"rendered":"https:\/\/minervashop.eu\/?post_type=product&#038;p=153034"},"modified":"2025-11-04T13:19:40","modified_gmt":"2025-11-04T13:19:40","slug":"pruun-oranz-samet-karp-parlite-ja-musta-pitsiga","status":"publish","type":"product","link":"https:\/\/minervashop.eu\/en\/toode\/pruun-oranz-samet-karp-parlite-ja-musta-pitsiga\/","title":{"rendered":"Pruun\/oran\u017e samet karp p\u00e4rlite ja musta pitsiga"},"content":{"rendered":"","protected":false},"excerpt":{"rendered":"<p>pehme samet, p\u00e4rlikett, metall kaunistused, pits, organza. pol\u00fcester pael<\/p>\n<p>K\u00e4sit\u00f6\u00f6na valminud karp. Ainus eksemplar!<\/p>\n<p>25 x 15,5 x 15 cm<\/p>\n","protected":false},"featured_media":153039,"template":"","meta":[],"product_brand":[],"product_cat":[266,451],"product_tag":[],"class_list":{"0":"post-153034","1":"product","2":"type-product","3":"status-publish","4":"has-post-thumbnail","6":"product_cat-banbha","7":"product_cat-kangast-karbid","8":"product_shipping_class-m","10":"first","11":"instock","12":"taxable","13":"shipping-taxable","14":"purchasable","15":"product-type-simple"},"_links":{"self":[{"href":"https:\/\/minervashop.eu\/en\/wp-json\/wp\/v2\/product\/153034","targetHints":{"allow":["GET"]}}],"collection":[{"href":"https:\/\/minervashop.eu\/en\/wp-json\/wp\/v2\/product"}],"about":[{"href":"https:\/\/minervashop.eu\/en\/wp-json\/wp\/v2\/types\/product"}],"wp:featuredmedia":[{"embeddable":true,"href":"https:\/\/minervashop.eu\/en\/wp-json\/wp\/v2\/media\/153039"}],"wp:attachment":[{"href":"https:\/\/minervashop.eu\/en\/wp-json\/wp\/v2\/media?parent=153034"}],"wp:term":[{"taxonomy":"product_brand","embeddable":true,"href":"https:\/\/minervashop.eu\/en\/wp-json\/wp\/v2\/product_brand?post=153034"},{"taxonomy":"product_cat","embeddable":true,"href":"https:\/\/minervashop.eu\/en\/wp-json\/wp\/v2\/product_cat?post=153034"},{"taxonomy":"product_tag","embeddable":true,"href":"https:\/\/minervashop.eu\/en\/wp-json\/wp\/v2\/product_tag?post=153034"}],"curies":[{"name":"wp","href":"https:\/\/api.w.org\/{rel}","templated":true}]}}