{"id":153099,"date":"2025-09-26T12:47:49","date_gmt":"2025-09-26T12:47:49","guid":{"rendered":"https:\/\/minervashop.eu\/?post_type=product&#038;p=153099"},"modified":"2026-04-06T10:51:04","modified_gmt":"2026-04-06T10:51:04","slug":"turkiisi-varvi-kiviga-hobedane-sormus-suurus-22","status":"publish","type":"product","link":"https:\/\/minervashop.eu\/en\/toode\/turkiisi-varvi-kiviga-hobedane-sormus-suurus-22\/","title":{"rendered":"T\u00fcrkiisi v\u00e4rvi kiviga h\u00f5bedane s\u00f5rmus suurus 22"},"content":{"rendered":"","protected":false},"excerpt":{"rendered":"<p>metallisulam<\/p>\n<p>18 mm<\/p>\n","protected":false},"featured_media":153100,"template":"","meta":[],"product_brand":[],"product_cat":[264,159,254],"product_tag":[],"class_list":{"0":"post-153099","1":"product","2":"type-product","3":"status-publish","4":"has-post-thumbnail","6":"product_cat-domnu","7":"product_cat-hobeda-varvi-sormused","8":"product_cat-sinise-kiviga-sormused","9":"product_shipping_class-xs","11":"first","12":"outofstock","13":"taxable","14":"shipping-taxable","15":"purchasable","16":"product-type-simple"},"_links":{"self":[{"href":"https:\/\/minervashop.eu\/en\/wp-json\/wp\/v2\/product\/153099","targetHints":{"allow":["GET"]}}],"collection":[{"href":"https:\/\/minervashop.eu\/en\/wp-json\/wp\/v2\/product"}],"about":[{"href":"https:\/\/minervashop.eu\/en\/wp-json\/wp\/v2\/types\/product"}],"wp:featuredmedia":[{"embeddable":true,"href":"https:\/\/minervashop.eu\/en\/wp-json\/wp\/v2\/media\/153100"}],"wp:attachment":[{"href":"https:\/\/minervashop.eu\/en\/wp-json\/wp\/v2\/media?parent=153099"}],"wp:term":[{"taxonomy":"product_brand","embeddable":true,"href":"https:\/\/minervashop.eu\/en\/wp-json\/wp\/v2\/product_brand?post=153099"},{"taxonomy":"product_cat","embeddable":true,"href":"https:\/\/minervashop.eu\/en\/wp-json\/wp\/v2\/product_cat?post=153099"},{"taxonomy":"product_tag","embeddable":true,"href":"https:\/\/minervashop.eu\/en\/wp-json\/wp\/v2\/product_tag?post=153099"}],"curies":[{"name":"wp","href":"https:\/\/api.w.org\/{rel}","templated":true}]}}