{"id":153168,"date":"2025-09-29T08:29:56","date_gmt":"2025-09-29T08:29:56","guid":{"rendered":"https:\/\/minervashop.eu\/?post_type=product&#038;p=153168"},"modified":"2025-11-04T14:02:43","modified_gmt":"2025-11-04T14:02:43","slug":"hall-ruuzide-ja-sinise-paelaga-kott-pandlaga","status":"publish","type":"product","link":"https:\/\/minervashop.eu\/en\/toode\/hall-ruuzide-ja-sinise-paelaga-kott-pandlaga\/","title":{"rendered":"Hall r\u00fc\u00fc\u017eide ja sinise paelaga kott pandlaga"},"content":{"rendered":"","protected":false},"excerpt":{"rendered":"<p>K\u00e4sit\u00f6\u00f6na valminud kott. \u00dcks eksemplar!<\/p>\n<p>suletuna 16 x 16 cm<\/p>\n<p>kangas, plastik pannal,\u00a0 organza pael, pol\u00fcester pael<\/p>\n<p>Kott sobib erinevate esemete hoidmiseks.<\/p>\n","protected":false},"featured_media":153177,"template":"","meta":[],"product_brand":[],"product_cat":[260,155],"product_tag":[],"class_list":{"0":"post-153168","1":"product","2":"type-product","3":"status-publish","4":"has-post-thumbnail","6":"product_cat-danu","7":"product_cat-kangast-kotid","8":"product_shipping_class-xs","10":"first","11":"instock","12":"taxable","13":"shipping-taxable","14":"purchasable","15":"product-type-simple"},"_links":{"self":[{"href":"https:\/\/minervashop.eu\/en\/wp-json\/wp\/v2\/product\/153168","targetHints":{"allow":["GET"]}}],"collection":[{"href":"https:\/\/minervashop.eu\/en\/wp-json\/wp\/v2\/product"}],"about":[{"href":"https:\/\/minervashop.eu\/en\/wp-json\/wp\/v2\/types\/product"}],"wp:featuredmedia":[{"embeddable":true,"href":"https:\/\/minervashop.eu\/en\/wp-json\/wp\/v2\/media\/153177"}],"wp:attachment":[{"href":"https:\/\/minervashop.eu\/en\/wp-json\/wp\/v2\/media?parent=153168"}],"wp:term":[{"taxonomy":"product_brand","embeddable":true,"href":"https:\/\/minervashop.eu\/en\/wp-json\/wp\/v2\/product_brand?post=153168"},{"taxonomy":"product_cat","embeddable":true,"href":"https:\/\/minervashop.eu\/en\/wp-json\/wp\/v2\/product_cat?post=153168"},{"taxonomy":"product_tag","embeddable":true,"href":"https:\/\/minervashop.eu\/en\/wp-json\/wp\/v2\/product_tag?post=153168"}],"curies":[{"name":"wp","href":"https:\/\/api.w.org\/{rel}","templated":true}]}}