{"id":153190,"date":"2025-09-29T08:48:39","date_gmt":"2025-09-29T08:48:39","guid":{"rendered":"https:\/\/minervashop.eu\/?post_type=product&#038;p=153190"},"modified":"2025-11-05T10:53:43","modified_gmt":"2025-11-05T10:53:43","slug":"teksa-varvi-sametist-ruuzidega-kott","status":"publish","type":"product","link":"https:\/\/minervashop.eu\/en\/toode\/teksa-varvi-sametist-ruuzidega-kott\/","title":{"rendered":"Teksa v\u00e4rvi sametist r\u00fc\u00fc\u017eidega kott"},"content":{"rendered":"","protected":false},"excerpt":{"rendered":"<p>K\u00e4sit\u00f6\u00f6na valminud kordumatu kott. \u00dcks eksemplar!<\/p>\n<p>suletuna 18,5 x 16 cm<\/p>\n<p>pehme samet kangas,\u00a0 organza pael<\/p>\n<p>Kott sobib erinevate esemete hoidmiseks.<\/p>\n","protected":false},"featured_media":153197,"template":"","meta":[],"product_brand":[],"product_cat":[264,155],"product_tag":[],"class_list":{"0":"post-153190","1":"product","2":"type-product","3":"status-publish","4":"has-post-thumbnail","6":"product_cat-domnu","7":"product_cat-kangast-kotid","8":"product_shipping_class-xs","10":"first","11":"instock","12":"taxable","13":"shipping-taxable","14":"purchasable","15":"product-type-simple"},"_links":{"self":[{"href":"https:\/\/minervashop.eu\/en\/wp-json\/wp\/v2\/product\/153190","targetHints":{"allow":["GET"]}}],"collection":[{"href":"https:\/\/minervashop.eu\/en\/wp-json\/wp\/v2\/product"}],"about":[{"href":"https:\/\/minervashop.eu\/en\/wp-json\/wp\/v2\/types\/product"}],"wp:featuredmedia":[{"embeddable":true,"href":"https:\/\/minervashop.eu\/en\/wp-json\/wp\/v2\/media\/153197"}],"wp:attachment":[{"href":"https:\/\/minervashop.eu\/en\/wp-json\/wp\/v2\/media?parent=153190"}],"wp:term":[{"taxonomy":"product_brand","embeddable":true,"href":"https:\/\/minervashop.eu\/en\/wp-json\/wp\/v2\/product_brand?post=153190"},{"taxonomy":"product_cat","embeddable":true,"href":"https:\/\/minervashop.eu\/en\/wp-json\/wp\/v2\/product_cat?post=153190"},{"taxonomy":"product_tag","embeddable":true,"href":"https:\/\/minervashop.eu\/en\/wp-json\/wp\/v2\/product_tag?post=153190"}],"curies":[{"name":"wp","href":"https:\/\/api.w.org\/{rel}","templated":true}]}}