{"id":153206,"date":"2025-09-29T11:02:16","date_gmt":"2025-09-29T11:02:16","guid":{"rendered":"https:\/\/minervashop.eu\/?post_type=product&#038;p=153206"},"modified":"2025-11-04T14:04:19","modified_gmt":"2025-11-04T14:04:19","slug":"hall-kuldse-barokk-mustri-paelaga-kott","status":"publish","type":"product","link":"https:\/\/minervashop.eu\/en\/toode\/hall-kuldse-barokk-mustri-paelaga-kott\/","title":{"rendered":"Hall kuldse barokk mustri paelaga kott"},"content":{"rendered":"","protected":false},"excerpt":{"rendered":"<p>K\u00e4sit\u00f6\u00f6na valminud kott. \u00dcks eksemplar!<\/p>\n<p>suletuna 33 x 22 cm<\/p>\n<p>sametine kangas,\u00a0 pol\u00fcester pael<\/p>\n<p>Kott sobib erinevate esemete hoidmiseks.<\/p>\n","protected":false},"featured_media":153213,"template":"","meta":[],"product_brand":[],"product_cat":[155],"product_tag":[],"class_list":{"0":"post-153206","1":"product","2":"type-product","3":"status-publish","4":"has-post-thumbnail","6":"product_cat-kangast-kotid","7":"product_shipping_class-xs","9":"first","10":"instock","11":"taxable","12":"shipping-taxable","13":"purchasable","14":"product-type-simple"},"_links":{"self":[{"href":"https:\/\/minervashop.eu\/en\/wp-json\/wp\/v2\/product\/153206","targetHints":{"allow":["GET"]}}],"collection":[{"href":"https:\/\/minervashop.eu\/en\/wp-json\/wp\/v2\/product"}],"about":[{"href":"https:\/\/minervashop.eu\/en\/wp-json\/wp\/v2\/types\/product"}],"wp:featuredmedia":[{"embeddable":true,"href":"https:\/\/minervashop.eu\/en\/wp-json\/wp\/v2\/media\/153213"}],"wp:attachment":[{"href":"https:\/\/minervashop.eu\/en\/wp-json\/wp\/v2\/media?parent=153206"}],"wp:term":[{"taxonomy":"product_brand","embeddable":true,"href":"https:\/\/minervashop.eu\/en\/wp-json\/wp\/v2\/product_brand?post=153206"},{"taxonomy":"product_cat","embeddable":true,"href":"https:\/\/minervashop.eu\/en\/wp-json\/wp\/v2\/product_cat?post=153206"},{"taxonomy":"product_tag","embeddable":true,"href":"https:\/\/minervashop.eu\/en\/wp-json\/wp\/v2\/product_tag?post=153206"}],"curies":[{"name":"wp","href":"https:\/\/api.w.org\/{rel}","templated":true}]}}