{"id":153286,"date":"2025-09-30T10:48:29","date_gmt":"2025-09-30T10:48:29","guid":{"rendered":"https:\/\/minervashop.eu\/?post_type=product&#038;p=153286"},"modified":"2026-02-13T15:44:49","modified_gmt":"2026-02-13T15:44:49","slug":"punane-plastist-teibiga-suda-pakis-10-tk","status":"publish","type":"product","link":"https:\/\/minervashop.eu\/en\/toode\/punane-plastist-teibiga-suda-pakis-10-tk\/","title":{"rendered":"Punane plastist teibiga s\u00fcda pakis 10 tk."},"content":{"rendered":"<p>v\u00e4ike 15 mm<\/p>\n<p>suur 20 mm<\/p>\n","protected":false},"excerpt":{"rendered":"<p align=\"center\">Kingituste pakkimine ei pea olema keeruline ja aegan\u00f5udev tegevus<\/p>\n<p align=\"center\">Paki kingitused ise, kasutades lihtsaid vahendeid: pabereid, karpe, paelasid, kaunistusi\u2026 ja mis k\u00f5ige t\u00e4htsam loomingulisust ja fantaasiat! Paku r\u00f5\u00f5mu saajale ja saa andmisr\u00f5\u00f5m endale. P\u00fchendades pisut aega kingisaajale paned kingituse sisse armastuse ja hoole energiat, millest saavad kasu m\u00f5lemad osapooled.<\/p>\n","protected":false},"featured_media":153283,"template":"","meta":[],"product_brand":[],"product_cat":[263,63,59,727],"product_tag":[],"class_list":{"0":"post-153286","1":"product","2":"type-product","3":"status-publish","4":"has-post-thumbnail","6":"product_cat-rhiannon","7":"product_cat-kallimale","8":"product_cat-pakikaunistused","9":"product_cat-sudamed","10":"product_shipping_class-xs","12":"first","13":"instock","14":"taxable","15":"shipping-taxable","16":"purchasable","17":"product-type-variable"},"_links":{"self":[{"href":"https:\/\/minervashop.eu\/en\/wp-json\/wp\/v2\/product\/153286","targetHints":{"allow":["GET"]}}],"collection":[{"href":"https:\/\/minervashop.eu\/en\/wp-json\/wp\/v2\/product"}],"about":[{"href":"https:\/\/minervashop.eu\/en\/wp-json\/wp\/v2\/types\/product"}],"wp:featuredmedia":[{"embeddable":true,"href":"https:\/\/minervashop.eu\/en\/wp-json\/wp\/v2\/media\/153283"}],"wp:attachment":[{"href":"https:\/\/minervashop.eu\/en\/wp-json\/wp\/v2\/media?parent=153286"}],"wp:term":[{"taxonomy":"product_brand","embeddable":true,"href":"https:\/\/minervashop.eu\/en\/wp-json\/wp\/v2\/product_brand?post=153286"},{"taxonomy":"product_cat","embeddable":true,"href":"https:\/\/minervashop.eu\/en\/wp-json\/wp\/v2\/product_cat?post=153286"},{"taxonomy":"product_tag","embeddable":true,"href":"https:\/\/minervashop.eu\/en\/wp-json\/wp\/v2\/product_tag?post=153286"}],"curies":[{"name":"wp","href":"https:\/\/api.w.org\/{rel}","templated":true}]}}